{"id":23939,"date":"2021-02-21T14:52:23","date_gmt":"2021-02-21T14:52:23","guid":{"rendered":"https:\/\/www.autonvaraosahaku.fi\/?product=vaico-v30-4148-iskunvaimennin"},"modified":"2021-02-21T14:52:23","modified_gmt":"2021-02-21T14:52:23","slug":"vaico-v30-4148-iskunvaimennin","status":"publish","type":"product","link":"https:\/\/www.autonvaraosahaku.fi\/?product=vaico-v30-4148-iskunvaimennin","title":{"rendered":"VAICO V30-4148 Iskunvaimennin"},"content":{"rendered":"<p>Asennuspuoli: Taka-akseli, vasen, Taka-akseli, oikea; Iskunvaimennin asennustapa: Tappi ylh\u00e4\u00e4ll\u00e4, Silmukka alhaalla; Iskunvaimennin tyyppi: Kaasupaine; Paino [kg]: 2,39; Pakkausleveys [cm]: 6; Pakkauskorkeus [mm]: 6; Pakkaussyvyys [cm]: 42; lis\u00e4tieto: CST99; VW: CRAFTER 30-35 Bus 2E_; MERCEDES-BENZ: SPRINTER 3,5-t Kasten 906,SPRINTER 3,5-t Bus 906,SPRINTER 3-t Kasten 906,SPRINTER 3,5-t Pritsche\/Fahrgestell 906,SPRINTER 3-t Bus 906,SPRINTER 3-t Pritsche\/Fahrgestell 906; 9063200031, 9063200131, 9063200231, 9063200431, 9063200531, 9063200731, A9063200031, A9063200131, A9063200231, A9063200431, A9063200531, A9063200731, 2E0513029AC, 2E0513029AD, 2E0513029N, 2E0513029P, 2E0513029R, 2E0513029AC, 2E0513029AD, 2E0513029N, 2E0513029P, 2E0513029R, 2E0513029AC, 2E0513029AD, 2E0513029N, 2E0513029P, 2E0513029R, 2E513029, 2E513029B, 2E513029F, 2E513029J, 2E513029L; Iskarit,Iskunvaimennin<\/p>\n","protected":false},"excerpt":{"rendered":"<p>VAICO Iskunvaimentimet V30-4148 Iskarit,Iskunvaimennin VW,MERCEDES-BENZ,CRAFTER 30-35 Bus 2E_,SPRINTER 3,5-t Kasten 906,SPRINTER 3,5-t Bus 906<\/p>\n","protected":false},"featured_media":0,"template":"","meta":{"site-sidebar-layout":"default","site-content-layout":"default","ast-global-header-display":"","ast-main-header-display":"","ast-hfb-above-header-display":"","ast-hfb-below-header-display":"","ast-hfb-mobile-header-display":"","site-post-title":"","ast-breadcrumbs-content":"","ast-featured-img":"","footer-sml-layout":"","theme-transparent-header-meta":"","adv-header-id-meta":"","stick-header-meta":"","header-above-stick-meta":"","header-main-stick-meta":"","header-below-stick-meta":""},"pwb-brand":[330],"product_cat":[80],"product_tag":[],"class_list":{"0":"post-23939","1":"product","2":"type-product","3":"status-publish","5":"pwb-brand-vaico","6":"product_cat-iskunvaimennin","7":"desktop-align-left","8":"tablet-align-left","9":"mobile-align-left","11":"first","12":"instock","13":"product-type-external"},"brands":[{"id":330,"name":"VAICO","slug":"vaico"}],"_links":{"self":[{"href":"https:\/\/www.autonvaraosahaku.fi\/index.php?rest_route=\/wp\/v2\/product\/23939","targetHints":{"allow":["GET"]}}],"collection":[{"href":"https:\/\/www.autonvaraosahaku.fi\/index.php?rest_route=\/wp\/v2\/product"}],"about":[{"href":"https:\/\/www.autonvaraosahaku.fi\/index.php?rest_route=\/wp\/v2\/types\/product"}],"wp:attachment":[{"href":"https:\/\/www.autonvaraosahaku.fi\/index.php?rest_route=%2Fwp%2Fv2%2Fmedia&parent=23939"}],"wp:term":[{"taxonomy":"pwb-brand","embeddable":true,"href":"https:\/\/www.autonvaraosahaku.fi\/index.php?rest_route=%2Fwp%2Fv2%2Fpwb-brand&post=23939"},{"taxonomy":"product_cat","embeddable":true,"href":"https:\/\/www.autonvaraosahaku.fi\/index.php?rest_route=%2Fwp%2Fv2%2Fproduct_cat&post=23939"},{"taxonomy":"product_tag","embeddable":true,"href":"https:\/\/www.autonvaraosahaku.fi\/index.php?rest_route=%2Fwp%2Fv2%2Fproduct_tag&post=23939"}],"curies":[{"name":"wp","href":"https:\/\/api.w.org\/{rel}","templated":true}]}}