{"id":23976,"date":"2021-02-21T14:52:28","date_gmt":"2021-02-21T14:52:28","guid":{"rendered":"https:\/\/www.autonvaraosahaku.fi\/?product=febi-bilstein-08971-muut-luokat"},"modified":"2021-02-21T14:52:30","modified_gmt":"2021-02-21T14:52:30","slug":"febi-bilstein-08971-muut-luokat","status":"publish","type":"product","link":"https:\/\/www.autonvaraosahaku.fi\/?product=febi-bilstein-08971-muut-luokat","title":{"rendered":"FEBI BILSTEIN 08971 Muut luokat"},"content":{"rendered":"<p>V\u00e4ri: Punainen; Tilavuus (litra): 1; Erittely: Suffix A, MAN 339 Z1, MB 236.6, MB 236.2, Ford WSS-M2C186-A, MB 236.7, MB 236.1, MB 236.5, Ford WSS-M2C166-H, MAN 339 V1, Allison C3\/C4, Dexron II D, Ford WSS-M2C185-A, Ford WSS-M2C138-CJ; Paino [kg]: 0,93; Huomioi huolto-ohjeet: , ; VW: TRANSPORTER IV Bus 70XB, 70XC, 7DB, 7DW,GOLF II 19E, 1G1,PASSAT Variant 3A5, 35I,TRANSPORTER IV Kasten 70XA,TRANSPORTER III Bus,TRANSPORTER IV Pritsche\/Fahrgestell 70XD,VENTO 1H2,JETTA II 19E, 1G2, 165,PASSAT Variant 32B,TRANSPORTER III Kasten,TRANSPORTER III Pritsche\/Fahrgestell,PASSAT 32B,PASSAT Stufenheck 32B; AUDI: 100 44, 44Q, C3; MAZDA: MX-5 I NA,626 IV Hatchback GE,323 C IV BG,FAMILIA IV BF,121 III JASM, JBSM,626 IV GE,121 II DB,FAMILIA IV BG,626 III Hatchback GD,626 III Coupe GD,626 III Station Wagon GV; BMW: 3 Touring E91,3 E90,5 E39,5 E60,5 Touring E61,5 Touring E39,3 E36,X5 E53,3 Coupe E92,3 Cabriolet E93,7 E65, E66, E67,7 E32,Z8 E52; CHEVROLET: CAPTIVA C100, C140,MATIZ M200, M250,NUBIRA Kombi,KALOS,AVEO Schr\u00e4gheck T250, T255,EPICA KL1_,LACETTI J200,AVEO Stufenheck T250, T255,REZZO,NUBIRA Stufenheck,SPARK M200 M250,LACETTI Kombi J200; DAEWOO: REZZO KLAU,NUBIRA Stufenheck KLAN,NEXIA KLETN,NEXIA Stufenheck KLETN; IVECO: DAILY IV Kasten\/Kombi,DAILY III Pritsche\/Fahrgestell,DAILY III Kasten\/Kombi,DAILY IV Pritsche\/Fahrgestell,DAILY II Pritsche\/Fahrgestell,DAILY V Kasten\/Kombi,DAILY II Kasten\/Kombi,DAILY IV Bus,DAILY IV Kipper,DAILY II Bus,DAILY II Kipper,EUROCARGO I-III,EUROSTAR,EUROTECH MH,EUROTRAKKER,S-WAY,STRALIS; NISSAN: MICRA II K11,TERRANO II R20,ALMERA I Hatchback N15,200 SX S13,ALMERA I N15,PICK UP D21,100 NX B13,SERENA C23M,200 SX S14,PATROL GR I Y60, GR,PRIMERA P10,SUNNY III N14,PULSAR V Schr\u00e4gheck N14,SUNNY III Liftback N14,PRIMERA Hatchback P10,PRIMERA Traveller W10,SUNNY III Traveller Y10,VANETTE CARGO Kasten HC 23,VANETTE CARGO Bus HC 23,SUNNY Kasten Y10; KIA: SEPHIA Stufenheck FA,SEPHIA FA; HONDA: ACCORD VI CG, CK,CIVIC VI Fastback MA, MB,CRX III EH, EG,CRX II ED, EE,CIVIC V Hatchback EG,ACCORD VI Hatchback CH,ACCORD VI Coupe CG,CIVIC IV Hatchback EC, ED, EE,CIVIC V Coupe EJ,CIVIC V Stufenheck EG, EH,CIVIC IV Stufenheck ED,ACCORD VI Aerodeck CF; 81229400272, 81229407558, M2C138CJ, M2C166H, 0009896503, 0009899203, A0009896503, A0009899203, 01940700, 1940700, 090350342, 90350342, 1161744, 1161744SK; Hydrauli\u00f6ljy,\u00d6ljyt<\/p>\n","protected":false},"excerpt":{"rendered":"<p>FEBI BILSTEIN Hydrauliikka\u00f6ljy 08971 Hydrauli\u00f6ljy,\u00d6ljyt VW,AUDI,MAZDA,TRANSPORTER IV Bus 70XB, 70XC, 7DB, 7DW,GOLF II 19E, 1G1,PASSAT Variant 3A5, 35I<\/p>\n","protected":false},"featured_media":0,"template":"","meta":{"site-sidebar-layout":"default","site-content-layout":"default","ast-global-header-display":"","ast-main-header-display":"","ast-hfb-above-header-display":"","ast-hfb-below-header-display":"","ast-hfb-mobile-header-display":"","site-post-title":"","ast-breadcrumbs-content":"","ast-featured-img":"","footer-sml-layout":"","theme-transparent-header-meta":"","adv-header-id-meta":"","stick-header-meta":"","header-above-stick-meta":"","header-main-stick-meta":"","header-below-stick-meta":""},"pwb-brand":[50],"product_cat":[37],"product_tag":[],"class_list":{"0":"post-23976","1":"product","2":"type-product","3":"status-publish","5":"pwb-brand-febi-bilstein","6":"product_cat-muut-luokat","7":"desktop-align-left","8":"tablet-align-left","9":"mobile-align-left","11":"first","12":"instock","13":"product-type-external"},"brands":[{"id":50,"name":"FEBI BILSTEIN","slug":"febi-bilstein"}],"_links":{"self":[{"href":"https:\/\/www.autonvaraosahaku.fi\/index.php?rest_route=\/wp\/v2\/product\/23976","targetHints":{"allow":["GET"]}}],"collection":[{"href":"https:\/\/www.autonvaraosahaku.fi\/index.php?rest_route=\/wp\/v2\/product"}],"about":[{"href":"https:\/\/www.autonvaraosahaku.fi\/index.php?rest_route=\/wp\/v2\/types\/product"}],"wp:attachment":[{"href":"https:\/\/www.autonvaraosahaku.fi\/index.php?rest_route=%2Fwp%2Fv2%2Fmedia&parent=23976"}],"wp:term":[{"taxonomy":"pwb-brand","embeddable":true,"href":"https:\/\/www.autonvaraosahaku.fi\/index.php?rest_route=%2Fwp%2Fv2%2Fpwb-brand&post=23976"},{"taxonomy":"product_cat","embeddable":true,"href":"https:\/\/www.autonvaraosahaku.fi\/index.php?rest_route=%2Fwp%2Fv2%2Fproduct_cat&post=23976"},{"taxonomy":"product_tag","embeddable":true,"href":"https:\/\/www.autonvaraosahaku.fi\/index.php?rest_route=%2Fwp%2Fv2%2Fproduct_tag&post=23976"}],"curies":[{"name":"wp","href":"https:\/\/api.w.org\/{rel}","templated":true}]}}