{"id":23990,"date":"2021-02-21T14:52:32","date_gmt":"2021-02-21T14:52:32","guid":{"rendered":"https:\/\/www.autonvaraosahaku.fi\/?product=monroe-g7277-iskunvaimennin"},"modified":"2021-02-21T14:52:34","modified_gmt":"2021-02-21T14:52:34","slug":"monroe-g7277-iskunvaimennin","status":"publish","type":"product","link":"https:\/\/www.autonvaraosahaku.fi\/?product=monroe-g7277-iskunvaimennin","title":{"rendered":"MONROE G7277 Iskunvaimennin"},"content":{"rendered":"<p>Iskunvaimennin tyyppi: Kaasupaine; Iskunvaimennin malli: Joustintuki; Iskunvaimennusj\u00e4rjestelm\u00e4: Kaksiputki; Paino [kg]: 3,900; Reik\u00e4-\u00d8 [mm]: 30; suurin pituus [mm]: 488; v\u00e4h. pituus [mm]: 365; Pakkauspituus [cm]: 51,8; Pakkausleveys [cm]: 18,2; Pakkauskorkeus [mm]: 18,3; Tullitariffinumero: 87088035; Tappil\u00e4pimitta [mm]: 20; Asennuspuoli: Vorderachse; RENAULT: CLIO III BR0\/1, CR0\/1,MODUS \/ GRAND MODUS F\/JP0_,CLIO IV,CLIO Grandtour KR0\/1_,CLIO Grandtour IV,CLIO III Kasten SB_, SR_,CLIO IV Kasten; 543020808R, 543022134R, 543022511R, 543026122R, 543026988R, 543028609R, 543028674R, 8200127279, 8200452695, 8200452697, 8200556694, 8200556695, 8200675732, 8200676024, 8200676026; Iskarit,Iskunvaimennin<\/p>\n","protected":false},"excerpt":{"rendered":"<p>MONROE Iskunvaimentimet MONROE ORIGINAL (Gas Technology) G7277 Iskarit,Iskunvaimennin RENAULT,CLIO III BR0\/1, CR0\/1,MODUS \/ GRAND MODUS F\/JP0_,CLIO IV<\/p>\n","protected":false},"featured_media":0,"template":"","meta":{"site-sidebar-layout":"default","site-content-layout":"default","ast-global-header-display":"","ast-main-header-display":"","ast-hfb-above-header-display":"","ast-hfb-below-header-display":"","ast-hfb-mobile-header-display":"","site-post-title":"","ast-breadcrumbs-content":"","ast-featured-img":"","footer-sml-layout":"","theme-transparent-header-meta":"","adv-header-id-meta":"","stick-header-meta":"","header-above-stick-meta":"","header-main-stick-meta":"","header-below-stick-meta":""},"pwb-brand":[79],"product_cat":[80],"product_tag":[],"class_list":{"0":"post-23990","1":"product","2":"type-product","3":"status-publish","5":"pwb-brand-monroe","6":"product_cat-iskunvaimennin","7":"desktop-align-left","8":"tablet-align-left","9":"mobile-align-left","11":"first","12":"instock","13":"product-type-external"},"brands":[{"id":79,"name":"MONROE","slug":"monroe"}],"_links":{"self":[{"href":"https:\/\/www.autonvaraosahaku.fi\/index.php?rest_route=\/wp\/v2\/product\/23990","targetHints":{"allow":["GET"]}}],"collection":[{"href":"https:\/\/www.autonvaraosahaku.fi\/index.php?rest_route=\/wp\/v2\/product"}],"about":[{"href":"https:\/\/www.autonvaraosahaku.fi\/index.php?rest_route=\/wp\/v2\/types\/product"}],"wp:attachment":[{"href":"https:\/\/www.autonvaraosahaku.fi\/index.php?rest_route=%2Fwp%2Fv2%2Fmedia&parent=23990"}],"wp:term":[{"taxonomy":"pwb-brand","embeddable":true,"href":"https:\/\/www.autonvaraosahaku.fi\/index.php?rest_route=%2Fwp%2Fv2%2Fpwb-brand&post=23990"},{"taxonomy":"product_cat","embeddable":true,"href":"https:\/\/www.autonvaraosahaku.fi\/index.php?rest_route=%2Fwp%2Fv2%2Fproduct_cat&post=23990"},{"taxonomy":"product_tag","embeddable":true,"href":"https:\/\/www.autonvaraosahaku.fi\/index.php?rest_route=%2Fwp%2Fv2%2Fproduct_tag&post=23990"}],"curies":[{"name":"wp","href":"https:\/\/api.w.org\/{rel}","templated":true}]}}