{"id":23997,"date":"2021-02-21T14:52:32","date_gmt":"2021-02-21T14:52:32","guid":{"rendered":"https:\/\/www.autonvaraosahaku.fi\/?product=tesla-b10101-lamput-hehkulamppu"},"modified":"2021-02-21T14:52:35","modified_gmt":"2021-02-21T14:52:35","slug":"tesla-b10101-lamput-hehkulamppu","status":"publish","type":"product","link":"https:\/\/www.autonvaraosahaku.fi\/?product=tesla-b10101-lamput-hehkulamppu","title":{"rendered":"TESLA B10101 Lamput (hehkulamppu)"},"content":{"rendered":"<p>J\u00e4nnite (V): 12; Nimellisteho (W): 55; Lamppumalli: H1; Kantamalli: P14,5s; VW: GOLF IV 1J1,POLO 9N_,PASSAT Variant 3B6,GOLF III 1H1,GOLF IV Variant 1J5,SHARAN 7M8, 7M9, 7M6,CADDY III Kombi 2KB, 2KJ, 2CB, 2CJ,PASSAT Variant 3B5,TRANSPORTER V Bus 7HB, 7HJ, 7EB, 7EJ, 7EF,TOUAREG 7LA, 7L6, 7L7,MULTIVAN V 7HM, 7HN, 7HF, 7EF, 7EM, 7EN,CADDY III Kasten 2KA, 2KH, 2CA, 2CH,PASSAT 3B2,GOLF III Cabriolet 1E7,TRANSPORTER V Kasten 7HA, 7HH, 7EA, 7EH,NEW BEETLE 9C1, 1C1,PASSAT 3B3,GOLF III Variant 1H5,NEW BEETLE Cabriolet 1Y7,AMAROK 2H_, S1B,SCIROCCO 53B,LT 28-46 II Kasten 2DA, 2DD, 2DH,CRAFTER 30-35 Bus 2E_,TRANSPORTER V Pritsche\/Fahrgestell 7JD, 7JE, 7JL, 7JY, 7JZ,,PASSAT Variant 32B,LT 28-35 II Bus 2DB, 2DE, 2DK,POLO Stufenheck 9A4,LT 28-46 II Pritsche\/Fahrgestell 2DC, 2DF, 2DG, 2DL, 2DM,TRANSPORTER II Bus,PASSAT 32B,SCIROCCO 53,GOL III,ILTIS 183,GOL II,GOL,PASSAT 32,TRANSPORTER II Kasten,PASSAT Variant 33,GOLF II Van 19E, 1G1,GOLF IV Van 1J1,AMAROK Pritsche\/Fahrgestell S1B,GOLF III Van 1H1; AUDI: A6 Avant 4F5, C6,A3 8L1,A4 8D2, B5,A6 Avant 4B5, C5,A4 Avant 8D5, B5,A6 4F2, C6,A6 4B2, C5,CABRIOLET 8G7, B4,TT 8N3,A8 4E_,A8 4D2, 4D8,A6 Allroad 4FH, C6,A1 8X1, 8XF,TT Roadster 8N9,A6 Avant 4A, C4,A1 Sportback 8XA, 8XK,A6 4A, C4,COUPE 89, 8B,90 89, 89Q, 8A, B3,ALLROAD 4BH, C5,COUPE 81, 85,V8 44_, 4C_,R8 42,80 80, 82, B1,90 81, 85, B2,R8 Spyder,200 43,SUPER 90; MAZDA: 6 Station Wagon GY,6 Hatchback GG,6 GG,TRIBUTE EP,626 V Hatchback GF,626 V GF,626 V Station Wagon GW,323 P V BA,626 IV Hatchback GE,XEDOS 6 CA,XEDOS 9 TA,121 III JASM, JBSM,626 IV GE,MX-6 GE,626 III GD,626 III Hatchback GD,626 III Station Wagon GV,929 I LA; SKODA: OCTAVIA Combi 1Z5,OCTAVIA Combi 1U5,OCTAVIA 1Z3,FABIA Praktik,105,120 742; BMW: 3 Compact E36,3 E36,X5 E70,X5 E53,3 E30,7 E38,3 Coupe E36,5 E34,3 Cabriolet E30,3 Cabriolet E36,3 Touring E36,7 E32,8 E31,5 Touring E34,5 E28,6 E24,3 E21,3 Touring E30,7 E23,5 E12,Z1,7 G11, G12,i8 I12; SEAT: LEON 1P1,LEON 1M1,ALTEA 5P1,ALHAMBRA 7V8, 7V9,ALTEA XL 5P5, 5P8,EXEO ST 3R5,TOLEDO II 1M2,EXEO 3R2,CORDOBA 6K1, 6K2,CORDOBA Vario 6K1,CORDOBA 6L2,TOLEDO III 5P2,RONDA 022A,RITMO 138; CHEVROLET: CAPTIVA C100, C140,NUBIRA Kombi,AVEO Schr\u00e4gheck T300,EPICA KL1_,LACETTI J200,TRAX,AVEO Stufenheck T300,MALIBU V300,EVANDA,NUBIRA Stufenheck,LACETTI Kombi J200; DAEWOO: EVANDA KLAL,LACETTI Schr\u00e4gheck KLAN,NUBIRA Stufenheck KLAN,NUBIRA Wagon KLAN,NUBIRA Wagon KLAJ,LEGANZA KLAV,NUBIRA Stufenheck KLAJ,ESPERO KLEJ,NUBIRA KLAJ,NUBIRA J150,NUBIRA Kombi J150,NUBIRA Stufenheck J150; ABARTH: PUNTO EVO 199_; LADA: NIVA II 2123,1200-1600,KALINA Kombi 1117,KALINA Schr\u00e4gheck 1119,111 2111,110 2110,1200-1500 Kombi,PRIORA Kombi 2171,KALINA Stufenheck 1118,112 2112,PRIORA Schr\u00e4gheck 2172,NOVA Kombi 2104,VESTA,KALINA Kombi 2194,KALINA Schr\u00e4gheck 2192; 9947602, 07509064001, 63217160777, 621698, 83931521, 7117909, 000000000268, Z1719089, 2098275, 621698, 980163<\/p>\n","protected":false},"excerpt":{"rendered":"<p>TESLA Polttimo, Kaukovalo B10101  VW,AUDI,MAZDA,GOLF IV 1J1,POLO 9N_,PASSAT Variant 3B6,GOLF III 1H1,GOLF IV Variant 1J5,SHARAN 7M8, 7M9, 7M6<\/p>\n","protected":false},"featured_media":0,"template":"","meta":{"site-sidebar-layout":"default","site-content-layout":"default","ast-global-header-display":"","ast-main-header-display":"","ast-hfb-above-header-display":"","ast-hfb-below-header-display":"","ast-hfb-mobile-header-display":"","site-post-title":"","ast-breadcrumbs-content":"","ast-featured-img":"","footer-sml-layout":"","theme-transparent-header-meta":"","adv-header-id-meta":"","stick-header-meta":"","header-above-stick-meta":"","header-main-stick-meta":"","header-below-stick-meta":""},"pwb-brand":[473],"product_cat":[151],"product_tag":[],"class_list":{"0":"post-23997","1":"product","2":"type-product","3":"status-publish","5":"pwb-brand-tesla","6":"product_cat-lamput-hehkulamppu","7":"desktop-align-left","8":"tablet-align-left","9":"mobile-align-left","11":"first","12":"instock","13":"product-type-external"},"brands":[{"id":473,"name":"TESLA","slug":"tesla"}],"_links":{"self":[{"href":"https:\/\/www.autonvaraosahaku.fi\/index.php?rest_route=\/wp\/v2\/product\/23997","targetHints":{"allow":["GET"]}}],"collection":[{"href":"https:\/\/www.autonvaraosahaku.fi\/index.php?rest_route=\/wp\/v2\/product"}],"about":[{"href":"https:\/\/www.autonvaraosahaku.fi\/index.php?rest_route=\/wp\/v2\/types\/product"}],"wp:attachment":[{"href":"https:\/\/www.autonvaraosahaku.fi\/index.php?rest_route=%2Fwp%2Fv2%2Fmedia&parent=23997"}],"wp:term":[{"taxonomy":"pwb-brand","embeddable":true,"href":"https:\/\/www.autonvaraosahaku.fi\/index.php?rest_route=%2Fwp%2Fv2%2Fpwb-brand&post=23997"},{"taxonomy":"product_cat","embeddable":true,"href":"https:\/\/www.autonvaraosahaku.fi\/index.php?rest_route=%2Fwp%2Fv2%2Fproduct_cat&post=23997"},{"taxonomy":"product_tag","embeddable":true,"href":"https:\/\/www.autonvaraosahaku.fi\/index.php?rest_route=%2Fwp%2Fv2%2Fproduct_tag&post=23997"}],"curies":[{"name":"wp","href":"https:\/\/api.w.org\/{rel}","templated":true}]}}