{"id":23998,"date":"2021-02-21T14:52:32","date_gmt":"2021-02-21T14:52:32","guid":{"rendered":"https:\/\/www.autonvaraosahaku.fi\/?product=ridex-689c0029-sytytyspuola"},"modified":"2021-02-21T14:52:35","modified_gmt":"2021-02-21T14:52:35","slug":"ridex-689c0029-sytytyspuola","status":"publish","type":"product","link":"https:\/\/www.autonvaraosahaku.fi\/?product=ridex-689c0029-sytytyspuola","title":{"rendered":"RIDEX 689C0029 Sytytyspuola"},"content":{"rendered":"<p>Napojen m\u00e4\u00e4r\u00e4: 3; V\u00e4ri: Harmaa; Moottorinumero: N52 B30 A; BMW: 3 E46,3 Touring E91,3 E90,5 E60,1 E87,5 Touring E61,X3 E83,5 Touring F11,5 F10, F18,3 Compact E46,3 Coupe E46,X1 E84,1 E81,X5 E70,X3 F25,3 Coupe E92,3 Cabriolet E46,Z4 E85,3 Cabriolet E93,7 E65, E66, E67,1 Cabriolet E88,7 F01, F02, F03, F04,1 Coupe E82,Z4 E89,6 E63,Z4 Coupe E86,6 Cabriolet E64; 12137559842, 12137562745, 12137571644, 12137582627, 12137594935, 12137638477, 7562745, XXXX7562745<\/p>\n","protected":false},"excerpt":{"rendered":"<p>RIDEX Sytytyspuola 689C0029  BMW,3 E46,3 Touring E91,3 E90,5 E60,1 E87,5 Touring E61,X3 E83,5 Touring F11,5 F10, F18,3 Compact E46,3 Coupe E46,X1 E84<\/p>\n","protected":false},"featured_media":0,"template":"","meta":{"site-sidebar-layout":"default","site-content-layout":"default","ast-global-header-display":"","ast-main-header-display":"","ast-hfb-above-header-display":"","ast-hfb-below-header-display":"","ast-hfb-mobile-header-display":"","site-post-title":"","ast-breadcrumbs-content":"","ast-featured-img":"","footer-sml-layout":"","theme-transparent-header-meta":"","adv-header-id-meta":"","stick-header-meta":"","header-above-stick-meta":"","header-main-stick-meta":"","header-below-stick-meta":""},"pwb-brand":[157],"product_cat":[25],"product_tag":[],"class_list":{"0":"post-23998","1":"product","2":"type-product","3":"status-publish","5":"pwb-brand-ridex","6":"product_cat-sytytyspuola","7":"desktop-align-left","8":"tablet-align-left","9":"mobile-align-left","11":"first","12":"instock","13":"product-type-external"},"brands":[{"id":157,"name":"RIDEX","slug":"ridex"}],"_links":{"self":[{"href":"https:\/\/www.autonvaraosahaku.fi\/index.php?rest_route=\/wp\/v2\/product\/23998","targetHints":{"allow":["GET"]}}],"collection":[{"href":"https:\/\/www.autonvaraosahaku.fi\/index.php?rest_route=\/wp\/v2\/product"}],"about":[{"href":"https:\/\/www.autonvaraosahaku.fi\/index.php?rest_route=\/wp\/v2\/types\/product"}],"wp:attachment":[{"href":"https:\/\/www.autonvaraosahaku.fi\/index.php?rest_route=%2Fwp%2Fv2%2Fmedia&parent=23998"}],"wp:term":[{"taxonomy":"pwb-brand","embeddable":true,"href":"https:\/\/www.autonvaraosahaku.fi\/index.php?rest_route=%2Fwp%2Fv2%2Fpwb-brand&post=23998"},{"taxonomy":"product_cat","embeddable":true,"href":"https:\/\/www.autonvaraosahaku.fi\/index.php?rest_route=%2Fwp%2Fv2%2Fproduct_cat&post=23998"},{"taxonomy":"product_tag","embeddable":true,"href":"https:\/\/www.autonvaraosahaku.fi\/index.php?rest_route=%2Fwp%2Fv2%2Fproduct_tag&post=23998"}],"curies":[{"name":"wp","href":"https:\/\/api.w.org\/{rel}","templated":true}]}}