{"id":24034,"date":"2021-02-21T14:52:41","date_gmt":"2021-02-21T14:52:41","guid":{"rendered":"https:\/\/www.autonvaraosahaku.fi\/?product=brembo-s-50-502-kasijarrukengat"},"modified":"2021-02-21T14:52:43","modified_gmt":"2021-02-21T14:52:43","slug":"brembo-s-50-502-kasijarrukengat","status":"publish","type":"product","link":"https:\/\/www.autonvaraosahaku.fi\/?product=brembo-s-50-502-kasijarrukengat","title":{"rendered":"BREMBO S 50 502 K\u00e4sijarrukeng\u00e4t"},"content":{"rendered":"<p>L\u00e4pimitta [mm]: 164; Leveys (mm): 20; Lis\u00e4tarvike\/lis\u00e4tieto: Tarvikkeilla; Jarruj\u00e4rjestelm\u00e4: TRW; Asennuspuoli: Hinterachse; MERCEDES-BENZ: C-CLASS W203,A-CLASS W169,A-CLASS W168,B-CLASS W245,C-CLASS T-Model S203,C-CLASS W202,190 W201,SLK R170,E-CLASS W210,C-CLASS Coupe CL203,Stufenheck W124,SLK R171,CLK C208,SL R129,CLK C209,C-CLASS Kombi S202,VANEO 414,KOMBI Kombi S124,E-CLASS W124,CLK Cabriolet A208,CLK Cabriolet A209,E-CLASS Kombi S124,CLC-CLASS CL203,CABRIOLET A124; CHRYSLER: CROSSFIRE,CROSSFIRE Roadster; PORSCHE: BOXSTER 986; 05096552AA, 05143676AA, 5096552AA, 5143676AA, 1244200320, 1244200520, 1244200720, 1244200820, 2014200820, 2014200920, 2034200120, 2104200820, 4144200320, A2034200120, A4144200320; Jarrukenk\u00e4sarja, K\u00e4sijarru<\/p>\n","protected":false},"excerpt":{"rendered":"<p>BREMBO K\u00e4sijarrukeng\u00e4t S 50 502 Jarrukenk\u00e4sarja, K\u00e4sijarru MERCEDES-BENZ,CHRYSLER,PORSCHE,C-CLASS W203,A-CLASS W169,A-CLASS W168,B-CLASS W245<\/p>\n","protected":false},"featured_media":0,"template":"","meta":{"site-sidebar-layout":"default","site-content-layout":"default","ast-global-header-display":"","ast-main-header-display":"","ast-hfb-above-header-display":"","ast-hfb-below-header-display":"","ast-hfb-mobile-header-display":"","site-post-title":"","ast-breadcrumbs-content":"","ast-featured-img":"","footer-sml-layout":"","theme-transparent-header-meta":"","adv-header-id-meta":"","stick-header-meta":"","header-above-stick-meta":"","header-main-stick-meta":"","header-below-stick-meta":""},"pwb-brand":[146],"product_cat":[236],"product_tag":[],"class_list":{"0":"post-24034","1":"product","2":"type-product","3":"status-publish","5":"pwb-brand-brembo","6":"product_cat-kasijarrukengat","7":"desktop-align-left","8":"tablet-align-left","9":"mobile-align-left","11":"first","12":"instock","13":"product-type-external"},"brands":[{"id":146,"name":"BREMBO","slug":"brembo"}],"_links":{"self":[{"href":"https:\/\/www.autonvaraosahaku.fi\/index.php?rest_route=\/wp\/v2\/product\/24034","targetHints":{"allow":["GET"]}}],"collection":[{"href":"https:\/\/www.autonvaraosahaku.fi\/index.php?rest_route=\/wp\/v2\/product"}],"about":[{"href":"https:\/\/www.autonvaraosahaku.fi\/index.php?rest_route=\/wp\/v2\/types\/product"}],"wp:attachment":[{"href":"https:\/\/www.autonvaraosahaku.fi\/index.php?rest_route=%2Fwp%2Fv2%2Fmedia&parent=24034"}],"wp:term":[{"taxonomy":"pwb-brand","embeddable":true,"href":"https:\/\/www.autonvaraosahaku.fi\/index.php?rest_route=%2Fwp%2Fv2%2Fpwb-brand&post=24034"},{"taxonomy":"product_cat","embeddable":true,"href":"https:\/\/www.autonvaraosahaku.fi\/index.php?rest_route=%2Fwp%2Fv2%2Fproduct_cat&post=24034"},{"taxonomy":"product_tag","embeddable":true,"href":"https:\/\/www.autonvaraosahaku.fi\/index.php?rest_route=%2Fwp%2Fv2%2Fproduct_tag&post=24034"}],"curies":[{"name":"wp","href":"https:\/\/api.w.org\/{rel}","templated":true}]}}