{"id":24036,"date":"2021-02-21T14:52:41","date_gmt":"2021-02-21T14:52:41","guid":{"rendered":"https:\/\/www.autonvaraosahaku.fi\/?product=reinz-71-33027-00-pakosarjan-tiivisteet"},"modified":"2021-02-21T14:52:43","modified_gmt":"2021-02-21T14:52:43","slug":"reinz-71-33027-00-pakosarjan-tiivisteet","status":"publish","type":"product","link":"https:\/\/www.autonvaraosahaku.fi\/?product=reinz-71-33027-00-pakosarjan-tiivisteet","title":{"rendered":"REINZ 71-33027-00 Pakosarjan tiivisteet"},"content":{"rendered":"<p>Paksuus [mm]: 1,8; Tarvittava kappalem\u00e4\u00e4r\u00e4: 4; LAND ROVER: FREELANDER LN,RANGE ROVER III LM,FREELANDER Soft Top; OPEL: OMEGA B Caravan 21_, 22_, 23_,OMEGA B 25_, 26_, 27_; ROVER: 75 Tourer RJ; BMW: 3 E46,3 Touring E91,3 E90,5 E39,5 E60,1 E87,5 Touring E61,3 Touring E46,X3 E83,5 Touring E39,3 Compact E46,3 Coupe E46,X5 E53,3 Cabriolet E46,7 E38,7 E65, E66, E67; 11622248287, 11627787630, 11627796480, 8510378, LKG000190, LKG100590L, LR020102, 849198; Tiiviste, Pakosarja<\/p>\n","protected":false},"excerpt":{"rendered":"<p>REINZ Pakosarjan Tiivisteet 71-33027-00 Tiiviste, Pakosarja LAND ROVER,OPEL,ROVER,FREELANDER LN,RANGE ROVER III LM,FREELANDER Soft Top<\/p>\n","protected":false},"featured_media":0,"template":"","meta":{"site-sidebar-layout":"default","site-content-layout":"default","ast-global-header-display":"","ast-main-header-display":"","ast-hfb-above-header-display":"","ast-hfb-below-header-display":"","ast-hfb-mobile-header-display":"","site-post-title":"","ast-breadcrumbs-content":"","ast-featured-img":"","footer-sml-layout":"","theme-transparent-header-meta":"","adv-header-id-meta":"","stick-header-meta":"","header-above-stick-meta":"","header-main-stick-meta":"","header-below-stick-meta":""},"pwb-brand":[138],"product_cat":[123],"product_tag":[],"class_list":{"0":"post-24036","1":"product","2":"type-product","3":"status-publish","5":"pwb-brand-reinz","6":"product_cat-pakosarjan-tiivisteet","7":"desktop-align-left","8":"tablet-align-left","9":"mobile-align-left","11":"first","12":"instock","13":"product-type-external"},"brands":[{"id":138,"name":"REINZ","slug":"reinz"}],"_links":{"self":[{"href":"https:\/\/www.autonvaraosahaku.fi\/index.php?rest_route=\/wp\/v2\/product\/24036","targetHints":{"allow":["GET"]}}],"collection":[{"href":"https:\/\/www.autonvaraosahaku.fi\/index.php?rest_route=\/wp\/v2\/product"}],"about":[{"href":"https:\/\/www.autonvaraosahaku.fi\/index.php?rest_route=\/wp\/v2\/types\/product"}],"wp:attachment":[{"href":"https:\/\/www.autonvaraosahaku.fi\/index.php?rest_route=%2Fwp%2Fv2%2Fmedia&parent=24036"}],"wp:term":[{"taxonomy":"pwb-brand","embeddable":true,"href":"https:\/\/www.autonvaraosahaku.fi\/index.php?rest_route=%2Fwp%2Fv2%2Fpwb-brand&post=24036"},{"taxonomy":"product_cat","embeddable":true,"href":"https:\/\/www.autonvaraosahaku.fi\/index.php?rest_route=%2Fwp%2Fv2%2Fproduct_cat&post=24036"},{"taxonomy":"product_tag","embeddable":true,"href":"https:\/\/www.autonvaraosahaku.fi\/index.php?rest_route=%2Fwp%2Fv2%2Fproduct_tag&post=24036"}],"curies":[{"name":"wp","href":"https:\/\/api.w.org\/{rel}","templated":true}]}}