{"id":24046,"date":"2021-02-21T14:52:45","date_gmt":"2021-02-21T14:52:45","guid":{"rendered":"https:\/\/www.autonvaraosahaku.fi\/?product=elring-122-904-kierretulppa"},"modified":"2021-02-21T14:52:46","modified_gmt":"2021-02-21T14:52:46","slug":"elring-122-904-kierretulppa","status":"publish","type":"product","link":"https:\/\/www.autonvaraosahaku.fi\/?product=elring-122-904-kierretulppa","title":{"rendered":"ELRING 122.904 Kierretulppa"},"content":{"rendered":"<p>Sis\u00e4l\u00e4pimitta [mm]: 18; Ulkol\u00e4pimitta [mm]: 24; Paksuus [mm]: 1,5; Materiaali: Kupari; Muoto: A-muoto; Vaihtoehtoinen korjaussarja: 036.400, 017.655; VOLVO: 940 II Kombi 945,940 Kombi 945,240 Kombi P245,740 Kombi 745,740 744,240 P242, P244,940 944,760 704, 764,340-360 343, 345,960 Kombi 965,760 Kombi 704, 765,940 II 944,960 964,260 P262, P264,340-360 Stufenheck 344,260 Kombi P265,780; MERCEDES-BENZ: CAPACITY,CITARO (O 530); FORD: MONDEO IV Turnier BA7,FOCUS II DA_,S-MAX WA6,KUGA I,MONDEO IV BA7,MONDEO IV Stufenheck BA7; SETRA: Series 400; MAN: G,G90; ZD9241600U, 0331331, 10259960, 10263160, 10264085, 06561900713, 995641800, 007603018104, 007603018109, MD000312, 1468137600, 11017691, 2091019, 90012300920, 0122999600, 5010248964, 7403062022, 7703062022, 119982, 12180220, 153015, 20542740; Tiiviste, \u00d6ljynlaskutulppa<\/p>\n","protected":false},"excerpt":{"rendered":"<p>ELRING \u00d6ljytulpan Tiiviste 122.904 Tiiviste, \u00d6ljynlaskutulppa VOLVO,MERCEDES-BENZ,FORD,940 II Kombi 945,940 Kombi 945,240 Kombi P245,740 Kombi 745<\/p>\n","protected":false},"featured_media":0,"template":"","meta":{"site-sidebar-layout":"default","site-content-layout":"default","ast-global-header-display":"","ast-main-header-display":"","ast-hfb-above-header-display":"","ast-hfb-below-header-display":"","ast-hfb-mobile-header-display":"","site-post-title":"","ast-breadcrumbs-content":"","ast-featured-img":"","footer-sml-layout":"","theme-transparent-header-meta":"","adv-header-id-meta":"","stick-header-meta":"","header-above-stick-meta":"","header-main-stick-meta":"","header-below-stick-meta":""},"pwb-brand":[26],"product_cat":[40],"product_tag":[],"class_list":{"0":"post-24046","1":"product","2":"type-product","3":"status-publish","5":"pwb-brand-elring","6":"product_cat-kierretulppa","7":"desktop-align-left","8":"tablet-align-left","9":"mobile-align-left","11":"first","12":"instock","13":"product-type-external"},"brands":[{"id":26,"name":"ELRING","slug":"elring"}],"_links":{"self":[{"href":"https:\/\/www.autonvaraosahaku.fi\/index.php?rest_route=\/wp\/v2\/product\/24046","targetHints":{"allow":["GET"]}}],"collection":[{"href":"https:\/\/www.autonvaraosahaku.fi\/index.php?rest_route=\/wp\/v2\/product"}],"about":[{"href":"https:\/\/www.autonvaraosahaku.fi\/index.php?rest_route=\/wp\/v2\/types\/product"}],"wp:attachment":[{"href":"https:\/\/www.autonvaraosahaku.fi\/index.php?rest_route=%2Fwp%2Fv2%2Fmedia&parent=24046"}],"wp:term":[{"taxonomy":"pwb-brand","embeddable":true,"href":"https:\/\/www.autonvaraosahaku.fi\/index.php?rest_route=%2Fwp%2Fv2%2Fpwb-brand&post=24046"},{"taxonomy":"product_cat","embeddable":true,"href":"https:\/\/www.autonvaraosahaku.fi\/index.php?rest_route=%2Fwp%2Fv2%2Fproduct_cat&post=24046"},{"taxonomy":"product_tag","embeddable":true,"href":"https:\/\/www.autonvaraosahaku.fi\/index.php?rest_route=%2Fwp%2Fv2%2Fproduct_tag&post=24046"}],"curies":[{"name":"wp","href":"https:\/\/api.w.org\/{rel}","templated":true}]}}