{"id":24084,"date":"2021-02-21T14:52:54","date_gmt":"2021-02-21T14:52:54","guid":{"rendered":"https:\/\/www.autonvaraosahaku.fi\/?product=ridex-219g0322-takaluukun-kaasujousi"},"modified":"2021-02-21T14:52:55","modified_gmt":"2021-02-21T14:52:55","slug":"ridex-219g0322-takaluukun-kaasujousi","status":"publish","type":"product","link":"https:\/\/www.autonvaraosahaku.fi\/?product=ridex-219g0322-takaluukun-kaasujousi","title":{"rendered":"RIDEX 219G0322 Takaluukun kaasujousi"},"content":{"rendered":"<p>M\u00e4\u00e4r\u00e4: 1; Kotelon pituus [mm]: 316,5; Pituus (mm): 585; Kopan l\u00e4pimitta (mm): 22; M\u00e4nn\u00e4nvarren l\u00e4pimitta [mm]: 10; Ty\u00f6nt\u00f6voima [N]: 700; Asennuspuoli: Molemminpuolin; Isku (mm): 250; Paino [kg]: 0,5; CHRYSLER: PT CRUISER PT_; 04589630AA, 04589630AC, 04589631AA, 04724743AB, 04724743AC, 04724743AD, 04724743AE, 05067565AA, 4589630AC, 4724743AB, 4724743AC, 4724743AD, 4724743AE, 5067565AA, K04589630AA, K04589631AA, K04724743AB, K04724743AC, K04724743AD, K04724743AE, K05067565AA; Kaasujousi, Tavaratila<\/p>\n","protected":false},"excerpt":{"rendered":"<p>RIDEX Takaluukun Kaasujousi 219G0322 Kaasujousi, Tavaratila CHRYSLER,PT CRUISER PT_<\/p>\n","protected":false},"featured_media":0,"template":"","meta":{"site-sidebar-layout":"default","site-content-layout":"default","ast-global-header-display":"","ast-main-header-display":"","ast-hfb-above-header-display":"","ast-hfb-below-header-display":"","ast-hfb-mobile-header-display":"","site-post-title":"","ast-breadcrumbs-content":"","ast-featured-img":"","footer-sml-layout":"","theme-transparent-header-meta":"","adv-header-id-meta":"","stick-header-meta":"","header-above-stick-meta":"","header-main-stick-meta":"","header-below-stick-meta":""},"pwb-brand":[157],"product_cat":[59],"product_tag":[],"class_list":{"0":"post-24084","1":"product","2":"type-product","3":"status-publish","5":"pwb-brand-ridex","6":"product_cat-takaluukun-kaasujousi","7":"desktop-align-left","8":"tablet-align-left","9":"mobile-align-left","11":"first","12":"instock","13":"product-type-external"},"brands":[{"id":157,"name":"RIDEX","slug":"ridex"}],"_links":{"self":[{"href":"https:\/\/www.autonvaraosahaku.fi\/index.php?rest_route=\/wp\/v2\/product\/24084","targetHints":{"allow":["GET"]}}],"collection":[{"href":"https:\/\/www.autonvaraosahaku.fi\/index.php?rest_route=\/wp\/v2\/product"}],"about":[{"href":"https:\/\/www.autonvaraosahaku.fi\/index.php?rest_route=\/wp\/v2\/types\/product"}],"wp:attachment":[{"href":"https:\/\/www.autonvaraosahaku.fi\/index.php?rest_route=%2Fwp%2Fv2%2Fmedia&parent=24084"}],"wp:term":[{"taxonomy":"pwb-brand","embeddable":true,"href":"https:\/\/www.autonvaraosahaku.fi\/index.php?rest_route=%2Fwp%2Fv2%2Fpwb-brand&post=24084"},{"taxonomy":"product_cat","embeddable":true,"href":"https:\/\/www.autonvaraosahaku.fi\/index.php?rest_route=%2Fwp%2Fv2%2Fproduct_cat&post=24084"},{"taxonomy":"product_tag","embeddable":true,"href":"https:\/\/www.autonvaraosahaku.fi\/index.php?rest_route=%2Fwp%2Fv2%2Fproduct_tag&post=24084"}],"curies":[{"name":"wp","href":"https:\/\/api.w.org\/{rel}","templated":true}]}}