{"id":24110,"date":"2021-02-21T14:52:58","date_gmt":"2021-02-21T14:52:58","guid":{"rendered":"https:\/\/www.autonvaraosahaku.fi\/?product=hjs-83-23-6688-pakoputken-asennussarja"},"modified":"2021-02-21T14:53:00","modified_gmt":"2021-02-21T14:53:00","slug":"hjs-83-23-6688-pakoputken-asennussarja","status":"publish","type":"product","link":"https:\/\/www.autonvaraosahaku.fi\/?product=hjs-83-23-6688-pakoputken-asennussarja","title":{"rendered":"HJS 83 23 6688 Pakoputken asennussarja"},"content":{"rendered":"<p>Materiaali: EPDM (eteenipropeeni-dieeni-kumi); Tarvittava kappalem\u00e4\u00e4r\u00e4: 4; NISSAN: KUBISTAR Kasten X80; FIAT: SCUDO Kasten 220L,SCUDO Combinato 220P; CITRO\u00cbN: JUMPY U6U,JUMPY Kasten BS_, BT_, BY_, BZ_; PEUGEOT: EXPERT Kasten 222,EXPERT 224,EXPERT Pritsche\/Fahrgestell 223; RENAULT: TWINGO I C06_,KANGOO KC0\/1_,KANGOO Express FC0\/1_,LAGUNA I B56_, 556_,CLIO I B\/C57_, 5\/357_,LAGUNA I Grandtour K56_,SUPER 5 B\/C40_,RAPID Kasten F40_, G40_,21 Stufenheck L48_,21 Kombi K48_,21 B48_; 175587, 7700779356, 2065100QAC, 7700410929, 7700779356, 7700795221, 7700834754, 7700842706; Pakoputken Kannatinkumi,Pidike, Vaimennin<\/p>\n","protected":false},"excerpt":{"rendered":"<p>HJS Pakoputken Kannatin 83 23 6688 Pakoputken Kannatinkumi,Pidike, Vaimennin NISSAN,FIAT,CITRO\u00cbN,KUBISTAR Kasten X80,SCUDO Kasten 220L<\/p>\n","protected":false},"featured_media":0,"template":"","meta":{"site-sidebar-layout":"default","site-content-layout":"default","ast-global-header-display":"","ast-main-header-display":"","ast-hfb-above-header-display":"","ast-hfb-below-header-display":"","ast-hfb-mobile-header-display":"","site-post-title":"","ast-breadcrumbs-content":"","ast-featured-img":"","footer-sml-layout":"","theme-transparent-header-meta":"","adv-header-id-meta":"","stick-header-meta":"","header-above-stick-meta":"","header-main-stick-meta":"","header-below-stick-meta":""},"pwb-brand":[344],"product_cat":[101],"product_tag":[],"class_list":{"0":"post-24110","1":"product","2":"type-product","3":"status-publish","5":"pwb-brand-hjs","6":"product_cat-pakoputken-asennussarja","7":"desktop-align-left","8":"tablet-align-left","9":"mobile-align-left","11":"first","12":"instock","13":"product-type-external"},"brands":[{"id":344,"name":"HJS","slug":"hjs"}],"_links":{"self":[{"href":"https:\/\/www.autonvaraosahaku.fi\/index.php?rest_route=\/wp\/v2\/product\/24110","targetHints":{"allow":["GET"]}}],"collection":[{"href":"https:\/\/www.autonvaraosahaku.fi\/index.php?rest_route=\/wp\/v2\/product"}],"about":[{"href":"https:\/\/www.autonvaraosahaku.fi\/index.php?rest_route=\/wp\/v2\/types\/product"}],"wp:attachment":[{"href":"https:\/\/www.autonvaraosahaku.fi\/index.php?rest_route=%2Fwp%2Fv2%2Fmedia&parent=24110"}],"wp:term":[{"taxonomy":"pwb-brand","embeddable":true,"href":"https:\/\/www.autonvaraosahaku.fi\/index.php?rest_route=%2Fwp%2Fv2%2Fpwb-brand&post=24110"},{"taxonomy":"product_cat","embeddable":true,"href":"https:\/\/www.autonvaraosahaku.fi\/index.php?rest_route=%2Fwp%2Fv2%2Fproduct_cat&post=24110"},{"taxonomy":"product_tag","embeddable":true,"href":"https:\/\/www.autonvaraosahaku.fi\/index.php?rest_route=%2Fwp%2Fv2%2Fproduct_tag&post=24110"}],"curies":[{"name":"wp","href":"https:\/\/api.w.org\/{rel}","templated":true}]}}