{"id":24117,"date":"2021-02-21T14:52:58","date_gmt":"2021-02-21T14:52:58","guid":{"rendered":"https:\/\/www.autonvaraosahaku.fi\/?product=swag-32-92-1588-pyoranpultit"},"modified":"2021-02-21T14:53:01","modified_gmt":"2021-02-21T14:53:01","slug":"swag-32-92-1588-pyoranpultit","status":"publish","type":"product","link":"https:\/\/www.autonvaraosahaku.fi\/?product=swag-32-92-1588-pyoranpultit","title":{"rendered":"SWAG 32 92 1588 Py\u00f6r\u00e4npultit"},"content":{"rendered":"<p>Pituus (mm): 66; Ulkol\u00e4pimitta [mm]: 27,6; Ulkokierre [mm]: M14 x 1,5; Kierteen pituus (mm): 30; Laatu \/ luokka: 10.9; Avainv\u00e4li: 19; Ruuvikanta\/mutteriprofiili: Kuusioruuvi \/-mutteri; Py\u00f6r\u00e4n kiinnitys: Kuula istukka A\/G; Materiaali: Ter\u00e4s; Pinta: Sinkki-liuska-pinnoite; Ruuvin pituus ilman p\u00e4\u00e4t\u00e4: 34; Asennuspuoli: Etuakseli, Taka-akseli; Paino [kg]: 0,02; Huomioi huolto-ohjeet: , ; Valmistusvuoteen: 05\/2014; VW: TRANSPORTER V Bus 7HB, 7HJ, 7EB, 7EJ, 7EF,TOUAREG 7LA, 7L6, 7L7,MULTIVAN V 7HM, 7HN, 7HF, 7EF, 7EM, 7EN,TRANSPORTER V Kasten 7HA, 7HH, 7EA, 7EH,TOUAREG 7P5,AMAROK 2H_, S1B,TRANSPORTER V Pritsche\/Fahrgestell 7JD, 7JE, 7JL, 7JY, 7JZ,,AMAROK Pritsche\/Fahrgestell S1B; AUDI: Q7 4L; PORSCHE: CAYENNE 955,CAYENNE,PANAMERA; 7L0601139A, WHT001693, WHT002529, 95536120300, 95536120301, WHT001693, WHT004676, 7L0601139, 7L0601139A, WHT001693, WHT002529, WHT004676; Py\u00f6r\u00e4nruuvi<\/p>\n","protected":false},"excerpt":{"rendered":"<p>SWAG Py\u00f6r\u00e4npultit 32 92 1588 Py\u00f6r\u00e4nruuvi VW,AUDI,PORSCHE,TRANSPORTER V Bus 7HB, 7HJ, 7EB, 7EJ, 7EF,TOUAREG 7LA, 7L6, 7L7<\/p>\n","protected":false},"featured_media":0,"template":"","meta":{"site-sidebar-layout":"default","site-content-layout":"default","ast-global-header-display":"","ast-main-header-display":"","ast-hfb-above-header-display":"","ast-hfb-below-header-display":"","ast-hfb-mobile-header-display":"","site-post-title":"","ast-breadcrumbs-content":"","ast-featured-img":"","footer-sml-layout":"","theme-transparent-header-meta":"","adv-header-id-meta":"","stick-header-meta":"","header-above-stick-meta":"","header-main-stick-meta":"","header-below-stick-meta":""},"pwb-brand":[103],"product_cat":[51],"product_tag":[],"class_list":{"0":"post-24117","1":"product","2":"type-product","3":"status-publish","5":"pwb-brand-swag","6":"product_cat-pyoranpultit","7":"desktop-align-left","8":"tablet-align-left","9":"mobile-align-left","11":"first","12":"instock","13":"product-type-external"},"brands":[{"id":103,"name":"SWAG","slug":"swag"}],"_links":{"self":[{"href":"https:\/\/www.autonvaraosahaku.fi\/index.php?rest_route=\/wp\/v2\/product\/24117","targetHints":{"allow":["GET"]}}],"collection":[{"href":"https:\/\/www.autonvaraosahaku.fi\/index.php?rest_route=\/wp\/v2\/product"}],"about":[{"href":"https:\/\/www.autonvaraosahaku.fi\/index.php?rest_route=\/wp\/v2\/types\/product"}],"wp:attachment":[{"href":"https:\/\/www.autonvaraosahaku.fi\/index.php?rest_route=%2Fwp%2Fv2%2Fmedia&parent=24117"}],"wp:term":[{"taxonomy":"pwb-brand","embeddable":true,"href":"https:\/\/www.autonvaraosahaku.fi\/index.php?rest_route=%2Fwp%2Fv2%2Fpwb-brand&post=24117"},{"taxonomy":"product_cat","embeddable":true,"href":"https:\/\/www.autonvaraosahaku.fi\/index.php?rest_route=%2Fwp%2Fv2%2Fproduct_cat&post=24117"},{"taxonomy":"product_tag","embeddable":true,"href":"https:\/\/www.autonvaraosahaku.fi\/index.php?rest_route=%2Fwp%2Fv2%2Fproduct_tag&post=24117"}],"curies":[{"name":"wp","href":"https:\/\/api.w.org\/{rel}","templated":true}]}}