{"id":24144,"date":"2021-02-21T14:53:08","date_gmt":"2021-02-21T14:53:08","guid":{"rendered":"https:\/\/www.autonvaraosahaku.fi\/?product=ridex-479c0081-kytkinpaketti"},"modified":"2021-02-21T14:53:09","modified_gmt":"2021-02-21T14:53:09","slug":"ridex-479c0081-kytkinpaketti","status":"publish","type":"product","link":"https:\/\/www.autonvaraosahaku.fi\/?product=ridex-479c0081-kytkinpaketti","title":{"rendered":"RIDEX 479C0081 Kytkinpaketti"},"content":{"rendered":"<p>L\u00e4pimitta 1 [mm]: 228; Hammasluku: 28; Korvaava tuote\/korvaava tiedote 2: irroitinlaakerilla, Vauhtipy\u00f6r\u00e4ll\u00e4; Kytkin: , Muunto kaksimassavauhtipy\u00f6r\u00e4st\u00e4 yksimassavauhtipy\u00f6r\u00e4\u00e4n; Vaihteistomalli: Schaltgetriebe; VW: GOLF V 1K1,TOURAN 1T1, 1T2,GOLF VI 5K1,PASSAT Variant 3C5,GOLF PLUS 5M1, 521,PASSAT 3C2,CADDY III Kombi 2KB, 2KJ, 2CB, 2CJ,GOLF VI Variant AJ5,GOLF V Variant 1K5,CADDY III Kasten 2KA, 2KH, 2CA, 2CH,JETTA III 1K2; AUDI: A3 8P1,A3 Sportback 8PA,A3 Cabriolet 8P7; SKODA: OCTAVIA Combi 1Z5,SUPERB Kombi 3T5,OCTAVIA 1Z3,SUPERB 3T4; SEAT: LEON 1P1,ALTEA 5P1,ALTEA XL 5P5, 5P8,TOLEDO III 5P2; 03G105264AD, 03G105264C, 03G105264D, 03G105264G, 03G105264N, 03G105264S, 03G105264T, 03G105266AC, 03G105266BA, 03G105266BM, 03G141015K, 03G141016A, 03G141264K, 03L105266BS, 03L105266E, 3G105264AD, 3G105264C, 3G105264D, 3G105264G, 3G105264N, 3G105264S, 3G105264T, 3G105266AC, 3G105266BA, 3G105266BM, 3G141015K, 3G141016A, 3G141264K, 3L105266BS, 3L105266E, 03G105264AC, 03G105264AD, 03G105264C, 03G105264G, 03G105264N, 03G105264S, 03G105264T, 03G105266AC, 03G105266BA, 03G105266BM, 03G141015K, 03G141016, 03G141016A, 03G141264K, 03L105266BS, 03L105266E, 3G105264AC, 3G105264AD, 3G105264C, 3G105264G, 3G105264N, 3G105264S, 3G105264T, 3G105266AC, 3G105266BA, 3G105266BM, 3G141015K, 3G141016, 3G141016A, 3G141264K, 3L105266BS, 3L105266E, 03G105264AC, 03G105264AD, 03G105264C, 03G105264G, 03G105264N, 03G105264S, 03G105264T, 03G105266AC, 03G105266BA, 03G105266BM, 03G141015K, 03G141016, 03G141016A, 03G141264K, 03L105266BS, 03L105266E, 3G105264AC, 3G105264AD, 3G105264C, 3G105264G, 3G105264N, 3G105264S, &#8230;; Kytkinsarja<\/p>\n","protected":false},"excerpt":{"rendered":"<p>RIDEX Kytkinpaketti 479C0081 Kytkinsarja VW,AUDI,SKODA,GOLF V 1K1,TOURAN 1T1, 1T2,GOLF VI 5K1,PASSAT Variant 3C5,GOLF PLUS 5M1, 521,PASSAT 3C2<\/p>\n","protected":false},"featured_media":0,"template":"","meta":{"site-sidebar-layout":"default","site-content-layout":"default","ast-global-header-display":"","ast-main-header-display":"","ast-hfb-above-header-display":"","ast-hfb-below-header-display":"","ast-hfb-mobile-header-display":"","site-post-title":"","ast-breadcrumbs-content":"","ast-featured-img":"","footer-sml-layout":"","theme-transparent-header-meta":"","adv-header-id-meta":"","stick-header-meta":"","header-above-stick-meta":"","header-main-stick-meta":"","header-below-stick-meta":""},"pwb-brand":[157],"product_cat":[21],"product_tag":[],"class_list":{"0":"post-24144","1":"product","2":"type-product","3":"status-publish","5":"pwb-brand-ridex","6":"product_cat-kytkinpaketti","7":"desktop-align-left","8":"tablet-align-left","9":"mobile-align-left","11":"first","12":"instock","13":"product-type-external"},"brands":[{"id":157,"name":"RIDEX","slug":"ridex"}],"_links":{"self":[{"href":"https:\/\/www.autonvaraosahaku.fi\/index.php?rest_route=\/wp\/v2\/product\/24144","targetHints":{"allow":["GET"]}}],"collection":[{"href":"https:\/\/www.autonvaraosahaku.fi\/index.php?rest_route=\/wp\/v2\/product"}],"about":[{"href":"https:\/\/www.autonvaraosahaku.fi\/index.php?rest_route=\/wp\/v2\/types\/product"}],"wp:attachment":[{"href":"https:\/\/www.autonvaraosahaku.fi\/index.php?rest_route=%2Fwp%2Fv2%2Fmedia&parent=24144"}],"wp:term":[{"taxonomy":"pwb-brand","embeddable":true,"href":"https:\/\/www.autonvaraosahaku.fi\/index.php?rest_route=%2Fwp%2Fv2%2Fpwb-brand&post=24144"},{"taxonomy":"product_cat","embeddable":true,"href":"https:\/\/www.autonvaraosahaku.fi\/index.php?rest_route=%2Fwp%2Fv2%2Fproduct_cat&post=24144"},{"taxonomy":"product_tag","embeddable":true,"href":"https:\/\/www.autonvaraosahaku.fi\/index.php?rest_route=%2Fwp%2Fv2%2Fproduct_tag&post=24144"}],"curies":[{"name":"wp","href":"https:\/\/api.w.org\/{rel}","templated":true}]}}