{"id":24155,"date":"2021-02-21T14:53:08","date_gmt":"2021-02-21T14:53:08","guid":{"rendered":"https:\/\/www.autonvaraosahaku.fi\/?product=topran-723-404-pyoranpultit"},"modified":"2021-02-21T14:53:10","modified_gmt":"2021-02-21T14:53:10","slug":"topran-723-404-pyoranpultit","status":"publish","type":"product","link":"https:\/\/www.autonvaraosahaku.fi\/?product=topran-723-404-pyoranpultit","title":{"rendered":"TOPRAN 723 404 Py\u00f6r\u00e4npultit"},"content":{"rendered":"<p>Py\u00f6r\u00e4n kiinnitys: Kartiolaippa F; Sis\u00e4kierre (mm): M 12; Avainv\u00e4li: 21; Kierrenousu (mm): 1,5; Ruuvikanta\/mutteriprofiili: Kuusioruuvi \/-mutteri; Vanteet: f\u00fcr Stahlfelgen; MAZDA: 5 CR19,3 BK,6 Station Wagon GY,6 Kombi GH,2 DE,6 Hatchback GG,6 GG,3 BL,5 CW,3 BM,6 Schr\u00e4gheck GH,3 Stufenheck BK,6 GH,3 Stufenheck BL,3 Stufenheck BM,2 DL, DJ; KIA: MAGENTIS GD; HYUNDAI: MATRIX FC,ATOS MX,SONATA V NF,SONATA IV EF,ACCENT II LC,H-1 Kasten,ACCENT III MC,H-1 \/ STAREX,ELANTRA XD,ACCENT III Stufenheck MC,ELANTRA Stufenheck XD,ACCENT II Stufenheck LC,ELANTRA Stufenheck MD, UD; VOLVO: V40 Kombi VW,S40 I VS; CITRO\u00cbN: C-CROSSER EP_,C4 AIRCROSS; PEUGEOT: 4007 GP_,4008; MITSUBISHI: ASX GA_W_,OUTLANDER III GG_W, GF_W, ZJ; 540581, 5295111210, 5295111210, 060326161, 060326161A, 3880A007, 540581, 9008017005, 9008017035, 9094201007, 30870000, 30873148; Py\u00f6r\u00e4n Mutteri<\/p>\n","protected":false},"excerpt":{"rendered":"<p>TOPRAN Py\u00f6r\u00e4nmutterit 723 404 Py\u00f6r\u00e4n Mutteri MAZDA,KIA,HYUNDAI,5 CR19,3 BK,6 Station Wagon GY,6 Kombi GH,2 DE,6 Hatchback GG,6 GG,3 BL,5 CW,3 BM<\/p>\n","protected":false},"featured_media":0,"template":"","meta":{"site-sidebar-layout":"default","site-content-layout":"default","ast-global-header-display":"","ast-main-header-display":"","ast-hfb-above-header-display":"","ast-hfb-below-header-display":"","ast-hfb-mobile-header-display":"","site-post-title":"","ast-breadcrumbs-content":"","ast-featured-img":"","footer-sml-layout":"","theme-transparent-header-meta":"","adv-header-id-meta":"","stick-header-meta":"","header-above-stick-meta":"","header-main-stick-meta":"","header-below-stick-meta":""},"pwb-brand":[18],"product_cat":[51],"product_tag":[],"class_list":{"0":"post-24155","1":"product","2":"type-product","3":"status-publish","5":"pwb-brand-topran","6":"product_cat-pyoranpultit","7":"desktop-align-left","8":"tablet-align-left","9":"mobile-align-left","11":"first","12":"instock","13":"product-type-external"},"brands":[{"id":18,"name":"TOPRAN","slug":"topran"}],"_links":{"self":[{"href":"https:\/\/www.autonvaraosahaku.fi\/index.php?rest_route=\/wp\/v2\/product\/24155","targetHints":{"allow":["GET"]}}],"collection":[{"href":"https:\/\/www.autonvaraosahaku.fi\/index.php?rest_route=\/wp\/v2\/product"}],"about":[{"href":"https:\/\/www.autonvaraosahaku.fi\/index.php?rest_route=\/wp\/v2\/types\/product"}],"wp:attachment":[{"href":"https:\/\/www.autonvaraosahaku.fi\/index.php?rest_route=%2Fwp%2Fv2%2Fmedia&parent=24155"}],"wp:term":[{"taxonomy":"pwb-brand","embeddable":true,"href":"https:\/\/www.autonvaraosahaku.fi\/index.php?rest_route=%2Fwp%2Fv2%2Fpwb-brand&post=24155"},{"taxonomy":"product_cat","embeddable":true,"href":"https:\/\/www.autonvaraosahaku.fi\/index.php?rest_route=%2Fwp%2Fv2%2Fproduct_cat&post=24155"},{"taxonomy":"product_tag","embeddable":true,"href":"https:\/\/www.autonvaraosahaku.fi\/index.php?rest_route=%2Fwp%2Fv2%2Fproduct_tag&post=24155"}],"curies":[{"name":"wp","href":"https:\/\/api.w.org\/{rel}","templated":true}]}}