{"id":24162,"date":"2021-02-21T14:53:12","date_gmt":"2021-02-21T14:53:12","guid":{"rendered":"https:\/\/www.autonvaraosahaku.fi\/?product=hella-9xw-178-878-231-pyyhkijansulat"},"modified":"2021-02-21T14:53:13","modified_gmt":"2021-02-21T14:53:13","slug":"hella-9xw-178-878-231-pyyhkijansulat","status":"publish","type":"product","link":"https:\/\/www.autonvaraosahaku.fi\/?product=hella-9xw-178-878-231-pyyhkijansulat","title":{"rendered":"HELLA 9XW 178 878-231 Pyyhkij\u00e4nsulat"},"content":{"rendered":"<p>Asennuspuoli: Edess\u00e4, fahrerseitig; Pituus (mm): 575; Pituus (tuumaa): 23; Vasen \/ oikea liikenne: Ohjaus vasemmalla; M\u00e4\u00e4r\u00e4: 1; Pyyhkij\u00e4nsulkatyyppi: Pyyhkij\u00e4nsulka,perinteinen runko; MAZDA: MPV II LW; BMW: 5 E60,5 Touring E61,6 E63,6 Cabriolet E64; CHEVROLET: SPARK M300; NISSAN: JUKE F15; HONDA: CIVIC VIII Stufenheck FD, FA; SAAB: 9-3 YS3F,9-3 Kombi YS3F,9-3 Cabriolet YS3F,9-3X; MERCEDES-BENZ: A-CLASS W169,B-CLASS W245,VANEO 414; OPEL: MERIVA,ZAFIRA A F75_,MERIVA B,SINTRA; LANCIA: Y 840A; FIAT: PANDA 169,PUNTO 176,PANDA Van 169,STRADA Pick-up 178E,BRAVO I 182,BRAVA 182,PUNTO Cabriolet 176C,MAREA Weekend 185,PALIO Weekend 178DX,STRADA Pick-up 578_,MAREA 185,PUNTO Van 176L,PALIO 178BX,SIENA 178_; Tuulilasinpyyhkimet,Pyyhkij\u00e4t,Pyyhkij\u00e4nsulka<\/p>\n","protected":false},"excerpt":{"rendered":"<p>HELLA Pyyhkij\u00e4nsulat 9XW 178 878-231 Tuulilasinpyyhkimet,Pyyhkij\u00e4t MAZDA,BMW,CHEVROLET,MPV II LW,5 E60,5 Touring E61,6 E63,6 Cabriolet E64,SPARK M300<\/p>\n","protected":false},"featured_media":0,"template":"","meta":{"site-sidebar-layout":"default","site-content-layout":"default","ast-global-header-display":"","ast-main-header-display":"","ast-hfb-above-header-display":"","ast-hfb-below-header-display":"","ast-hfb-mobile-header-display":"","site-post-title":"","ast-breadcrumbs-content":"","ast-featured-img":"","footer-sml-layout":"","theme-transparent-header-meta":"","adv-header-id-meta":"","stick-header-meta":"","header-above-stick-meta":"","header-main-stick-meta":"","header-below-stick-meta":""},"pwb-brand":[24],"product_cat":[33],"product_tag":[],"class_list":{"0":"post-24162","1":"product","2":"type-product","3":"status-publish","5":"pwb-brand-hella","6":"product_cat-pyyhkijansulat","7":"desktop-align-left","8":"tablet-align-left","9":"mobile-align-left","11":"first","12":"instock","13":"product-type-external"},"brands":[{"id":24,"name":"HELLA","slug":"hella"}],"_links":{"self":[{"href":"https:\/\/www.autonvaraosahaku.fi\/index.php?rest_route=\/wp\/v2\/product\/24162","targetHints":{"allow":["GET"]}}],"collection":[{"href":"https:\/\/www.autonvaraosahaku.fi\/index.php?rest_route=\/wp\/v2\/product"}],"about":[{"href":"https:\/\/www.autonvaraosahaku.fi\/index.php?rest_route=\/wp\/v2\/types\/product"}],"wp:attachment":[{"href":"https:\/\/www.autonvaraosahaku.fi\/index.php?rest_route=%2Fwp%2Fv2%2Fmedia&parent=24162"}],"wp:term":[{"taxonomy":"pwb-brand","embeddable":true,"href":"https:\/\/www.autonvaraosahaku.fi\/index.php?rest_route=%2Fwp%2Fv2%2Fpwb-brand&post=24162"},{"taxonomy":"product_cat","embeddable":true,"href":"https:\/\/www.autonvaraosahaku.fi\/index.php?rest_route=%2Fwp%2Fv2%2Fproduct_cat&post=24162"},{"taxonomy":"product_tag","embeddable":true,"href":"https:\/\/www.autonvaraosahaku.fi\/index.php?rest_route=%2Fwp%2Fv2%2Fproduct_tag&post=24162"}],"curies":[{"name":"wp","href":"https:\/\/api.w.org\/{rel}","templated":true}]}}