{"id":24173,"date":"2021-02-21T14:53:12","date_gmt":"2021-02-21T14:53:12","guid":{"rendered":"https:\/\/www.autonvaraosahaku.fi\/?product=febi-bilstein-13447-sytytystulpat"},"modified":"2021-02-21T14:53:14","modified_gmt":"2021-02-21T14:53:14","slug":"febi-bilstein-13447-sytytystulpat","status":"publish","type":"product","link":"https:\/\/www.autonvaraosahaku.fi\/?product=febi-bilstein-13447-sytytystulpat","title":{"rendered":"FEBI BILSTEIN 13447 Sytytystulpat"},"content":{"rendered":"<p>Ulkokierre [mm]: M14 x 1,25; Kierteen pituus (mm): 19; Avainv\u00e4li: 21; K\u00e4rkiv\u00e4li (mm): 0,72; Sytytystulppa: suoralla istukalla, 1-maaelektroodi; Paino [kg]: 0,03, 0,03; Huomioi tekniset tiedot: ; VW: TOURAN 1T1, 1T2,GOLF II 19E, 1G1,GOLF I Cabriolet 155,TRANSPORTER III Bus,POLO 86C, 80,POLO Coupe 86C, 80,SCIROCCO 53B,LT 28-35 I Kasten 281-363,GOLF I 17,LT 28-35 I Bus 281-363,CADDY I 14,JETTA II 19E, 1G2, 165,PASSAT Variant 32B,TRANSPORTER III Kasten,POLO CLASSIC 86C, 80,LT 28-35 I Pritsche\/Fahrgestell 281-363,TRANSPORTER III Pritsche\/Fahrgestell,PASSAT 32B,LT 40-55 I Pritsche\/Fahrgestell 293-909,POLO 86,SCIROCCO 53,ILTIS 183,JETTA I 16,DERBY 86C, 80,PASSAT 32,LT 40-55 I Kasten 291-512,DERBY 86,PASSAT Variant 33,SANTANA 32B; BMW: 02 E10,5 E12,02 Touring E6,02 Cabriolet E10; NISSAN: PICK UP D21,PICK UP 720,PRAIRIE PRO M11,CABSTAR Pritsche\/Fahrgestell F22, H40; HONDA: CIVIC I Hatchback SB; DAIHATSU: HIJET Kasten S85,CHARADE II G11, G30; MERCEDES-BENZ: SL R107,Stufenheck W123,S-CLASS W126,G-CLASS W463,G-CLASS W460,COUPE C123,S-CLASS W108, W109,S-CLASS W116,S-CLASS Coupe C126,KOMBI Kombi S123,SL Coupe C107,HECKFLOSSE W111, W112,T2\/L Kipper; SUBARU: LEONE I Hatchback,LEONE I Station Wagon; FORD: ESCORT I AFH, ATH,TRANSIT Bus 72E, 73E,TRANSIT Kasten 72E, 71E,TRANSIT Pritsche\/Fahrgestell 74E,ESCORT I Kombi ADH; FIAT: DUCATO Kasten 290,DUCATO Pritsche\/Fahrgestell 290,DUCATO Kasten 280,DUCATO Pritsche\/Fahrgestell 280,DUCATO Panorama 280,DUCATO Panorama 290,127,131,124,132,ARGENTA 132A,131 Familiare\/Panorama; CITRO\u00cbN: C25 Bus 280_, 290_,C25 Kasten 280_, 290_; 12121257513, 12121258158, 12121258973, 12129055912, 596119, 596147, 596193, 596196, 596211, 596213, 596219, 596251, 596252, 596260, 596270, 5962A4, 9004851034000, 9004851034010, 4359422, 4359423, 4401549, 46229251, 60504563, 7554420, 7554421, 7554442, 1120837, 1506415, 5099738, 5099767, 5099782, 5099795, 5099796, 5099803, 5099861, 5099885, 5099944, 08982999000, 9807656811, 9807956811, 9807956841, 980795684101, 980795684102, 9817956841, NGKBP6E, NGKBP6ES, 9825131030, MS851183, 22401A4616, 22401V0516, 22401W8916, 22401W8986, 22401W8986PC, 22401W8991, 22401Y9266, B2401W8916, 596119, 596147, 596193, 596196, 596211, 596213, 596219, 596251, 596252, 596260, 596270, 596299, 5962A4, 92809460203, 99917011790, 99917011990, 99917012690, 99917014690, 99917014890, 0855939100, 7700533622, 7700553622, 7700583895, 7700659152, 7700724821, 7700857576, 7700861472, 7701023080, 7701366086, 7701366269, 7701366516, 7701414025, 7751023082, 22401AA020, 22401AA030, 420545502, 0948200118, 101000000AB, 101000002&#8230;; Tulpat,Sytytystulppa<\/p>\n","protected":false},"excerpt":{"rendered":"<p>FEBI BILSTEIN Sytytystulpat 13447 Tulpat,Sytytystulppa VW,BMW,NISSAN,TOURAN 1T1, 1T2,GOLF II 19E, 1G1,GOLF I Cabriolet 155,TRANSPORTER III Bus<\/p>\n","protected":false},"featured_media":0,"template":"","meta":{"site-sidebar-layout":"default","site-content-layout":"default","ast-global-header-display":"","ast-main-header-display":"","ast-hfb-above-header-display":"","ast-hfb-below-header-display":"","ast-hfb-mobile-header-display":"","site-post-title":"","ast-breadcrumbs-content":"","ast-featured-img":"","footer-sml-layout":"","theme-transparent-header-meta":"","adv-header-id-meta":"","stick-header-meta":"","header-above-stick-meta":"","header-main-stick-meta":"","header-below-stick-meta":""},"pwb-brand":[50],"product_cat":[165],"product_tag":[],"class_list":{"0":"post-24173","1":"product","2":"type-product","3":"status-publish","5":"pwb-brand-febi-bilstein","6":"product_cat-sytytystulpat","7":"desktop-align-left","8":"tablet-align-left","9":"mobile-align-left","11":"first","12":"instock","13":"product-type-external"},"brands":[{"id":50,"name":"FEBI BILSTEIN","slug":"febi-bilstein"}],"_links":{"self":[{"href":"https:\/\/www.autonvaraosahaku.fi\/index.php?rest_route=\/wp\/v2\/product\/24173","targetHints":{"allow":["GET"]}}],"collection":[{"href":"https:\/\/www.autonvaraosahaku.fi\/index.php?rest_route=\/wp\/v2\/product"}],"about":[{"href":"https:\/\/www.autonvaraosahaku.fi\/index.php?rest_route=\/wp\/v2\/types\/product"}],"wp:attachment":[{"href":"https:\/\/www.autonvaraosahaku.fi\/index.php?rest_route=%2Fwp%2Fv2%2Fmedia&parent=24173"}],"wp:term":[{"taxonomy":"pwb-brand","embeddable":true,"href":"https:\/\/www.autonvaraosahaku.fi\/index.php?rest_route=%2Fwp%2Fv2%2Fpwb-brand&post=24173"},{"taxonomy":"product_cat","embeddable":true,"href":"https:\/\/www.autonvaraosahaku.fi\/index.php?rest_route=%2Fwp%2Fv2%2Fproduct_cat&post=24173"},{"taxonomy":"product_tag","embeddable":true,"href":"https:\/\/www.autonvaraosahaku.fi\/index.php?rest_route=%2Fwp%2Fv2%2Fproduct_tag&post=24173"}],"curies":[{"name":"wp","href":"https:\/\/api.w.org\/{rel}","templated":true}]}}