{"id":24210,"date":"2021-02-21T14:53:21","date_gmt":"2021-02-21T14:53:21","guid":{"rendered":"https:\/\/www.autonvaraosahaku.fi\/?product=beru-evl029-virranjakajan-pyorija"},"modified":"2021-02-21T14:53:22","modified_gmt":"2021-02-21T14:53:22","slug":"beru-evl029-virranjakajan-pyorija","status":"publish","type":"product","link":"https:\/\/www.autonvaraosahaku.fi\/?product=beru-evl029-virranjakajan-pyorija","title":{"rendered":"BERU EVL029 Virranjakajan py\u00f6rij\u00e4"},"content":{"rendered":"<p>Valmistaja rajaus: System BOSCH\/PAL; Materiaali: Polyesteri; L\u00e4pimitta sis\u00e4\u00e4notto [mm]: 14,4; Virranjakaja: H\u00e4iri\u00f6npoisto, 5 k-ohm, R\u00e4ik\u00e4ll\u00e4; Katalysaattorimalli: f\u00fcr Fahrzeuge mit Katalysator; VW: GOLF II 19E, 1G1,GOLF I Cabriolet 155,TRANSPORTER III Bus,KAEFER,LT 28-35 I Kasten 281-363,GOLF I 17,LT 28-35 I Bus 281-363,CADDY I 14,JETTA II 19E, 1G2, 165,KAEFER Cabriolet 15,TRANSPORTER II Bus,LT 28-35 I Pritsche\/Fahrgestell 281-363,411412,SCIROCCO 53,SAFARI,1500,1600 Variant 36,ILTIS 183,JETTA I 16,PASSAT 32,KARMANN GHIA Coupe 14, 34,1500,1600 Schr\u00e4gheck 31,PASSAT Variant 33,KARMANN GHIA Cabriolet 14, 34,TRANSPORTER II Pritsche\/Fahrgestell; AUDI: 80 81, 85, B2,80 80, 82, B1,100 C1,100 Coupe C1,100 43, C2,100 Avant 43, C2; SKODA: FELICIA I 6U1,FELICIA I Kombi 6U5,105,120 742,FAVORIT 781,105,120 744,FAVORIT Forman 785,RAPID 120G, 130G, 135G; BMW: 02 E10,3 E21; VOLVO: 240 Kombi P245,240 P242, P244,340-360 343, 345,140 142, 144,340-360 Stufenheck 344; SAAB: 900 I Combi Coupe,900 I AC4, AM4,99,99 Combi Coupe; MERCEDES-BENZ: Stufenheck W123,COUPE C123,KOMBI Kombi S123,T1 Bus 601,T1 Pritsche\/Fahrgestell 601; OPEL: KADETT E CC 33_, 34_, 43_, 44_,CORSA A CC 93_, 94_, 98_, 99_,MANTA B 58_, 59_,ASCONA B 81_, 86_, 87_, 88_,CORSA A TR 91_, 92_, 96_, 97_,KADETT D 31_-34_, 41_-44_,KADETT E 39_, 49_,KADETT E Caravan 35_, 36_, 45_, 46_,MANTA B CC 53_, 55_,KADETT D Caravan 35_, 36_, 45_, 46_,CORSA A Kasten; LANCIA: BETA Spider 828BS,BETA Coupe 828BC,BETA  H.P.E. 828BF,GAMMA Coupe,BETA 828_B_,TREVI 828DB; FORD: SIERRA GBG, GB4,SIERRA Schr\u00e4gheck GBC, GBG,TRANSIT Kasten T_ _,FIESTA I GFBT,FIESTA II FBD,TRANSIT Bus V_ _,TRANSIT Bus T_ _,SIERRA Schr\u00e4gheck GBC,ESCORT II ATH,ESCORT III GAA,ESCORT I AFH, ATH,TRANSIT Kasten V_ _,TRANSIT Pritsche\/Fahrgestell V_ _,SIERRA Kombi BNG,GRANADA GU,TRANSIT Pritsche\/Fahrgestell T_ _,SIERRA Kombi BNC,GRANADA Kombi GNU,ESCORT II Kombi,ESCORT III Kombi AWA,ESCORT I Kombi ADH,ESCORT &#8217;81 Express AVA; 11636050110101, 12111351447, 12111360305, 12118630144, 744625, 3894493, 9927962, 9927967, 11425981, 1606399, 82HF12200AA, A780X12200KA, 82316498, 0001582731, 0001583131, 92360292900, 8355950, NG33221529, 113911400, 243796, 243903, 11425981<\/p>\n","protected":false},"excerpt":{"rendered":"<p>BERU Virranjakajan Py\u00f6rij\u00e4 EVL029  VW,AUDI,SKODA,GOLF II 19E, 1G1,GOLF I Cabriolet 155,TRANSPORTER III Bus,KAEFER,LT 28-35 I Kasten 281-363,GOLF I 17<\/p>\n","protected":false},"featured_media":0,"template":"","meta":{"site-sidebar-layout":"default","site-content-layout":"default","ast-global-header-display":"","ast-main-header-display":"","ast-hfb-above-header-display":"","ast-hfb-below-header-display":"","ast-hfb-mobile-header-display":"","site-post-title":"","ast-breadcrumbs-content":"","ast-featured-img":"","footer-sml-layout":"","theme-transparent-header-meta":"","adv-header-id-meta":"","stick-header-meta":"","header-above-stick-meta":"","header-main-stick-meta":"","header-below-stick-meta":""},"pwb-brand":[327],"product_cat":[94],"product_tag":[],"class_list":{"0":"post-24210","1":"product","2":"type-product","3":"status-publish","5":"pwb-brand-beru","6":"product_cat-virranjakajan-pyorija","7":"desktop-align-left","8":"tablet-align-left","9":"mobile-align-left","11":"first","12":"instock","13":"product-type-external"},"brands":[{"id":327,"name":"BERU","slug":"beru"}],"_links":{"self":[{"href":"https:\/\/www.autonvaraosahaku.fi\/index.php?rest_route=\/wp\/v2\/product\/24210","targetHints":{"allow":["GET"]}}],"collection":[{"href":"https:\/\/www.autonvaraosahaku.fi\/index.php?rest_route=\/wp\/v2\/product"}],"about":[{"href":"https:\/\/www.autonvaraosahaku.fi\/index.php?rest_route=\/wp\/v2\/types\/product"}],"wp:attachment":[{"href":"https:\/\/www.autonvaraosahaku.fi\/index.php?rest_route=%2Fwp%2Fv2%2Fmedia&parent=24210"}],"wp:term":[{"taxonomy":"pwb-brand","embeddable":true,"href":"https:\/\/www.autonvaraosahaku.fi\/index.php?rest_route=%2Fwp%2Fv2%2Fpwb-brand&post=24210"},{"taxonomy":"product_cat","embeddable":true,"href":"https:\/\/www.autonvaraosahaku.fi\/index.php?rest_route=%2Fwp%2Fv2%2Fproduct_cat&post=24210"},{"taxonomy":"product_tag","embeddable":true,"href":"https:\/\/www.autonvaraosahaku.fi\/index.php?rest_route=%2Fwp%2Fv2%2Fproduct_tag&post=24210"}],"curies":[{"name":"wp","href":"https:\/\/api.w.org\/{rel}","templated":true}]}}