{"id":24211,"date":"2021-02-21T14:53:21","date_gmt":"2021-02-21T14:53:21","guid":{"rendered":"https:\/\/www.autonvaraosahaku.fi\/?product=beru-z1-sytytystulpat"},"modified":"2021-02-21T14:53:23","modified_gmt":"2021-02-21T14:53:23","slug":"beru-z1-sytytystulpat","status":"publish","type":"product","link":"https:\/\/www.autonvaraosahaku.fi\/?product=beru-z1-sytytystulpat","title":{"rendered":"BERU Z1 Sytytystulpat"},"content":{"rendered":"<p>K\u00e4rkiv\u00e4li (mm): 0,7; Liittimet: SAE\/M4; Kierremitta: M14x1,25; Avainv\u00e4li: 21 mm; Sytytystulppa: 1-maaelektroodi, suoralla istukalla; Kierteen pituus (mm): 19; Teknisten tietojen numero: 14-8 DU; Itsepalvelupakattu, katso osaluettelo: ; Kiristysmomentti > [Nm]: 20; Kiristysmomentti enint\u00e4\u00e4n [Nm]: 30; Tuotelinja: ULTRA; Tarvittava kappalem\u00e4\u00e4r\u00e4: 4; VW: GOLF I Cabriolet 155,SCIROCCO 53B,GOLF I 17,CADDY I 14,JETTA II 19E, 1G2, 165,SCIROCCO 53,JETTA I 16; MERCEDES-BENZ: SL R107,Stufenheck W123,SL Coupe C107; BMW: 3 E30,02 E10,5 E28,6 E24,3 E21,7 E23,5 E12; RENAULT: 19 II B\/C53_,SUPER 5 B\/C40_,5 122_,RAPID Kasten F40_, G40_,19 I B\/C53_,TRAFIC Kasten TXX,9 L42_,11 B\/C37_,21 Stufenheck L48_,19 I Chamade L53_,TRAFIC Kasten T1, T3, T4,CLIO I Kasten S57_,TRAFIC Bus T5, T6, T7,18 134_,11 Kasten S37_,18 Variable 135_,FUEGO 136_,19 II Kasten S53_,TRAFIC Pritsche\/Fahrgestell P6,19 I Kasten S53_,18 Kasten,SUPER 5 Kasten S40_; TOYOTA: CELICA RA2_, TA2_,CELICA Coupe RA4_, TA4_,CELICA TA60, RA40, RA6_,COROLLA Liftback _E7_; NISSAN: PRAIRIE M10, NM10; MAZDA: 626 III GD,626 III Hatchback GD,626 III Station Wagon GV,E-SERIE Kasten; ALFA ROMEO: 6 119; PORSCHE: 928; LAND ROVER: RANGE ROVER I AE, AN, HAA, HAB, HAM, HBM, RE, RN,88\/109,88\/109 Hardtop; 9151700180, 12121262360, 12121262361, 12121263070, 12121276283, 12121279526, 12121286682, 12121288234, 12121334315, 12129005913, 12129056446, 12129056447, 12129057189, 12129057190, 12129057749, 12129057750, 12129057992, 12795264, 5432057Y, ZC9862090U, 9151700180, 9151700180, 0021590403, 0021590503, 0021590603, 0021590703, 0021591603, 0021591703, 0021594803, 0021596003, 0031591103, 0031592903, 0031594603, 1161590103, A0031594603, 5962A2, 9050714, 99917013290, 99917013390, 99917013690, 99917017090, 9050714, 7700613828, 7700647265, 7700661752, 7700670734, 7700683771, 7700724821, 7700724822, 7700743920, 7700824821, 7700862054, 7701023325, 7701041214, 7702124101, 0003908857, 9091901020, 9091901056, 9091901059; Tulpat,Sytytystulppa<\/p>\n","protected":false},"excerpt":{"rendered":"<p>BERU Sytytystulpat Z1 Tulpat,Sytytystulppa VW,MERCEDES-BENZ,BMW,GOLF I Cabriolet 155,SCIROCCO 53B,GOLF I 17,CADDY I 14,JETTA II 19E, 1G2, 165<\/p>\n","protected":false},"featured_media":0,"template":"","meta":{"site-sidebar-layout":"default","site-content-layout":"default","ast-global-header-display":"","ast-main-header-display":"","ast-hfb-above-header-display":"","ast-hfb-below-header-display":"","ast-hfb-mobile-header-display":"","site-post-title":"","ast-breadcrumbs-content":"","ast-featured-img":"","footer-sml-layout":"","theme-transparent-header-meta":"","adv-header-id-meta":"","stick-header-meta":"","header-above-stick-meta":"","header-main-stick-meta":"","header-below-stick-meta":""},"pwb-brand":[327],"product_cat":[165],"product_tag":[],"class_list":{"0":"post-24211","1":"product","2":"type-product","3":"status-publish","5":"pwb-brand-beru","6":"product_cat-sytytystulpat","7":"desktop-align-left","8":"tablet-align-left","9":"mobile-align-left","11":"first","12":"instock","13":"product-type-external"},"brands":[{"id":327,"name":"BERU","slug":"beru"}],"_links":{"self":[{"href":"https:\/\/www.autonvaraosahaku.fi\/index.php?rest_route=\/wp\/v2\/product\/24211","targetHints":{"allow":["GET"]}}],"collection":[{"href":"https:\/\/www.autonvaraosahaku.fi\/index.php?rest_route=\/wp\/v2\/product"}],"about":[{"href":"https:\/\/www.autonvaraosahaku.fi\/index.php?rest_route=\/wp\/v2\/types\/product"}],"wp:attachment":[{"href":"https:\/\/www.autonvaraosahaku.fi\/index.php?rest_route=%2Fwp%2Fv2%2Fmedia&parent=24211"}],"wp:term":[{"taxonomy":"pwb-brand","embeddable":true,"href":"https:\/\/www.autonvaraosahaku.fi\/index.php?rest_route=%2Fwp%2Fv2%2Fpwb-brand&post=24211"},{"taxonomy":"product_cat","embeddable":true,"href":"https:\/\/www.autonvaraosahaku.fi\/index.php?rest_route=%2Fwp%2Fv2%2Fproduct_cat&post=24211"},{"taxonomy":"product_tag","embeddable":true,"href":"https:\/\/www.autonvaraosahaku.fi\/index.php?rest_route=%2Fwp%2Fv2%2Fproduct_tag&post=24211"}],"curies":[{"name":"wp","href":"https:\/\/api.w.org\/{rel}","templated":true}]}}