{"id":24213,"date":"2021-02-21T14:53:21","date_gmt":"2021-02-21T14:53:21","guid":{"rendered":"https:\/\/www.autonvaraosahaku.fi\/?product=hella-6pr-007-868-031-anturit-sensorit"},"modified":"2021-02-21T14:53:23","modified_gmt":"2021-02-21T14:53:23","slug":"hella-6pr-007-868-031-anturit-sensorit","status":"publish","type":"product","link":"https:\/\/www.autonvaraosahaku.fi\/?product=hella-6pr-007-868-031-anturit-sensorit","title":{"rendered":"HELLA 6PR 007 868-031 Anturit (sensorit)"},"content":{"rendered":"<p>Lis\u00e4tarvike\/lis\u00e4tieto: Tiivisteill\u00e4, Ilman imusarjaa; Napojen m\u00e4\u00e4r\u00e4: 3; Pituus (mm): 111; J\u00e4nnite (V): 12; K\u00e4ytt\u00f6: S\u00e4hk\u00f6inen; Valmistusvuosi alkaen: 04\/2009; BMW: 3 E46,3 Touring E91,3 E90,5 E39,5 E60,1 E87,5 Touring E61,3 Touring E46,X3 E83,5 Touring E39,5 Touring F11,5 F10, F18,3 Compact E46,3 Coupe E46,X1 E84,1 E81,X5 E53,3 Coupe E92,3 Cabriolet E46,Z3 E36,Z4 E85,3 Cabriolet E93,7 E65, E66, E67,1 Cabriolet E88,1 Coupe E82,5 Gran Turismo F07,Z3 Coupe E36,Z8 E52; 12611439810, 12617508003, 12617832375, 13617832205, 1439810, 7508003, 7832205, 7832375; \u00d6ljyn Tasoanturi,Tunnistin, Moottori\u00f6ljyn Taso<\/p>\n","protected":false},"excerpt":{"rendered":"<p>HELLA \u00d6ljytason Anturi 6PR 007 868-031 \u00d6ljyn Tasoanturi,Tunnistin, Moottori\u00f6ljyn Taso BMW,3 E46,3 Touring E91,3 E90,5 E39,5 E60,1 E87,5 Touring E61<\/p>\n","protected":false},"featured_media":0,"template":"","meta":{"site-sidebar-layout":"default","site-content-layout":"default","ast-global-header-display":"","ast-main-header-display":"","ast-hfb-above-header-display":"","ast-hfb-below-header-display":"","ast-hfb-mobile-header-display":"","site-post-title":"","ast-breadcrumbs-content":"","ast-featured-img":"","footer-sml-layout":"","theme-transparent-header-meta":"","adv-header-id-meta":"","stick-header-meta":"","header-above-stick-meta":"","header-main-stick-meta":"","header-below-stick-meta":""},"pwb-brand":[24],"product_cat":[98],"product_tag":[],"class_list":{"0":"post-24213","1":"product","2":"type-product","3":"status-publish","5":"pwb-brand-hella","6":"product_cat-anturit-sensorit","7":"desktop-align-left","8":"tablet-align-left","9":"mobile-align-left","11":"first","12":"instock","13":"product-type-external"},"brands":[{"id":24,"name":"HELLA","slug":"hella"}],"_links":{"self":[{"href":"https:\/\/www.autonvaraosahaku.fi\/index.php?rest_route=\/wp\/v2\/product\/24213","targetHints":{"allow":["GET"]}}],"collection":[{"href":"https:\/\/www.autonvaraosahaku.fi\/index.php?rest_route=\/wp\/v2\/product"}],"about":[{"href":"https:\/\/www.autonvaraosahaku.fi\/index.php?rest_route=\/wp\/v2\/types\/product"}],"wp:attachment":[{"href":"https:\/\/www.autonvaraosahaku.fi\/index.php?rest_route=%2Fwp%2Fv2%2Fmedia&parent=24213"}],"wp:term":[{"taxonomy":"pwb-brand","embeddable":true,"href":"https:\/\/www.autonvaraosahaku.fi\/index.php?rest_route=%2Fwp%2Fv2%2Fpwb-brand&post=24213"},{"taxonomy":"product_cat","embeddable":true,"href":"https:\/\/www.autonvaraosahaku.fi\/index.php?rest_route=%2Fwp%2Fv2%2Fproduct_cat&post=24213"},{"taxonomy":"product_tag","embeddable":true,"href":"https:\/\/www.autonvaraosahaku.fi\/index.php?rest_route=%2Fwp%2Fv2%2Fproduct_tag&post=24213"}],"curies":[{"name":"wp","href":"https:\/\/api.w.org\/{rel}","templated":true}]}}