{"id":24214,"date":"2021-02-21T14:53:21","date_gmt":"2021-02-21T14:53:21","guid":{"rendered":"https:\/\/www.autonvaraosahaku.fi\/?product=febi-bilstein-13432-sytytystulpat"},"modified":"2021-02-21T14:53:23","modified_gmt":"2021-02-21T14:53:23","slug":"febi-bilstein-13432-sytytystulpat","status":"publish","type":"product","link":"https:\/\/www.autonvaraosahaku.fi\/?product=febi-bilstein-13432-sytytystulpat","title":{"rendered":"FEBI BILSTEIN 13432 Sytytystulpat"},"content":{"rendered":"<p>Ulkokierre [mm]: M14 x 1,25; Kierteen pituus (mm): 19; Avainv\u00e4li: 16; K\u00e4rkiv\u00e4li (mm): 1,1; Sytytystulppa: suoralla istukalla, 1-maaelektroodi; Paino [kg]: 0,23, 0,23; Huomioi tekniset tiedot: ; MAZDA: 3 BK,323 F VI BJ,PREMACY CP,3 BL,3 Stufenheck BK,MPV II LW,3 Stufenheck BL,FAMILIA VI BJ,XEDOS 9 TA,MX-6 GE,FAMILIA IV BG,B-SERIE UF; NISSAN: MICRA III K12,MICRA II K11,ALMERA TINO V10,ALMERA II Hatchback N16,PRIMERA P11,PRIMERA Kombi WP12,PRIMERA P12,TERRANO II R20,PRIMERA Traveller WP11,PRIMERA Hatchback P11,PRIMERA Hatchback P12,ALMERA I Hatchback N15,PATHFINDER R50,ALMERA Mk II N16,ALMERA I N15,300 ZX Z31,BLUEBIRD T72 , T12,BLUEBIRD Hatchback T72, T12,PRAIRIE PRO M11,BLUEBIRD U11; HONDA: ACCORD VI CG, CK,LOGO GA3,ACCORD VI Coupe CG; HYUNDAI: ix35 LM, EL, ELH,GETZ TB,TUCSON JM,MATRIX FC,ATOS MX,GALLOPER II JK-01,ACCENT II LC,ELANTRA Stufenheck XD,ACCENT I X-3,ACCENT II Stufenheck LC,ACCENT Stufenheck X-3,S COUPE SLC,ELANTRA Stufenheck HD; DAIHATSU: SIRION M3_,CUORE VI L7_,SIRION M1,HIJET Kasten S85,FEROZA Soft Top F300,MOVE L6, L9,SPORTRAK F300,CHARADE IV G200, G202,APPLAUSE II A101,APPLAUSE I A101, A111,HIJET Bus S85,HIJET Pick-up; SUBARU: FORESTER SF,IMPREZA Stufenheck GC,IMPREZA Station Wagon GF,IMPREZA Coupe GFC; TOYOTA: YARIS SCP9_, NSP9_, KSP9_, NCP9_, ZSP9_,YARIS SCP1_, NLP1_, NCP1_,AVENSIS Kombi T25,RAV 4 II CLA2_, XA2_, ZCA2_, ACA2_,COROLLA ZZE12_, NDE12_, ZDE12_,AVENSIS T25_,YARIS VERSO _NLP2_, _NCP2_,YARIS NHP13_, NSP13_, NCP13_, KSP13_, NLP13_,COROLLA Kombi _E12J_, _E12T_,AVENSIS Stufenheck T25,AVENSIS _T22_,COROLLA Liftback _E11_,COROLLA Compact _E11_,AVENSIS Station Wagon _T22_,COROLLA Verso ZDE12_, CDE12_,CELICA ZZT23_,COROLLA Stufenheck _E12J_, _E12T_,AVENSIS Liftback _T22_,VIOS\/YARIS Stufenheck ZSP9_, NCP9_,LAND CRUISER 100 UZJ100,COROLLA _E11_,CELICA Coupe AT18_, ST18_,COROLLA Wagon __E11_,COROLLA Liftback _E9_,COROLLA Stufenheck E15_,COROLLA Compact _E9_,COROLLA Station Wagon _E9_,COROLLA _E9_; MITSUBISHI: SPACE STAR DG_A,L 300 Bus P0_W, P1_W, P2_W,L 400 \/ SPACE GEAR Bus PD_W, PC_W, PA_V, PB_V,LANCER V CB\/D_A,L 300 Kasten P0_W, P1_W,L 400 Kasten PD_W, PC_W, PB_V, PA_W, PA_V,DELICA; 9004851157000, 9004851158000, 9807955148, 9807955148S, 9807955148V, 9807955149, 980795514A, 980795514AS, 980795514AV, 980795514B, 980795514E, NGKBCPR5E11, NGKBCPR5EY11, NGKBCPR5EYN11, NGKBKR5E11, 1881411051, 1882311101, 1882911050, 5860076350, B6B318110, BP0218110, MD344180, MS851357, MS851361, MS851727, 2240101P15, 2240150Y05, 2240185E75, 22401V5015, 22401V5085, 01214458, 1214458, 22401AA550, 22401KA210, 89220102183, 9004851158, 9091901129, 9091901130; Tulpat,Sytytystulppa<\/p>\n","protected":false},"excerpt":{"rendered":"<p>FEBI BILSTEIN Sytytystulpat 13432 Tulpat,Sytytystulppa MAZDA,NISSAN,HONDA,3 BK,323 F VI BJ,PREMACY CP,3 BL,3 Stufenheck BK,MPV II LW,3 Stufenheck BL<\/p>\n","protected":false},"featured_media":0,"template":"","meta":{"site-sidebar-layout":"default","site-content-layout":"default","ast-global-header-display":"","ast-main-header-display":"","ast-hfb-above-header-display":"","ast-hfb-below-header-display":"","ast-hfb-mobile-header-display":"","site-post-title":"","ast-breadcrumbs-content":"","ast-featured-img":"","footer-sml-layout":"","theme-transparent-header-meta":"","adv-header-id-meta":"","stick-header-meta":"","header-above-stick-meta":"","header-main-stick-meta":"","header-below-stick-meta":""},"pwb-brand":[50],"product_cat":[165],"product_tag":[],"class_list":{"0":"post-24214","1":"product","2":"type-product","3":"status-publish","5":"pwb-brand-febi-bilstein","6":"product_cat-sytytystulpat","7":"desktop-align-left","8":"tablet-align-left","9":"mobile-align-left","11":"first","12":"instock","13":"product-type-external"},"brands":[{"id":50,"name":"FEBI BILSTEIN","slug":"febi-bilstein"}],"_links":{"self":[{"href":"https:\/\/www.autonvaraosahaku.fi\/index.php?rest_route=\/wp\/v2\/product\/24214","targetHints":{"allow":["GET"]}}],"collection":[{"href":"https:\/\/www.autonvaraosahaku.fi\/index.php?rest_route=\/wp\/v2\/product"}],"about":[{"href":"https:\/\/www.autonvaraosahaku.fi\/index.php?rest_route=\/wp\/v2\/types\/product"}],"wp:attachment":[{"href":"https:\/\/www.autonvaraosahaku.fi\/index.php?rest_route=%2Fwp%2Fv2%2Fmedia&parent=24214"}],"wp:term":[{"taxonomy":"pwb-brand","embeddable":true,"href":"https:\/\/www.autonvaraosahaku.fi\/index.php?rest_route=%2Fwp%2Fv2%2Fpwb-brand&post=24214"},{"taxonomy":"product_cat","embeddable":true,"href":"https:\/\/www.autonvaraosahaku.fi\/index.php?rest_route=%2Fwp%2Fv2%2Fproduct_cat&post=24214"},{"taxonomy":"product_tag","embeddable":true,"href":"https:\/\/www.autonvaraosahaku.fi\/index.php?rest_route=%2Fwp%2Fv2%2Fproduct_tag&post=24214"}],"curies":[{"name":"wp","href":"https:\/\/api.w.org\/{rel}","templated":true}]}}