{"id":24241,"date":"2021-02-21T14:53:30","date_gmt":"2021-02-21T14:53:30","guid":{"rendered":"https:\/\/www.autonvaraosahaku.fi\/?product=ridex-2412p0022-peruutustutka-anturit"},"modified":"2021-02-21T14:53:30","modified_gmt":"2021-02-21T14:53:30","slug":"ridex-2412p0022-peruutustutka-anturit","status":"publish","type":"product","link":"https:\/\/www.autonvaraosahaku.fi\/?product=ridex-2412p0022-peruutustutka-anturit","title":{"rendered":"RIDEX 2412P0022 Peruutustutka anturit"},"content":{"rendered":"<p>Tunnistinmalli: Ultra\u00e4\u00e4nitunnistin; Asennuspuoli: Edess\u00e4 ja takana; Kemialliset ominaisuudet: maalattavissa; Pituus (mm): 31,35; Leveys (mm): 22; Korkeus (mm): 35,9; Liittimi\u00e4: 3; L\u00e4pimitta [mm]: 15,48; Paino [kg]: 0,03; Alustanumerosta: 9V629174; VW: TOURAN 1T1, 1T2,GOLF VI 5K1,PASSAT Variant 3C5,PASSAT 3C2,TIGUAN 5N_,CADDY III Kombi 2KB, 2KJ, 2CB, 2CJ,CADDY III Kasten 2KA, 2KH, 2CA, 2CH,SHARAN 7N1, 7N2,AMAROK 2H_, S1B,CC 358,GOLF VI Cabriolet 517; AUDI: A4 Avant 8K5, B8,A6 Avant 4F5, C6,A3 8P1,A3 Sportback 8PA,A4 8K2, B8,Q5 8R,A6 4F2, C6,A6 Avant 4G5, C7, 4GD,A5 8T3,A5 Sportback 8TA,Q7 4L,TT 8J3,Q3 8U,A6 4G2, C7, 4GC,A1 8X1, 8XF,A1 Sportback 8XA, 8XK,A7 Sportback 4GA, 4GF,A4 Allroad 8KH, B8,A5 Cabriolet 8F7,TT Roadster 8J9,A8 4H_,A3 Cabriolet 8P7,A6 Allroad 4GH, 4GJ,R8 42,R8 Spyder,R8 4S,R8 Spyder 4S9; SKODA: SUPERB Kombi 3T5,SUPERB 3T4,RAPID Spaceback NH1,RAPID NH3; SEAT: ALTEA 5P1,ALTEA XL 5P5, 5P8,EXEO ST 3R5,ALHAMBRA 710, 711,EXEO 3R2; NISSAN: QASHQAI \/ QASHQAI +2 J10, JJ10,MICRA III K12,MICRA C+C K12; KIA: SORENTO II XM; LAND ROVER: RANGE ROVER EVOQUE LV,DISCOVERY IV LA,RANGE ROVER SPORT LW,RANGE ROVER IV LG; HYUNDAI: ix35 LM, EL, ELH,SANTA F\u00c9 III DM,GRAND SANTA F\u00c9,TUCSON; VOLVO: XC60,V70 III BW,V60,V40 Schr\u00e4gheck,XC70 II,S80 II AS,S60 II; OPEL: VIVARO Kasten F7,VIVARO Combi J7,VIVARO Pritsche\/Fahrgestell E7,VIVARO Kasten; 156107891, 1S0919275A, 1S0919275D, 420919275, 4H0919275A, 968902S100, 968902S100, LR011602, LR038533, 28438BG00A, 4452244, 1S0919275D, 284420027R, 284422146R, 1S0919275A, 1S0919275D, 420919275, 1S0919275A, 1S0919275D, 4H0919275A, 93198832, 31270910, 31341345, 31445164, 1S0919275A, 1S0919275D, 1T0919275, 2H0919275A, 4H0919275A; Tunnistin, Et\u00e4isyystunnistin<\/p>\n","protected":false},"excerpt":{"rendered":"<p>RIDEX Peruutustutka Anturit 2412P0022 Tunnistin, Et\u00e4isyystunnistin VW,AUDI,SKODA,TOURAN 1T1, 1T2,GOLF VI 5K1,PASSAT Variant 3C5,PASSAT 3C2,TIGUAN 5N_<\/p>\n","protected":false},"featured_media":0,"template":"","meta":{"site-sidebar-layout":"default","site-content-layout":"default","ast-global-header-display":"","ast-main-header-display":"","ast-hfb-above-header-display":"","ast-hfb-below-header-display":"","ast-hfb-mobile-header-display":"","site-post-title":"","ast-breadcrumbs-content":"","ast-featured-img":"","footer-sml-layout":"","theme-transparent-header-meta":"","adv-header-id-meta":"","stick-header-meta":"","header-above-stick-meta":"","header-main-stick-meta":"","header-below-stick-meta":""},"pwb-brand":[157],"product_cat":[217],"product_tag":[],"class_list":{"0":"post-24241","1":"product","2":"type-product","3":"status-publish","5":"pwb-brand-ridex","6":"product_cat-peruutustutka-anturit","7":"desktop-align-left","8":"tablet-align-left","9":"mobile-align-left","11":"first","12":"instock","13":"product-type-external"},"brands":[{"id":157,"name":"RIDEX","slug":"ridex"}],"_links":{"self":[{"href":"https:\/\/www.autonvaraosahaku.fi\/index.php?rest_route=\/wp\/v2\/product\/24241","targetHints":{"allow":["GET"]}}],"collection":[{"href":"https:\/\/www.autonvaraosahaku.fi\/index.php?rest_route=\/wp\/v2\/product"}],"about":[{"href":"https:\/\/www.autonvaraosahaku.fi\/index.php?rest_route=\/wp\/v2\/types\/product"}],"wp:attachment":[{"href":"https:\/\/www.autonvaraosahaku.fi\/index.php?rest_route=%2Fwp%2Fv2%2Fmedia&parent=24241"}],"wp:term":[{"taxonomy":"pwb-brand","embeddable":true,"href":"https:\/\/www.autonvaraosahaku.fi\/index.php?rest_route=%2Fwp%2Fv2%2Fpwb-brand&post=24241"},{"taxonomy":"product_cat","embeddable":true,"href":"https:\/\/www.autonvaraosahaku.fi\/index.php?rest_route=%2Fwp%2Fv2%2Fproduct_cat&post=24241"},{"taxonomy":"product_tag","embeddable":true,"href":"https:\/\/www.autonvaraosahaku.fi\/index.php?rest_route=%2Fwp%2Fv2%2Fproduct_tag&post=24241"}],"curies":[{"name":"wp","href":"https:\/\/api.w.org\/{rel}","templated":true}]}}