{"id":24282,"date":"2021-02-21T14:53:38","date_gmt":"2021-02-21T14:53:38","guid":{"rendered":"https:\/\/www.autonvaraosahaku.fi\/?product=vaico-v30-2312-pyoranpultit"},"modified":"2021-02-21T14:53:39","modified_gmt":"2021-02-21T14:53:39","slug":"vaico-v30-2312-pyoranpultit","status":"publish","type":"product","link":"https:\/\/www.autonvaraosahaku.fi\/?product=vaico-v30-2312-pyoranpultit","title":{"rendered":"VAICO V30-2312 Py\u00f6r\u00e4npultit"},"content":{"rendered":"<p>Pituus (mm): 49; Ulkokierre [mm]: M14X1,5; Avainv\u00e4li: 17; Kierteen pituus (mm): 26; Ruuvikanta\/mutteriprofiili: Kuusioruuvi \/-mutteri; Laatu \/ luokka: 10,9; Paino [kg]: 0,076; Pakkausleveys [cm]: 2,45; Pakkauskorkeus [mm]: 1,68; Pakkaussyvyys [cm]: 4,9; lis\u00e4tieto: CST99; Vanteet: f\u00fcr Leichtmetallfelgen; MERCEDES-BENZ: E-CLASS W211,C-CLASS W204,A-CLASS W169,B-CLASS W245,C-CLASS T-Model S204,E-CLASS T-Model S211,E-CLASS W212,VIANO W639,B-CLASS W246, W242,M-CLASS W164,M-CLASS W163,E-CLASS T-Model S212,GLK-CLASS X204,VITO Bus W639,A-CLASS W176,CLK C209,S-CLASS W220,VITO \/ MIXTO Kasten W639,CLS C219,SL R230,R-CLASS W251, V251,M-CLASS W166,E-CLASS Coupe C207,CLK Cabriolet A209,CLA Coupe C117,C-CLASS Coupe C204,SLK R172,E-CLASS Cabriolet A207,GL-CLASS X164,CLS C218,S-CLASS Coupe C216,CLS Shooting Brake X218,GL-CLASS X166,SL R231,SLS AMG C197,C-CLASS T-Model S205,C-CLASS W205,SLS AMG Cabriolet A197,SLR R199,GLA-CLASS X156,SLR ROADSTER R199; 0009904907, 0009906707, 0009906907, 0009907207, 0009908307, 1634010670, 2114010370, A0009904907, A0009906707, A0009906907, A0009907207, A0009908307, A1634010670, A2114010370; Py\u00f6r\u00e4nruuvi<\/p>\n","protected":false},"excerpt":{"rendered":"<p>VAICO Py\u00f6r\u00e4npultit V30-2312 Py\u00f6r\u00e4nruuvi MERCEDES-BENZ,E-CLASS W211,C-CLASS W204,A-CLASS W169,B-CLASS W245,C-CLASS T-Model S204,E-CLASS T-Model S211<\/p>\n","protected":false},"featured_media":0,"template":"","meta":{"site-sidebar-layout":"default","site-content-layout":"default","ast-global-header-display":"","ast-main-header-display":"","ast-hfb-above-header-display":"","ast-hfb-below-header-display":"","ast-hfb-mobile-header-display":"","site-post-title":"","ast-breadcrumbs-content":"","ast-featured-img":"","footer-sml-layout":"","theme-transparent-header-meta":"","adv-header-id-meta":"","stick-header-meta":"","header-above-stick-meta":"","header-main-stick-meta":"","header-below-stick-meta":""},"pwb-brand":[330],"product_cat":[51],"product_tag":[],"class_list":{"0":"post-24282","1":"product","2":"type-product","3":"status-publish","5":"pwb-brand-vaico","6":"product_cat-pyoranpultit","7":"desktop-align-left","8":"tablet-align-left","9":"mobile-align-left","11":"first","12":"instock","13":"product-type-external"},"brands":[{"id":330,"name":"VAICO","slug":"vaico"}],"_links":{"self":[{"href":"https:\/\/www.autonvaraosahaku.fi\/index.php?rest_route=\/wp\/v2\/product\/24282","targetHints":{"allow":["GET"]}}],"collection":[{"href":"https:\/\/www.autonvaraosahaku.fi\/index.php?rest_route=\/wp\/v2\/product"}],"about":[{"href":"https:\/\/www.autonvaraosahaku.fi\/index.php?rest_route=\/wp\/v2\/types\/product"}],"wp:attachment":[{"href":"https:\/\/www.autonvaraosahaku.fi\/index.php?rest_route=%2Fwp%2Fv2%2Fmedia&parent=24282"}],"wp:term":[{"taxonomy":"pwb-brand","embeddable":true,"href":"https:\/\/www.autonvaraosahaku.fi\/index.php?rest_route=%2Fwp%2Fv2%2Fpwb-brand&post=24282"},{"taxonomy":"product_cat","embeddable":true,"href":"https:\/\/www.autonvaraosahaku.fi\/index.php?rest_route=%2Fwp%2Fv2%2Fproduct_cat&post=24282"},{"taxonomy":"product_tag","embeddable":true,"href":"https:\/\/www.autonvaraosahaku.fi\/index.php?rest_route=%2Fwp%2Fv2%2Fproduct_tag&post=24282"}],"curies":[{"name":"wp","href":"https:\/\/api.w.org\/{rel}","templated":true}]}}