{"id":24283,"date":"2021-02-21T14:53:38","date_gmt":"2021-02-21T14:53:38","guid":{"rendered":"https:\/\/www.autonvaraosahaku.fi\/?product=ridex-561r0050-hydraulinen-venttiilinnostin"},"modified":"2021-02-21T14:53:39","modified_gmt":"2021-02-21T14:53:39","slug":"ridex-561r0050-hydraulinen-venttiilinnostin","status":"publish","type":"product","link":"https:\/\/www.autonvaraosahaku.fi\/?product=ridex-561r0050-hydraulinen-venttiilinnostin","title":{"rendered":"RIDEX 561R0050 Hydraulinen venttiilinnostin"},"content":{"rendered":"<p>Pituus (mm): 47,5; M\u00e4\u00e4r\u00e4: 1; FIAT: DUCATO Pritsche\/Fahrgestell 230,DUCATO Bus 230,DUCATO Kasten 244,DUCATO Pritsche\/Fahrgestell 244,DUCATO Kasten 230L,DUCATO Bus 244, Z_,ULYSSE 220,SCUDO Kasten 220L,SCUDO Combinato 220P,SCUDO Pritsche\/Fahrgestell 220_; CITRO\u00cbN: BERLINGO MF,XSARA PICASSO N68,C4 I LC_,BERLINGO Kasten M_,C5 I DC_,C5 I Break DE_,XSARA N1,XSARA Break N2,JUMPER Kasten 244,XANTIA X2,XSARA Coupe N0,EVASION 22, U6,XANTIA Break X2,JUMPY U6U,JUMPY Kasten BS_, BT_, BY_, BZ_,JUMPER Kasten 230L,JUMPER Bus 244, Z_,JUMPER Pritsche\/Fahrgestell 244,JUMPY Pritsche\/Fahrgestell BU_, BV_, BW_, BX_,XSARA Kasten,XSARA Kasten\/Schr\u00e4gheck; PEUGEOT: 206 Schr\u00e4gheck 2A\/C,307 SW 3H,307 3A\/C,206 SW 2E\/K,307 Break 3E,306 Schr\u00e4gheck 7A, 7C, N3, N5,607 9D, 9U,406 Break 8E\/F,PARTNER Combispace 5F,PARTNER Kasten 5,306 Break 7E, N3, N5,406 8B,806 221,BOXER Kasten 230L,BOXER Kasten 244,306 7B, N3, N5,EXPERT Kasten 222,BOXER Bus 244, Z_,EXPERT 224,306 Van N_, 7_,BOXER Pritsche\/Fahrgestell 244,EXPERT Pritsche\/Fahrgestell 223; 090358, 090359, 090364, 9640296380, 9623446280, 9640296380, 1284067G10000; Vipupainin, Moottorin S\u00e4\u00e4t\u00f6<\/p>\n","protected":false},"excerpt":{"rendered":"<p>RIDEX Keinuvipu 561R0050 Vipupainin, Moottorin S\u00e4\u00e4t\u00f6 FIAT,CITRO\u00cbN,PEUGEOT,DUCATO Pritsche\/Fahrgestell 230,DUCATO Bus 230,DUCATO Kasten 244<\/p>\n","protected":false},"featured_media":0,"template":"","meta":{"site-sidebar-layout":"default","site-content-layout":"default","ast-global-header-display":"","ast-main-header-display":"","ast-hfb-above-header-display":"","ast-hfb-below-header-display":"","ast-hfb-mobile-header-display":"","site-post-title":"","ast-breadcrumbs-content":"","ast-featured-img":"","footer-sml-layout":"","theme-transparent-header-meta":"","adv-header-id-meta":"","stick-header-meta":"","header-above-stick-meta":"","header-main-stick-meta":"","header-below-stick-meta":""},"pwb-brand":[157],"product_cat":[126],"product_tag":[],"class_list":{"0":"post-24283","1":"product","2":"type-product","3":"status-publish","5":"pwb-brand-ridex","6":"product_cat-hydraulinen-venttiilinnostin","7":"desktop-align-left","8":"tablet-align-left","9":"mobile-align-left","11":"first","12":"instock","13":"product-type-external"},"brands":[{"id":157,"name":"RIDEX","slug":"ridex"}],"_links":{"self":[{"href":"https:\/\/www.autonvaraosahaku.fi\/index.php?rest_route=\/wp\/v2\/product\/24283","targetHints":{"allow":["GET"]}}],"collection":[{"href":"https:\/\/www.autonvaraosahaku.fi\/index.php?rest_route=\/wp\/v2\/product"}],"about":[{"href":"https:\/\/www.autonvaraosahaku.fi\/index.php?rest_route=\/wp\/v2\/types\/product"}],"wp:attachment":[{"href":"https:\/\/www.autonvaraosahaku.fi\/index.php?rest_route=%2Fwp%2Fv2%2Fmedia&parent=24283"}],"wp:term":[{"taxonomy":"pwb-brand","embeddable":true,"href":"https:\/\/www.autonvaraosahaku.fi\/index.php?rest_route=%2Fwp%2Fv2%2Fpwb-brand&post=24283"},{"taxonomy":"product_cat","embeddable":true,"href":"https:\/\/www.autonvaraosahaku.fi\/index.php?rest_route=%2Fwp%2Fv2%2Fproduct_cat&post=24283"},{"taxonomy":"product_tag","embeddable":true,"href":"https:\/\/www.autonvaraosahaku.fi\/index.php?rest_route=%2Fwp%2Fv2%2Fproduct_tag&post=24283"}],"curies":[{"name":"wp","href":"https:\/\/api.w.org\/{rel}","templated":true}]}}