{"id":24338,"date":"2021-02-21T14:53:47","date_gmt":"2021-02-21T14:53:47","guid":{"rendered":"https:\/\/www.autonvaraosahaku.fi\/?product=ridex-561r0038-hydraulinen-venttiilinnostin"},"modified":"2021-02-21T14:53:50","modified_gmt":"2021-02-21T14:53:50","slug":"ridex-561r0038-hydraulinen-venttiilinnostin","status":"publish","type":"product","link":"https:\/\/www.autonvaraosahaku.fi\/?product=ridex-561r0038-hydraulinen-venttiilinnostin","title":{"rendered":"RIDEX 561R0038 Hydraulinen venttiilinnostin"},"content":{"rendered":"<p>Venttiilimalli: Imuventtiileille, Poistoventtiileille; M\u00e4\u00e4r\u00e4: 1; MAZDA: 2 DY,2 DE,3 BL,5 CW,3 Stufenheck BL; VOLVO: V50 MW,V70 III BW,C30,V60,S40 II MS,V40 Schr\u00e4gheck,S80 II AS,S60 II; OPEL: CROSSLAND X,GRANDLAND X A18; MINI: MINI R56,MINI CLUBMAN R55; FORD: FIESTA V JH_, JD_,FIESTA VI,MONDEO IV Turnier BA7,S-MAX WA6,FOCUS III Turnier,GALAXY WA6,FUSION JU_,FOCUS III,C-MAX II,MONDEO IV BA7,GRAND C-MAX,B-MAX JK,ECOSPORT,FOCUS III Stufenheck,MONDEO IV Stufenheck BA7,TOURNEO CONNECT \/ GRAND TOURNEO CONNECT Kombi,FIESTA V Van,FIESTA VI Van,TRANSIT CONNECT Kasten,MONDEO V Turnier,MONDEO V Stufenheck,GRAND C-MAX Van,FIESTA VII,MONDEO V Schr\u00e4gheck,C-MAX II Van,TOURNEO COURIER Kombi,B-MAX Van,TRANSIT CONNECT Kombi,TRANSIT COURIER Kasten,FOCUS III Kasten\/Schr\u00e4gheck,TRANSIT COURIER Kombi; TOYOTA: AYGO WNB1_, KGB1_; FIAT: SCUDO 270_,SCUDO Kasten 270_; CITRO\u00cbN: C1 PM_, PN_,BERLINGO MF,XSARA PICASSO N68,C2 JM_,C3 I FC_,BERLINGO B9,C5 III Break TD_,C4 Picasso I UD_,C4 I LC_,DS3,BERLINGO Kasten M_,C3 Picasso,C5 III RD_,C3 II,XSARA N1,C4 Coupe LA_,C3 Pluriel HB_,C4 II B7,XSARA Break N2,JUMPY,BERLINGO Kasten B9,JUMPY Kasten,C4 Grand Picasso II,C4 Picasso II,DS4,XSARA Coupe N0,NEMO Kasten AA_,DS5,C4 AIRCROSS,NEMO Kombi,DS3 Cabriolet,C2 ENTERPRISE,BERLINGO Pritsche\/Fahrgestell B9,C-ELYSEE,C4 CACTUS,SPACETOURER,C3 III SX,C3 AIRCROSS II,C4 Stufenheck N,JUMPY Pritsche\/Fahrgestell; PEUGEOT: 206 Schr\u00e4gheck 2A\/C,207 WA_, WC_,207 CC WD_,307 3A\/C,207 SW WK_,308 SW,206 SW 2E\/K,208,308 4A_, 4C_,5008,307 Break 3E,508 SW,3008,PARTNER Tepee,308 CC,1007 KM_,2008,PARTNER Kasten 5,508,EXPERT Tepee VF3V_,EXPERT Kasten VF3A_, VF3U_, VF3X_,PARTNER Kasten,206 Stufenheck,BIPPER AA_,308 II,BIPPER Tepee,206 Van,4008,301,308 SW II,207 Van,EXPERT Pritsche\/Fahrgestell,PARTNER Pritsche\/Fahrgestell,408,3008 SUV,EXPERT Kasten,5008 II,TRAVELLER,208 Kasten; DS: DS 3,DS5,DS 4 \/ DS 4 CROSSBACK,DS 3 Cabriolet; 090365, 9636848280, 1145958, 2S6Q6564AA, Y40112130, MN982504, SU00100557, 31330183; Vipupainin, Moottorin S\u00e4\u00e4t\u00f6<\/p>\n","protected":false},"excerpt":{"rendered":"<p>RIDEX Keinuvipu 561R0038 Vipupainin, Moottorin S\u00e4\u00e4t\u00f6 MAZDA,VOLVO,OPEL,2 DY,2 DE,3 BL,5 CW,3 Stufenheck BL,V50 MW,V70 III BW,C30,V60,S40 II MS<\/p>\n","protected":false},"featured_media":0,"template":"","meta":{"site-sidebar-layout":"default","site-content-layout":"default","ast-global-header-display":"","ast-main-header-display":"","ast-hfb-above-header-display":"","ast-hfb-below-header-display":"","ast-hfb-mobile-header-display":"","site-post-title":"","ast-breadcrumbs-content":"","ast-featured-img":"","footer-sml-layout":"","theme-transparent-header-meta":"","adv-header-id-meta":"","stick-header-meta":"","header-above-stick-meta":"","header-main-stick-meta":"","header-below-stick-meta":""},"pwb-brand":[157],"product_cat":[126],"product_tag":[],"class_list":{"0":"post-24338","1":"product","2":"type-product","3":"status-publish","5":"pwb-brand-ridex","6":"product_cat-hydraulinen-venttiilinnostin","7":"desktop-align-left","8":"tablet-align-left","9":"mobile-align-left","11":"first","12":"instock","13":"product-type-external"},"brands":[{"id":157,"name":"RIDEX","slug":"ridex"}],"_links":{"self":[{"href":"https:\/\/www.autonvaraosahaku.fi\/index.php?rest_route=\/wp\/v2\/product\/24338","targetHints":{"allow":["GET"]}}],"collection":[{"href":"https:\/\/www.autonvaraosahaku.fi\/index.php?rest_route=\/wp\/v2\/product"}],"about":[{"href":"https:\/\/www.autonvaraosahaku.fi\/index.php?rest_route=\/wp\/v2\/types\/product"}],"wp:attachment":[{"href":"https:\/\/www.autonvaraosahaku.fi\/index.php?rest_route=%2Fwp%2Fv2%2Fmedia&parent=24338"}],"wp:term":[{"taxonomy":"pwb-brand","embeddable":true,"href":"https:\/\/www.autonvaraosahaku.fi\/index.php?rest_route=%2Fwp%2Fv2%2Fpwb-brand&post=24338"},{"taxonomy":"product_cat","embeddable":true,"href":"https:\/\/www.autonvaraosahaku.fi\/index.php?rest_route=%2Fwp%2Fv2%2Fproduct_cat&post=24338"},{"taxonomy":"product_tag","embeddable":true,"href":"https:\/\/www.autonvaraosahaku.fi\/index.php?rest_route=%2Fwp%2Fv2%2Fproduct_tag&post=24338"}],"curies":[{"name":"wp","href":"https:\/\/api.w.org\/{rel}","templated":true}]}}