{"id":24369,"date":"2021-02-21T14:53:56","date_gmt":"2021-02-21T14:53:56","guid":{"rendered":"https:\/\/www.autonvaraosahaku.fi\/?product=ate-83-7704-0281-3-jarruletku"},"modified":"2021-02-21T14:53:57","modified_gmt":"2021-02-21T14:53:57","slug":"ate-83-7704-0281-3-jarruletku","status":"publish","type":"product","link":"https:\/\/www.autonvaraosahaku.fi\/?product=ate-83-7704-0281-3-jarruletku","title":{"rendered":"ATE 83.7704-0281.3 Jarruletku"},"content":{"rendered":"<p>Pituus (mm): 280; Ulkokierre [mm]: M10x1; Sis\u00e4kierre (mm): M10x1; MAPP-koodi saatavilla: ; Avainv\u00e4li 1 [mm]: 14; Tarvittava kappalem\u00e4\u00e4r\u00e4: 2; MERCEDES-BENZ: C-CLASS W202,190 W201,Stufenheck W124,SL R129,SL R107,Stufenheck W123,S-CLASS W126,KOMBI Kombi S124,E-CLASS W124,COUPE C124,S-CLASS W140,E-CLASS Kombi S124,COUPE C123,S-CLASS W116,S-CLASS Coupe C126,KOMBI Kombi S123,E-CLASS Cabriolet A124,SL Coupe C107,E-CLASS Coupe C124,S-CLASS Coupe C140,CABRIOLET A124; ALFA ROMEO: ALFASUD Sprint 902.A,ALFASUD 901,ALFASUD Giardinetta 904; 101336, 101336000000, 102487, 107101, 54911400000000, 60501338, 60501727, 60709427, 60709762, 60718544, 101336, 102487, 107101, 54911400000000, 60501338, 60501727, 60709427, 60709762, 60718544, 0004283535, 1234280135, 1264280335, A0004283535, A1234280135, A1264280335<\/p>\n","protected":false},"excerpt":{"rendered":"<p>ATE Jarruletku 83.7704-0281.3  MERCEDES-BENZ,ALFA ROMEO,C-CLASS W202,190 W201,Stufenheck W124,SL R129,SL R107,Stufenheck W123,S-CLASS W126<\/p>\n","protected":false},"featured_media":0,"template":"","meta":{"site-sidebar-layout":"default","site-content-layout":"default","ast-global-header-display":"","ast-main-header-display":"","ast-hfb-above-header-display":"","ast-hfb-below-header-display":"","ast-hfb-mobile-header-display":"","site-post-title":"","ast-breadcrumbs-content":"","ast-featured-img":"","footer-sml-layout":"","theme-transparent-header-meta":"","adv-header-id-meta":"","stick-header-meta":"","header-above-stick-meta":"","header-main-stick-meta":"","header-below-stick-meta":""},"pwb-brand":[108],"product_cat":[70],"product_tag":[],"class_list":{"0":"post-24369","1":"product","2":"type-product","3":"status-publish","5":"pwb-brand-ate","6":"product_cat-jarruletku","7":"desktop-align-left","8":"tablet-align-left","9":"mobile-align-left","11":"first","12":"instock","13":"product-type-external"},"brands":[{"id":108,"name":"ATE","slug":"ate"}],"_links":{"self":[{"href":"https:\/\/www.autonvaraosahaku.fi\/index.php?rest_route=\/wp\/v2\/product\/24369","targetHints":{"allow":["GET"]}}],"collection":[{"href":"https:\/\/www.autonvaraosahaku.fi\/index.php?rest_route=\/wp\/v2\/product"}],"about":[{"href":"https:\/\/www.autonvaraosahaku.fi\/index.php?rest_route=\/wp\/v2\/types\/product"}],"wp:attachment":[{"href":"https:\/\/www.autonvaraosahaku.fi\/index.php?rest_route=%2Fwp%2Fv2%2Fmedia&parent=24369"}],"wp:term":[{"taxonomy":"pwb-brand","embeddable":true,"href":"https:\/\/www.autonvaraosahaku.fi\/index.php?rest_route=%2Fwp%2Fv2%2Fpwb-brand&post=24369"},{"taxonomy":"product_cat","embeddable":true,"href":"https:\/\/www.autonvaraosahaku.fi\/index.php?rest_route=%2Fwp%2Fv2%2Fproduct_cat&post=24369"},{"taxonomy":"product_tag","embeddable":true,"href":"https:\/\/www.autonvaraosahaku.fi\/index.php?rest_route=%2Fwp%2Fv2%2Fproduct_tag&post=24369"}],"curies":[{"name":"wp","href":"https:\/\/api.w.org\/{rel}","templated":true}]}}