{"id":24376,"date":"2021-02-21T14:53:56","date_gmt":"2021-02-21T14:53:56","guid":{"rendered":"https:\/\/www.autonvaraosahaku.fi\/?product=japanparts-pp-154af-jarrupalat"},"modified":"2021-02-21T14:53:58","modified_gmt":"2021-02-21T14:53:58","slug":"japanparts-pp-154af-jarrupalat","status":"publish","type":"product","link":"https:\/\/www.autonvaraosahaku.fi\/?product=japanparts-pp-154af-jarrupalat","title":{"rendered":"JAPANPARTS PP-154AF Jarrupalat"},"content":{"rendered":"<p>Asennuspuoli: Taka-akseli; Jarrutyyppi: Levyjarru; Pituus (mm): 105,4; Korkeus (mm): 37,6; Paksuus [mm]: 14,5; WVA-numero: 23871; Tarkistuskilpi: ECE R90 APPROVED; M\u00e4\u00e4r\u00e4yksikk\u00f6: Akselisarja; Valmistusmaa: Japan; NISSAN: QASHQAI \/ QASHQAI +2 J10, JJ10,X-TRAIL T30,JUKE F15,MURANO Z50,TIIDA Schr\u00e4gheck,MURANO Z51,LEAF,CUBE Z12,TIIDA Stufenheck SC11X; SUZUKI: GRAND VITARA II JT; INFINITI: FX,EX,G Stufenheck; 44060AL585, 440608H385, D40601MB0A, D40608H385, D40609N00A, D4060EG50C, D4060JA00A, D4060JA00J, D4M609N00A, D4M60EG50C, 440608H385, 44060AL585, 44060AL586, 44060AL588, 44060AM485, 44060CB10J, 44060EG00J, 44060EG00K, 44060EG085, 44060EM11A, 5581050Z01, AY060NS026, AY060NS030, AY060NS038, AY060NS039, AY060NS040, AY060NS041, AY060NS043, AY060NS045, AY060NS048, AY060NS052, AY060NS053, AY060NS907, D40601BN0A, D40601GZ0C, D40601MB0A, D40603NK0A, D40608H385, D40609N00A, D40609N00B, D4060CY025, D4060EG50C, D4060EM11A, D4060JA00A, D4060JA00J, D4080JA01A, D4080JA01B, D408MJA01K, D4M601BN0A, D4M609N00A, D4M609N00B, D4M60EG50C, 410601408R, D4060JA00A, 5580077K00, 5580077K01, 5580077K02, 5580077K04000; Jarrupalasarja,Jarrupala, Levyjarru<\/p>\n","protected":false},"excerpt":{"rendered":"<p>JAPANPARTS Jarrupalat PP-154AF Jarrupalasarja,Jarrupala, Levyjarru NISSAN,SUZUKI,INFINITI,QASHQAI \/ QASHQAI +2 J10, JJ10,X-TRAIL T30,JUKE F15<\/p>\n","protected":false},"featured_media":0,"template":"","meta":{"site-sidebar-layout":"default","site-content-layout":"default","ast-global-header-display":"","ast-main-header-display":"","ast-hfb-above-header-display":"","ast-hfb-below-header-display":"","ast-hfb-mobile-header-display":"","site-post-title":"","ast-breadcrumbs-content":"","ast-featured-img":"","footer-sml-layout":"","theme-transparent-header-meta":"","adv-header-id-meta":"","stick-header-meta":"","header-above-stick-meta":"","header-main-stick-meta":"","header-below-stick-meta":""},"pwb-brand":[334],"product_cat":[100],"product_tag":[],"class_list":{"0":"post-24376","1":"product","2":"type-product","3":"status-publish","5":"pwb-brand-japanparts","6":"product_cat-jarrupalat","7":"desktop-align-left","8":"tablet-align-left","9":"mobile-align-left","11":"first","12":"instock","13":"product-type-external"},"brands":[{"id":334,"name":"JAPANPARTS","slug":"japanparts"}],"_links":{"self":[{"href":"https:\/\/www.autonvaraosahaku.fi\/index.php?rest_route=\/wp\/v2\/product\/24376","targetHints":{"allow":["GET"]}}],"collection":[{"href":"https:\/\/www.autonvaraosahaku.fi\/index.php?rest_route=\/wp\/v2\/product"}],"about":[{"href":"https:\/\/www.autonvaraosahaku.fi\/index.php?rest_route=\/wp\/v2\/types\/product"}],"wp:attachment":[{"href":"https:\/\/www.autonvaraosahaku.fi\/index.php?rest_route=%2Fwp%2Fv2%2Fmedia&parent=24376"}],"wp:term":[{"taxonomy":"pwb-brand","embeddable":true,"href":"https:\/\/www.autonvaraosahaku.fi\/index.php?rest_route=%2Fwp%2Fv2%2Fpwb-brand&post=24376"},{"taxonomy":"product_cat","embeddable":true,"href":"https:\/\/www.autonvaraosahaku.fi\/index.php?rest_route=%2Fwp%2Fv2%2Fproduct_cat&post=24376"},{"taxonomy":"product_tag","embeddable":true,"href":"https:\/\/www.autonvaraosahaku.fi\/index.php?rest_route=%2Fwp%2Fv2%2Fproduct_tag&post=24376"}],"curies":[{"name":"wp","href":"https:\/\/api.w.org\/{rel}","templated":true}]}}