{"id":24384,"date":"2021-02-21T14:54:00","date_gmt":"2021-02-21T14:54:00","guid":{"rendered":"https:\/\/www.autonvaraosahaku.fi\/?product=trw-jgt286t-iskunvaimennin"},"modified":"2021-02-21T14:54:01","modified_gmt":"2021-02-21T14:54:01","slug":"trw-jgt286t-iskunvaimennin","status":"publish","type":"product","link":"https:\/\/www.autonvaraosahaku.fi\/?product=trw-jgt286t-iskunvaimennin","title":{"rendered":"TRW JGT286T Iskunvaimennin"},"content":{"rendered":"<p>Lukum\u00e4\u00e4r\u00e4 akselille: 1; Asennuspuoli: Taka-akseli; Iskunvaimennin tyyppi: Kaasupaine; Iskunvaimennin asennustapa: Silmukka ylh\u00e4\u00e4ll\u00e4, Silmukka alhaalla; Huomioi tekniset tiedot: ; lis\u00e4tieto: TWIN; Alustarakenne: f\u00fcr Fahrzeuge ohne Sportfahrwerk; OPEL: ZAFIRA A F75_,ASTRA H L48,ASTRA G Caravan F35_,ASTRA H GTC L08,ASTRA H TwinTop L67,ASTRA J Stufenheck,ASTRA H Stufenheck L69,ASTRA F CLASSIC Caravan,ASTRA G Kasten F70; VAUXHALL: ASTRA Mk V H CC,ZAFIRA Mk I A F75,ASTRA Mk V H Convertible,ASTRA Mk IV G CC,ASTRAVAN Mk V H,ASTRAVAN Mk IV G,ASTRA Mk IV G Estate; 436174, 436194, 436282, 436284, 436285, 436315, 436317, 436323, 436324, 436352, 436353, 436359, 436361, 436362, 72119054, 72119055, 72119059, 92078324, 92087085, 93172195, 93178640, 93178642, 93181278, 93181279, 93184273, 93184274, 93186748, 93186749, 93186750, 436194, 436315, 436317, 436323, 436324, 436352, 436353, 436359, 436361, 436362, 72119054, 72119055, 72119059, 92087085, 93148274, 93172195, 93178640, 93178642, 93181278, 93181279, 93184273, 93184274, 93186748, 93186749, 93186750; Iskarit,Iskunvaimennin<\/p>\n","protected":false},"excerpt":{"rendered":"<p>TRW Iskunvaimentimet JGT286T Iskarit,Iskunvaimennin OPEL,VAUXHALL,ZAFIRA A F75_,ASTRA H L48,ASTRA G Caravan F35_,ASTRA H GTC L08,ASTRA H TwinTop L67<\/p>\n","protected":false},"featured_media":0,"template":"","meta":{"site-sidebar-layout":"default","site-content-layout":"default","ast-global-header-display":"","ast-main-header-display":"","ast-hfb-above-header-display":"","ast-hfb-below-header-display":"","ast-hfb-mobile-header-display":"","site-post-title":"","ast-breadcrumbs-content":"","ast-featured-img":"","footer-sml-layout":"","theme-transparent-header-meta":"","adv-header-id-meta":"","stick-header-meta":"","header-above-stick-meta":"","header-main-stick-meta":"","header-below-stick-meta":""},"pwb-brand":[332],"product_cat":[80],"product_tag":[],"class_list":{"0":"post-24384","1":"product","2":"type-product","3":"status-publish","5":"pwb-brand-trw","6":"product_cat-iskunvaimennin","7":"desktop-align-left","8":"tablet-align-left","9":"mobile-align-left","11":"first","12":"instock","13":"product-type-external"},"brands":[{"id":332,"name":"TRW","slug":"trw"}],"_links":{"self":[{"href":"https:\/\/www.autonvaraosahaku.fi\/index.php?rest_route=\/wp\/v2\/product\/24384","targetHints":{"allow":["GET"]}}],"collection":[{"href":"https:\/\/www.autonvaraosahaku.fi\/index.php?rest_route=\/wp\/v2\/product"}],"about":[{"href":"https:\/\/www.autonvaraosahaku.fi\/index.php?rest_route=\/wp\/v2\/types\/product"}],"wp:attachment":[{"href":"https:\/\/www.autonvaraosahaku.fi\/index.php?rest_route=%2Fwp%2Fv2%2Fmedia&parent=24384"}],"wp:term":[{"taxonomy":"pwb-brand","embeddable":true,"href":"https:\/\/www.autonvaraosahaku.fi\/index.php?rest_route=%2Fwp%2Fv2%2Fpwb-brand&post=24384"},{"taxonomy":"product_cat","embeddable":true,"href":"https:\/\/www.autonvaraosahaku.fi\/index.php?rest_route=%2Fwp%2Fv2%2Fproduct_cat&post=24384"},{"taxonomy":"product_tag","embeddable":true,"href":"https:\/\/www.autonvaraosahaku.fi\/index.php?rest_route=%2Fwp%2Fv2%2Fproduct_tag&post=24384"}],"curies":[{"name":"wp","href":"https:\/\/api.w.org\/{rel}","templated":true}]}}