{"id":24390,"date":"2021-02-21T14:54:00","date_gmt":"2021-02-21T14:54:00","guid":{"rendered":"https:\/\/www.autonvaraosahaku.fi\/?product=beru-gn053-hehkutulppa"},"modified":"2021-02-21T14:54:02","modified_gmt":"2021-02-21T14:54:02","slug":"beru-gn053-hehkutulppa","status":"publish","type":"product","link":"https:\/\/www.autonvaraosahaku.fi\/?product=beru-gn053-hehkutulppa","title":{"rendered":"BERU GN053 Hehkutulppa"},"content":{"rendered":"<p>Hehkutulppatyyppi: j\u00e4lkihehkutuksenkest\u00e4v\u00e4, Hehkutulppa, puikko; J\u00e4nnite (V): 11; Liittimet: 4 mm PIN; Kokonaispituus (mm): 119; Asennussyvyys (mm): 28; Kierremitta: M8x1,0; Avainv\u00e4li: 8 mm; Virta (A): 13; Kartionousu: 93; Kiristysmomentti > [Nm]: 8; Kiristysmomentti enint\u00e4\u00e4n [Nm]: 10; Katkeamismomentti [Nm]: 20; Tarvittava kappalem\u00e4\u00e4r\u00e4: 4; SUZUKI: SWIFT III MZ, EZ,WAGON R+ MM,SPLASH,IGNIS II; OPEL: CORSA D,CORSA C F08, F68,ASTRA H Caravan L35,MERIVA,ASTRA H L48,ASTRA H GTC L08,AGILA A H00,TIGRA TwinTop,COMBO Kasten\/Kombi,COMBO Tour,AGILA B H08,CORSA D Van,CORSA C Kasten F08, W5L,ASTRA H Stufenheck L69,ASTRA H Kasten L70,ASTRA CLASSIC L48; LANCIA: YPSILON 843,MUSA 350; FORD: KA RU8; FIAT: GRANDE PUNTO 199,PUNTO 188,PANDA 169,500 312,PUNTO EVO 199,DOBLO Cargo 223,500 C 312,DOBLO 119,DOBLO Kasten\/Kombi 263,PANDA Van 169,PUNTO 199,IDEA,STRADA Pick-up 178E,QUBO 225,DOBLO Gro\u00dfraumlimousine 152, 263,PUNTO Van 188AX,FIORINO Kasten\/Kombi 225,LINEA 323,PUNTO Van 199,DOBLO Pritsche\/Fahrgestell 263,STRADA Pick-up 578_,PALIO 178BX,SIENA 178_,GRANDE PUNTO Van 199_,PUNTO EVO Van 199_; ALFA ROMEO: MITO 955; VAUXHALL: CORSA Mk III D L_8,ASTRA Mk V H CC,CORSA Mk II C W5L, F08,ASTRA Mk V H Estate,AGILA Mk II B,MERIVA Mk I A,CORSAVAN Mk II C,CORSAVAN Mk III D,TIGRA Convertible,ASTRAVAN Mk V H,COMBO TOUR Mk II C F25,COMBO Mk II C Kasten\/Kombi F25; 46779614, 46796050, 1214032, 1214070, 93178047, 95508486<\/p>\n","protected":false},"excerpt":{"rendered":"<p>BERU Hehkutulppa GN053  SUZUKI,OPEL,LANCIA,SWIFT III MZ, EZ,WAGON R+ MM,SPLASH,IGNIS II,CORSA D,CORSA C F08, F68,ASTRA H Caravan L35,MERIVA<\/p>\n","protected":false},"featured_media":0,"template":"","meta":{"site-sidebar-layout":"default","site-content-layout":"default","ast-global-header-display":"","ast-main-header-display":"","ast-hfb-above-header-display":"","ast-hfb-below-header-display":"","ast-hfb-mobile-header-display":"","site-post-title":"","ast-breadcrumbs-content":"","ast-featured-img":"","footer-sml-layout":"","theme-transparent-header-meta":"","adv-header-id-meta":"","stick-header-meta":"","header-above-stick-meta":"","header-main-stick-meta":"","header-below-stick-meta":""},"pwb-brand":[327],"product_cat":[52],"product_tag":[],"class_list":{"0":"post-24390","1":"product","2":"type-product","3":"status-publish","5":"pwb-brand-beru","6":"product_cat-hehkutulppa","7":"desktop-align-left","8":"tablet-align-left","9":"mobile-align-left","11":"first","12":"instock","13":"product-type-external"},"brands":[{"id":327,"name":"BERU","slug":"beru"}],"_links":{"self":[{"href":"https:\/\/www.autonvaraosahaku.fi\/index.php?rest_route=\/wp\/v2\/product\/24390","targetHints":{"allow":["GET"]}}],"collection":[{"href":"https:\/\/www.autonvaraosahaku.fi\/index.php?rest_route=\/wp\/v2\/product"}],"about":[{"href":"https:\/\/www.autonvaraosahaku.fi\/index.php?rest_route=\/wp\/v2\/types\/product"}],"wp:attachment":[{"href":"https:\/\/www.autonvaraosahaku.fi\/index.php?rest_route=%2Fwp%2Fv2%2Fmedia&parent=24390"}],"wp:term":[{"taxonomy":"pwb-brand","embeddable":true,"href":"https:\/\/www.autonvaraosahaku.fi\/index.php?rest_route=%2Fwp%2Fv2%2Fpwb-brand&post=24390"},{"taxonomy":"product_cat","embeddable":true,"href":"https:\/\/www.autonvaraosahaku.fi\/index.php?rest_route=%2Fwp%2Fv2%2Fproduct_cat&post=24390"},{"taxonomy":"product_tag","embeddable":true,"href":"https:\/\/www.autonvaraosahaku.fi\/index.php?rest_route=%2Fwp%2Fv2%2Fproduct_tag&post=24390"}],"curies":[{"name":"wp","href":"https:\/\/api.w.org\/{rel}","templated":true}]}}