{"id":24391,"date":"2021-02-21T14:54:00","date_gmt":"2021-02-21T14:54:00","guid":{"rendered":"https:\/\/www.autonvaraosahaku.fi\/?product=beru-z129-sytytystulpat"},"modified":"2021-02-21T14:54:02","modified_gmt":"2021-02-21T14:54:02","slug":"beru-z129-sytytystulpat","status":"publish","type":"product","link":"https:\/\/www.autonvaraosahaku.fi\/?product=beru-z129-sytytystulpat","title":{"rendered":"BERU Z129 Sytytystulpat"},"content":{"rendered":"<p>K\u00e4rkiv\u00e4li (mm): 1,6; Liittimet: SAE; Kierremitta: M14x1,25; Avainv\u00e4li: 16 mm; Sytytystulppa: 4-maaelektroodia, suoralla istukalla; Kierteen pituus (mm): 19; Teknisten tietojen numero: 14 FGR-6 KQU; Kiristysmomentti > [Nm]: 20; Kiristysmomentti enint\u00e4\u00e4n [Nm]: 30; Tuotelinja: ULTRA; Valmistusvuosi alkaen: 07\/1995; AUDI: A6 Avant 4B5, C5,A6 4B2, C5,A8 4D2, 4D8; LEXUS: LS UCF20; TOYOTA: AVENSIS _T22_,AVENSIS Station Wagon _T22_,LAND CRUISER KDJ12_, GRJ12_,AVENSIS Liftback _T22_,MR 2 II SW2_,CARINA E _T19_,CELICA ST20_, AT20_,CARINA E Stufenheck _T19_,CARINA E Sportswagon _T19_,HILUX VI Pick-up _N1_,HIACE IV Bus LH1_,HIACE IV Kasten LXH1_, RZH1_, LH1_,HILUX Gel\u00e4ndewagen geschlossen RZN1_, LN1_,CELICA Cabriolet AT20_, ST20_; CITRO\u00cbN: SAXO S0, S1,XANTIA X1,XANTIA Break X2,C15 VD-_,C15 Kombi; RENAULT: LAGUNA I B56_, 556_,LAGUNA I Grandtour K56_,SAFRANE II B54_; PORSCHE: CAYENNE 955,BOXSTER 986,911 996,911 Cabriolet 996; LOTUS: ELISE; 99917020791, 99917021890, 99917021990; Tulpat,Sytytystulppa<\/p>\n","protected":false},"excerpt":{"rendered":"<p>BERU Sytytystulpat Z129 Tulpat,Sytytystulppa AUDI,LEXUS,TOYOTA,A6 Avant 4B5, C5,A6 4B2, C5,A8 4D2, 4D8,LS UCF20,AVENSIS _T22_<\/p>\n","protected":false},"featured_media":0,"template":"","meta":{"site-sidebar-layout":"default","site-content-layout":"default","ast-global-header-display":"","ast-main-header-display":"","ast-hfb-above-header-display":"","ast-hfb-below-header-display":"","ast-hfb-mobile-header-display":"","site-post-title":"","ast-breadcrumbs-content":"","ast-featured-img":"","footer-sml-layout":"","theme-transparent-header-meta":"","adv-header-id-meta":"","stick-header-meta":"","header-above-stick-meta":"","header-main-stick-meta":"","header-below-stick-meta":""},"pwb-brand":[327],"product_cat":[165],"product_tag":[],"class_list":{"0":"post-24391","1":"product","2":"type-product","3":"status-publish","5":"pwb-brand-beru","6":"product_cat-sytytystulpat","7":"desktop-align-left","8":"tablet-align-left","9":"mobile-align-left","11":"first","12":"instock","13":"product-type-external"},"brands":[{"id":327,"name":"BERU","slug":"beru"}],"_links":{"self":[{"href":"https:\/\/www.autonvaraosahaku.fi\/index.php?rest_route=\/wp\/v2\/product\/24391","targetHints":{"allow":["GET"]}}],"collection":[{"href":"https:\/\/www.autonvaraosahaku.fi\/index.php?rest_route=\/wp\/v2\/product"}],"about":[{"href":"https:\/\/www.autonvaraosahaku.fi\/index.php?rest_route=\/wp\/v2\/types\/product"}],"wp:attachment":[{"href":"https:\/\/www.autonvaraosahaku.fi\/index.php?rest_route=%2Fwp%2Fv2%2Fmedia&parent=24391"}],"wp:term":[{"taxonomy":"pwb-brand","embeddable":true,"href":"https:\/\/www.autonvaraosahaku.fi\/index.php?rest_route=%2Fwp%2Fv2%2Fpwb-brand&post=24391"},{"taxonomy":"product_cat","embeddable":true,"href":"https:\/\/www.autonvaraosahaku.fi\/index.php?rest_route=%2Fwp%2Fv2%2Fproduct_cat&post=24391"},{"taxonomy":"product_tag","embeddable":true,"href":"https:\/\/www.autonvaraosahaku.fi\/index.php?rest_route=%2Fwp%2Fv2%2Fproduct_tag&post=24391"}],"curies":[{"name":"wp","href":"https:\/\/api.w.org\/{rel}","templated":true}]}}