{"id":24398,"date":"2021-02-21T14:54:00","date_gmt":"2021-02-21T14:54:00","guid":{"rendered":"https:\/\/www.autonvaraosahaku.fi\/?product=corteco-12019597b-tiivisteet"},"modified":"2021-02-21T14:54:03","modified_gmt":"2021-02-21T14:54:03","slug":"corteco-12019597b-tiivisteet","status":"publish","type":"product","link":"https:\/\/www.autonvaraosahaku.fi\/?product=corteco-12019597b-tiivisteet","title":{"rendered":"CORTECO 12019597B Tiivisteet"},"content":{"rendered":"<p>Sis\u00e4l\u00e4pimitta 1 [mm]: 40; Ulkol\u00e4pimitta 1 [mm]: 55; Korkeus 1 (mm): 8; Materiaali: ACM (polyakryyli-kautsu); Rihlamalli: Vaihdettava kierre; Suojavaippa: Suojakumilla; VW: LUPO 6X1, 6E1,CADDY II Pick-up 9U7; FORD: FIESTA V JH_, JD_,FOCUS II Kombi DA_,FIESTA VI,MONDEO IV Turnier BA7,FOCUS Kombi DNW,FOCUS II DA_,FOCUS DAW, DBW,FOCUS III Turnier,FOCUS C-MAX,FIESTA IV JA_, JB_,KA RB_,KA RU8,C-MAX DM2,FOCUS III,C-MAX II,MONDEO IV BA7,FIESTA Stufenheck JA8 JR8,GRAND C-MAX,FOCUS Stufenheck DFW,STREET KA RL2,FIESTA III GFJ,FOCUS II Stufenheck DA_,B-MAX JK,FOCUS II Cabriolet,FIESTA Stufenheck JAS JBS,ECOSPORT,PUMA EC_,FOCUS III Stufenheck,MONDEO IV Stufenheck BA7,ESCORT VII GAL, AAL, ABL,ESCORT IV Cabriolet ALF,MONDEO I Kombi BNP,SIERRA GBG, GB4,MONDEO I GBP,ESCORT VII Kombi GAL, ANL,FIESTA V Van,ESCORT VII Cabriolet ALL,FIESTA VI Van,ESCORT VI Cabriolet ALL,ESCORT VI GAL,SIERRA Schr\u00e4gheck GBC, GBG,FIESTA I GFBT,ESCORT IV GAF, AWF, ABFT,FIESTA II FBD,SCORPIO I GAE, GGE,ESCORT V Cabriolet ALL,MONDEO I Stufenheck GBP,SIERRA Schr\u00e4gheck GBC,ESCORT &#8217;95 Express AVL,ESCORT III GAA,FIESTA Kasten J5_, J3_,SCORPIO I Stufenheck GGE,ESCORT V GAL,ESCORT VII Stufenheck GAL, AFL,FIESTA ; SKODA: FABIA Combi 6Y5,FABIA 6Y2,OCTAVIA 1U2,FABIA Stufenheck 6Y3,FELICIA I 6U1,FELICIA II 6U1,FELICIA I Fun 797,FABIA Praktik,FELICIA I Kombi 6U5,FELICIA II Kombi 6U5,FAVORIT 781,FAVORIT Forman 785,FAVORIT Pick-up 787; SEAT: AROSA 6H; MAZDA: 121 III JASM, JBSM; VOLVO: V50 MW,C30,S40 II MS; 1005745, 1096669, 1712552, 1805715, 6093748, 6184976, 6656115, 77TT3K169A9B, 93ZT3K169A9C, 94WT3K169A9A, 96WT3K169A9A, XS6R3K169AA, XS6R3K169BA, XS6R3K169CA, 1E0627238A, 002301227E, 002301227E, 30713022, 002301227E<\/p>\n","protected":false},"excerpt":{"rendered":"<p>CORTECO Akselitiiviste, Vaihteisto 12019597B  VW,FORD,SKODA,LUPO 6X1, 6E1,CADDY II Pick-up 9U7,FIESTA V JH_, JD_,FOCUS II Kombi DA_,FIESTA VI<\/p>\n","protected":false},"featured_media":0,"template":"","meta":{"site-sidebar-layout":"default","site-content-layout":"default","ast-global-header-display":"","ast-main-header-display":"","ast-hfb-above-header-display":"","ast-hfb-below-header-display":"","ast-hfb-mobile-header-display":"","site-post-title":"","ast-breadcrumbs-content":"","ast-featured-img":"","footer-sml-layout":"","theme-transparent-header-meta":"","adv-header-id-meta":"","stick-header-meta":"","header-above-stick-meta":"","header-main-stick-meta":"","header-below-stick-meta":""},"pwb-brand":[53],"product_cat":[27],"product_tag":[],"class_list":{"0":"post-24398","1":"product","2":"type-product","3":"status-publish","5":"pwb-brand-corteco","6":"product_cat-tiivisteet","7":"desktop-align-left","8":"tablet-align-left","9":"mobile-align-left","11":"first","12":"instock","13":"product-type-external"},"brands":[{"id":53,"name":"CORTECO","slug":"corteco"}],"_links":{"self":[{"href":"https:\/\/www.autonvaraosahaku.fi\/index.php?rest_route=\/wp\/v2\/product\/24398","targetHints":{"allow":["GET"]}}],"collection":[{"href":"https:\/\/www.autonvaraosahaku.fi\/index.php?rest_route=\/wp\/v2\/product"}],"about":[{"href":"https:\/\/www.autonvaraosahaku.fi\/index.php?rest_route=\/wp\/v2\/types\/product"}],"wp:attachment":[{"href":"https:\/\/www.autonvaraosahaku.fi\/index.php?rest_route=%2Fwp%2Fv2%2Fmedia&parent=24398"}],"wp:term":[{"taxonomy":"pwb-brand","embeddable":true,"href":"https:\/\/www.autonvaraosahaku.fi\/index.php?rest_route=%2Fwp%2Fv2%2Fpwb-brand&post=24398"},{"taxonomy":"product_cat","embeddable":true,"href":"https:\/\/www.autonvaraosahaku.fi\/index.php?rest_route=%2Fwp%2Fv2%2Fproduct_cat&post=24398"},{"taxonomy":"product_tag","embeddable":true,"href":"https:\/\/www.autonvaraosahaku.fi\/index.php?rest_route=%2Fwp%2Fv2%2Fproduct_tag&post=24398"}],"curies":[{"name":"wp","href":"https:\/\/api.w.org\/{rel}","templated":true}]}}