{"id":24408,"date":"2021-02-21T14:54:05","date_gmt":"2021-02-21T14:54:05","guid":{"rendered":"https:\/\/www.autonvaraosahaku.fi\/?product=ridex-854s0425-iskunvaimennin"},"modified":"2021-02-21T14:54:06","modified_gmt":"2021-02-21T14:54:06","slug":"ridex-854s0425-iskunvaimennin","status":"publish","type":"product","link":"https:\/\/www.autonvaraosahaku.fi\/?product=ridex-854s0425-iskunvaimennin","title":{"rendered":"RIDEX 854S0425 Iskunvaimennin"},"content":{"rendered":"<p>Vaihdettava pareittain: ; Asennuspuoli: Taka-akseli; Iskunvaimennin tyyppi: Kaasupaine; Iskunvaimennin malli: Joustintukisarja; Iskunvaimennin asennustapa: Tappi ylh\u00e4\u00e4ll\u00e4, Silmukka alhaalla; Oviluku: 4; VW: POLO 6N2,POLO 6N1,POLO CLASSIC 6KV2,POLO Kasten 6NF; SEAT: IBIZA II 6K1,CORDOBA 6K1, 6K2; 6K0513031, 6K0513031B, 6K0513031F, 6K0513031G, 6K0513031J, 6K0513031K, 6K0513031R, 6K0513031T, 6K0513033A, 6K0513033B, JZW513025Q, 6K0513031, 6K0513031B, 6K0513031F, 6K0513031G, 6K0513031J, 6K0513031K, 6K0513031R, 6K0513031T, 6K0513033B, 6N0513031E, 6N0513031H, 6N0513031L, JZW513025Q; Iskarit,Iskunvaimennin<\/p>\n","protected":false},"excerpt":{"rendered":"<p>RIDEX Iskunvaimentimet 854S0425 Iskarit,Iskunvaimennin VW,SEAT,POLO 6N2,POLO 6N1,POLO CLASSIC 6KV2,POLO Kasten 6NF,IBIZA II 6K1,CORDOBA 6K1, 6K2<\/p>\n","protected":false},"featured_media":0,"template":"","meta":{"site-sidebar-layout":"default","site-content-layout":"default","ast-global-header-display":"","ast-main-header-display":"","ast-hfb-above-header-display":"","ast-hfb-below-header-display":"","ast-hfb-mobile-header-display":"","site-post-title":"","ast-breadcrumbs-content":"","ast-featured-img":"","footer-sml-layout":"","theme-transparent-header-meta":"","adv-header-id-meta":"","stick-header-meta":"","header-above-stick-meta":"","header-main-stick-meta":"","header-below-stick-meta":""},"pwb-brand":[157],"product_cat":[80],"product_tag":[],"class_list":{"0":"post-24408","1":"product","2":"type-product","3":"status-publish","5":"pwb-brand-ridex","6":"product_cat-iskunvaimennin","7":"desktop-align-left","8":"tablet-align-left","9":"mobile-align-left","11":"first","12":"instock","13":"product-type-external"},"brands":[{"id":157,"name":"RIDEX","slug":"ridex"}],"_links":{"self":[{"href":"https:\/\/www.autonvaraosahaku.fi\/index.php?rest_route=\/wp\/v2\/product\/24408","targetHints":{"allow":["GET"]}}],"collection":[{"href":"https:\/\/www.autonvaraosahaku.fi\/index.php?rest_route=\/wp\/v2\/product"}],"about":[{"href":"https:\/\/www.autonvaraosahaku.fi\/index.php?rest_route=\/wp\/v2\/types\/product"}],"wp:attachment":[{"href":"https:\/\/www.autonvaraosahaku.fi\/index.php?rest_route=%2Fwp%2Fv2%2Fmedia&parent=24408"}],"wp:term":[{"taxonomy":"pwb-brand","embeddable":true,"href":"https:\/\/www.autonvaraosahaku.fi\/index.php?rest_route=%2Fwp%2Fv2%2Fpwb-brand&post=24408"},{"taxonomy":"product_cat","embeddable":true,"href":"https:\/\/www.autonvaraosahaku.fi\/index.php?rest_route=%2Fwp%2Fv2%2Fproduct_cat&post=24408"},{"taxonomy":"product_tag","embeddable":true,"href":"https:\/\/www.autonvaraosahaku.fi\/index.php?rest_route=%2Fwp%2Fv2%2Fproduct_tag&post=24408"}],"curies":[{"name":"wp","href":"https:\/\/api.w.org\/{rel}","templated":true}]}}