{"id":24416,"date":"2021-02-21T14:54:05","date_gmt":"2021-02-21T14:54:05","guid":{"rendered":"https:\/\/www.autonvaraosahaku.fi\/?product=swag-83-93-4754-pyoranpultit"},"modified":"2021-02-21T14:54:07","modified_gmt":"2021-02-21T14:54:07","slug":"swag-83-93-4754-pyoranpultit","status":"publish","type":"product","link":"https:\/\/www.autonvaraosahaku.fi\/?product=swag-83-93-4754-pyoranpultit","title":{"rendered":"SWAG 83 93 4754 Py\u00f6r\u00e4npultit"},"content":{"rendered":"<p>Paksuus [mm]: 29,3; Ulkol\u00e4pimitta [mm]: 24,0; Sis\u00e4kierre (mm): M12 x 1,5; Laatu \/ luokka: 8; Avainv\u00e4li: 21; Ruuvikanta\/mutteriprofiili: Kuusioruuvi \/-mutteri; Pultti\/mutteri malli: Kupolimutteri; Py\u00f6r\u00e4n kiinnitys: Kartiolaippa F; Materiaali: Ter\u00e4s; Pinta: Kromattu; Asennuspuoli: Etuakseli, Taka-akseli; Paino [kg]: 0,06; Huomioi huolto-ohjeet: ; Vanteet: f\u00fcr Leichtmetallfelgen; MAZDA: 5 CR19,3 BK,6 Station Wagon GY,CX-5 KE, GH,MX-5 II NB,2 DY,6 Kombi GH,2 DE,323 F VI BJ,PREMACY CP,CX-7 ER,6 Hatchback GG,6 GG,3 BL,MX-5 I NA,5 CW,3 BM,MX-5 III NC,DEMIO DW,6 Kombi GJ, GH,6 Schr\u00e4gheck GH,RX 8 SE17,626 V Hatchback GF,3 Stufenheck BK,6 GH,MPV II LW,626 V GF,626 V Station Wagon GW,6 Stufenheck GJ, GH,323 P V BA,3 Stufenheck BL,626 IV Hatchback GE,MX-3 EC,FAMILIA VI BJ,3 Stufenheck BM,2 Stufenheck DE,B-SERIE UN,XEDOS 6 CA,BT-50 CD, UN,323 C IV BG,FAMILIA IV BF,XEDOS 9 TA,626 IV GE,CX-9 TB,FAMILIA V BA,FAMILIA V BG8,323 III Hatchback BF,121 II DB,MX-6 GE,626 III GD,FAMILIA IV BG,626 III Hatchback GD,626 III Coupe GD,E-SERIE Kasten SR2,626 III Station Wagon GV,626 II GC,626 II Hatchback GC,B-SERIE UF,323 III BF,MPV I LV,RX 7 III FD,BT-50 Pritsche\/Fahrgestell CD, UN,323 III Station Wagon BW,2 DL, DJ,B-SERIE Pritsche\/Fahrgestell UN,626 II Coupe GC,CX-3 DK,B-SERIE Pritsche\/Fahrgestell UF,CX-5 KF,MX-5 IV ND,2 Stufenheck DL, DJ,MX-5 ; KIA: SORENTO I JC,PICANTO BA,SPORTAGE SL,CEE&#8217;D SW ED,CEE&#8217;D Schr\u00e4gheck ED,SPORTAGE JE_, KM_,VENGA YN,SORENTO II XM,CARENS II FJ,RIO III UB,RIO II JB,CEE&#8217;D JD,CARENS III UN,CARNIVAL II GQ,CARNIVAL \/ GRAND CARNIVAL III VQ,PICANTO TA,CEE`D Sportswagon JD,RIO Kombi DC,PRO CEE&#8217;D ED,CARENS IV,SOUL AM,CERATO LD,MAGENTIS MG,PRO CEE\u00b4D JD,OPIRUS GH,SPORTAGE K00,CERATO Stufenheck LD,RIO II Stufenheck JB,RIO Stufenheck DC_,SHUMA II FB,CARENS I FC,RETONA CE,RIO III Stufenheck UB,SHUMA FB,SHUMA II Stufenheck FB,CARNIVAL I UP,SEPHIA Stufenheck FA,PREGIO Kasten TB,SEPHIA FA,SEPHIA FB,SPORTAGE QL,PREGIO Bus,CERATO II Stufenheck TD,BESTA Bus,SORENTO III,SOUL II PS,BORREGO,NIRO,OPTIMA Sportswagon,CERATO KOUP TD,CERATO YD Stufenheck,STINGER CK,CADENZA,RIO IV YB,OPTIMA,CEE&#8217;D Combi Van JD,PICANTO JA,STONIC YB,RIO IV Stufenheck SC, FB; HYUNDAI: ix35 LM, EL, ELH,i30 FD,GETZ TB,i10 PA,i20 PB, PBT,TUCSON JM,i30 CW FD,i40 CW VF,SANTA F\u00c9 I SM,SANTA F\u00c9 II CM,i30 GD,ix20 JC,MATRIX FC,i30 CW GD,COUPE GK,H-1 Travel TQ,ATOS MX,TRAJET FO,SONATA V NF,GALLOPER II JK-01,ix55,SANTA F\u00c9 III DM,i30 Coupe,SONATA IV EF,GENESIS Coupe,ACCENT II LC,COUPE RD,VELOSTER FS,i40 VF,H-1 Kasten,H-1 Cargo TQ,ACCENT III MC,H-1 \/ STAREX,ELANTRA XD,ACCENT III Stufenheck MC,ELANTRA Stufenheck XD,ACCENT I X-3,ACCENT II Stufenheck LC,GRANDEUR TG,XG XG,GRAND SANTA F\u00c9,ACCENT Stufenheck X-3,SONATA III Y-3,PONY X-2,TUCSON,i10 IA,ELANTRA Stufenheck MD, UD,H100 Bus P,ACCENT IV RB,i20 GB,H100 Kasten,TIBURON Coupe,SONATA VI YF,ELANTRA Stufenheck HD,PONY \/ EXCEL Stufenheck X-2,GENESIS BH,H-1 Pritsche\/Fahrgestell,ACCENT IV Stufenheck RB,i30 PDE,H100 Pick-up,ELANTRA Coupe,H100 Pritsche\/Fahrgestell,IONIQ AE,GRANDEUR HG,i30 Kombi PDE,i20 ACTIVE GB,i20 Coupe,i10 Stufenheck,KONA OS,GENESIS DH,i30 FASTBACK PDE,ACCENT Schr\u00e4gheck; MITSUBISHI: GALLOPER JK-01; 5295014140, 5295014140, 52950M1000, 5295131330, 0B00237160, 5295014140, 529501G000, 52950H1000, 52950M1000, oB00237160, B00237160, B00237160A, B00237160B, B00237160X, KA7837160, KA7937160, KB7737160, UH7237160, UH7337160, UR5837160; Py\u00f6r\u00e4n Mutteri<\/p>\n","protected":false},"excerpt":{"rendered":"<p>SWAG Py\u00f6r\u00e4nmutterit 83 93 4754 Py\u00f6r\u00e4n Mutteri MAZDA,KIA,HYUNDAI,5 CR19,3 BK,6 Station Wagon GY,CX-5 KE, GH,MX-5 II NB,2 DY,6 Kombi GH,2 DE,323 F VI BJ<\/p>\n","protected":false},"featured_media":0,"template":"","meta":{"site-sidebar-layout":"default","site-content-layout":"default","ast-global-header-display":"","ast-main-header-display":"","ast-hfb-above-header-display":"","ast-hfb-below-header-display":"","ast-hfb-mobile-header-display":"","site-post-title":"","ast-breadcrumbs-content":"","ast-featured-img":"","footer-sml-layout":"","theme-transparent-header-meta":"","adv-header-id-meta":"","stick-header-meta":"","header-above-stick-meta":"","header-main-stick-meta":"","header-below-stick-meta":""},"pwb-brand":[103],"product_cat":[51],"product_tag":[],"class_list":{"0":"post-24416","1":"product","2":"type-product","3":"status-publish","5":"pwb-brand-swag","6":"product_cat-pyoranpultit","7":"desktop-align-left","8":"tablet-align-left","9":"mobile-align-left","11":"first","12":"instock","13":"product-type-external"},"brands":[{"id":103,"name":"SWAG","slug":"swag"}],"_links":{"self":[{"href":"https:\/\/www.autonvaraosahaku.fi\/index.php?rest_route=\/wp\/v2\/product\/24416","targetHints":{"allow":["GET"]}}],"collection":[{"href":"https:\/\/www.autonvaraosahaku.fi\/index.php?rest_route=\/wp\/v2\/product"}],"about":[{"href":"https:\/\/www.autonvaraosahaku.fi\/index.php?rest_route=\/wp\/v2\/types\/product"}],"wp:attachment":[{"href":"https:\/\/www.autonvaraosahaku.fi\/index.php?rest_route=%2Fwp%2Fv2%2Fmedia&parent=24416"}],"wp:term":[{"taxonomy":"pwb-brand","embeddable":true,"href":"https:\/\/www.autonvaraosahaku.fi\/index.php?rest_route=%2Fwp%2Fv2%2Fpwb-brand&post=24416"},{"taxonomy":"product_cat","embeddable":true,"href":"https:\/\/www.autonvaraosahaku.fi\/index.php?rest_route=%2Fwp%2Fv2%2Fproduct_cat&post=24416"},{"taxonomy":"product_tag","embeddable":true,"href":"https:\/\/www.autonvaraosahaku.fi\/index.php?rest_route=%2Fwp%2Fv2%2Fproduct_tag&post=24416"}],"curies":[{"name":"wp","href":"https:\/\/api.w.org\/{rel}","templated":true}]}}