{"id":24462,"date":"2021-02-21T14:54:18","date_gmt":"2021-02-21T14:54:18","guid":{"rendered":"https:\/\/www.autonvaraosahaku.fi\/?product=mapco-61557-oljynsuodatin"},"modified":"2021-02-21T14:54:19","modified_gmt":"2021-02-21T14:54:19","slug":"mapco-61557-oljynsuodatin","status":"publish","type":"product","link":"https:\/\/www.autonvaraosahaku.fi\/?product=mapco-61557-oljynsuodatin","title":{"rendered":"MAPCO 61557 \u00d6ljynsuodatin"},"content":{"rendered":"<p>Suodatintyyppi: Ruuvattava suodatin; Ulkol\u00e4pimitta [mm]: 66; Sis\u00e4l\u00e4pimitta [mm]: 54; Korkeus (mm): 65; Kierremitta: M 20 x 1.5; Korvaava tuote\/korvaava tiedote 2: yhdell\u00e4 peruutuksenestoventtiilill\u00e4; Ulkol\u00e4pimitta 2 [mm]: 62; Avauspaine ohitusventtiili [bar]: 1; Valmistusvuosi alkaen: 02\/1985; MAZDA: 626 V Hatchback GF,626 V GF; NISSAN: 370 Z Z34,MAXIMA QX A33; KIA: PICANTO BA; SUBARU: FORESTER SG,FORESTER SH,FORESTER SF,IMPREZA Stufenheck GD,LEGACY IV Station Wagon BL, BP, B13_,OUTBACK BL, BP,IMPREZA Station Wagon GG,LEGACY III Station Wagon BE, BH,IMPREZA Stufenheck GC,LEGACY II Station Wagon BD, BG,IMPREZA Station Wagon GF,LEGACY IV BL, BP,OUTBACK BE, BH,OUTBACK BM, BR,TRIBECA B9,LEGACY III BE, BH,LEGACY I Station Wagon BC, BJF,LEGACY II BD, BG,IMPREZA Coupe GFC,LEGACY I BC; Z6Y114302A, 15400PFB004, 15400PFB014, 15400PJ7005, 15400PJ7015, 15400PM3405, 2630002500, 2630002501, 2630002502, 2630002503, 2630002750, 2630003000, 263002Y500, 2630035004, 2630035014, 263202, MAM0117, XJAU00153, 5864015150, 8931567500, 8931569980, 894135741, 8943142632, 8943142633, 8944110840, 89441108401, 8944304112, 894456741, 8971406660, 0B63114302, 2630002500, 2630002501, 2630002502, 2630002503, 2630003000, 2630003001, 263002Y500, 022214300, 022223420A, 025914300, 032414300, 037023802, 037023803, 077823802, 081323802A, 081323802B, 086623802, 0FE3R14302, 22214300, 22223420A, 25914300, 32414300, 37023802, 37023803, 489914300, 77823802, 81323802A, 817323802, 86623802, 8FG123802, 8FG1238029A, 8FG1238029B, 8FG123803, B35914302, B63014302, B63114302, B65114302, B6Y014300, B6Y114302, B6Y1143029A, B6Y114302A, B6Y114302A9A, B6YI14302, F2Y014302A, F80223802, F802238029A, F802238029B, FE3R14302, FEY014302, FEY0143029A, FEYO14302, FEYO143029A, HE1923802, N23123802, N35014302, N3Y614302, PE0&#8230;<\/p>\n","protected":false},"excerpt":{"rendered":"<p>MAPCO \u00d6ljynsuodatin 61557  MAZDA,NISSAN,KIA,626 V Hatchback GF,626 V GF,370 Z Z34,MAXIMA QX A33,PICANTO BA,FORESTER SG,FORESTER SH,FORESTER SF<\/p>\n","protected":false},"featured_media":0,"template":"","meta":{"site-sidebar-layout":"default","site-content-layout":"default","ast-global-header-display":"","ast-main-header-display":"","ast-hfb-above-header-display":"","ast-hfb-below-header-display":"","ast-hfb-mobile-header-display":"","site-post-title":"","ast-breadcrumbs-content":"","ast-featured-img":"","footer-sml-layout":"","theme-transparent-header-meta":"","adv-header-id-meta":"","stick-header-meta":"","header-above-stick-meta":"","header-main-stick-meta":"","header-below-stick-meta":""},"pwb-brand":[36],"product_cat":[30],"product_tag":[],"class_list":{"0":"post-24462","1":"product","2":"type-product","3":"status-publish","5":"pwb-brand-mapco","6":"product_cat-oljynsuodatin","7":"desktop-align-left","8":"tablet-align-left","9":"mobile-align-left","11":"first","12":"instock","13":"product-type-external"},"brands":[{"id":36,"name":"MAPCO","slug":"mapco"}],"_links":{"self":[{"href":"https:\/\/www.autonvaraosahaku.fi\/index.php?rest_route=\/wp\/v2\/product\/24462","targetHints":{"allow":["GET"]}}],"collection":[{"href":"https:\/\/www.autonvaraosahaku.fi\/index.php?rest_route=\/wp\/v2\/product"}],"about":[{"href":"https:\/\/www.autonvaraosahaku.fi\/index.php?rest_route=\/wp\/v2\/types\/product"}],"wp:attachment":[{"href":"https:\/\/www.autonvaraosahaku.fi\/index.php?rest_route=%2Fwp%2Fv2%2Fmedia&parent=24462"}],"wp:term":[{"taxonomy":"pwb-brand","embeddable":true,"href":"https:\/\/www.autonvaraosahaku.fi\/index.php?rest_route=%2Fwp%2Fv2%2Fpwb-brand&post=24462"},{"taxonomy":"product_cat","embeddable":true,"href":"https:\/\/www.autonvaraosahaku.fi\/index.php?rest_route=%2Fwp%2Fv2%2Fproduct_cat&post=24462"},{"taxonomy":"product_tag","embeddable":true,"href":"https:\/\/www.autonvaraosahaku.fi\/index.php?rest_route=%2Fwp%2Fv2%2Fproduct_tag&post=24462"}],"curies":[{"name":"wp","href":"https:\/\/api.w.org\/{rel}","templated":true}]}}