{"id":24467,"date":"2021-02-21T14:54:18","date_gmt":"2021-02-21T14:54:18","guid":{"rendered":"https:\/\/www.autonvaraosahaku.fi\/?product=reinz-41-72032-30-kierretulppa"},"modified":"2021-02-21T14:54:19","modified_gmt":"2021-02-21T14:54:19","slug":"reinz-41-72032-30-kierretulppa","status":"publish","type":"product","link":"https:\/\/www.autonvaraosahaku.fi\/?product=reinz-41-72032-30-kierretulppa","title":{"rendered":"REINZ 41-72032-30 Kierretulppa"},"content":{"rendered":"<p>Paksuus [mm]: 2; Sis\u00e4l\u00e4pimitta [mm]: 16; Ulkol\u00e4pimitta [mm]: 22; Laatu: CU-AFM; Muoto: C-muoto; TECDOC-moottorinumero: 3015; OPEL: ARENA Kasten TB, TF; RENAULT: TWINGO I C06_,CLIO II BB0\/1\/2_, CB0\/1\/2_,KANGOO KC0\/1_,SC\u00c9NIC I JA0\/1_,MEGANE Scenic JA0\/1_,MEGANE I BA0\/1_,KANGOO Express FC0\/1_,MEGANE I Grandtour KA0\/1_,MEGANE I Cabriolet EA0\/1_,LAGUNA I B56_, 556_,CLIO I B\/C57_, 5\/357_,LAGUNA I Grandtour K56_,TWINGO I Kasten S06_,MEGANE I Classic LA0\/1_,4 112_,MEGANE I Coach DA0\/1_,CLIO II Kasten SB0\/1\/2_,ESPACE II J\/S63_,19 II B\/C53_,19 II Cabriolet D53_, 853_,SUPER 5 B\/C40_,5 122_,RAPID Kasten F40_, G40_,19 I B\/C53_,4 Kasten R21_, R23_,TRAFIC Kasten TXX,9 L42_,TRAFIC Bus TXW,SAFRANE I B54_,19 II Chamade L53_,ESPACE I J11_,12,11 B\/C37_,16 115_,21 Stufenheck L48_,25 B29_,19 I Chamade L53_,THALIA I LB0\/1\/2_,MASTER I Kasten T__,TRAFIC Kasten T1, T3, T4,SANDERO\/STEPWAY I,CLIO I Kasten S57_,19 I Cabriolet D53_,TRAFIC Bus T5, T6, T7,18 134_,11 Kasten S37_,SPORT SPIDER EF0_,21 Kombi K48_,LOGAN I Kombi KS_,18 Variable 135_,5 Kasten 238_,30 127_,FUEGO 136_,12 Variable 117_,21 B48_,MASTER I Bus T__,ESTAFETTE 213_,20 127_,; FIAT: DUCATO Kasten 280,DUCATO Panorama 280,SCUDO Kasten 220L,SCUDO Combinato 220P; PEUGEOT: 306 Schr\u00e4gheck 7A, 7C, N3, N5,205 II 20A\/C,PARTNER Kasten 5,J5 Pritsche\/Fahrgestell 280L,J5 Pritsche\/Fahrgestell 290L,BOXER Kasten 230L,306 7B, N3, N5,J5 Kasten 280L,205 I Cabriolet 741B, 20D,EXPERT Kasten 222,J5 Bus 290P,309 II 3C, 3A,205 I 741A\/C,J5 Kasten 290L,J5 Bus 280P,405 I 15B,BOXER Bus 230P,EXPERT 224,405 II 4B,504 A_, M_,504 Cabriolet,309 I 10C, 10A,505 551A,504 Coupe,204,104,405 II Break 4E,405 I Break 15E,305 II 581M,505 Break 551D,604 561A_,J7 Bus,504 Break D_, F_,504 Pick-up E_,104 Coupe,J7 Kasten,305 II Break 581E,EXPERT Pritsche\/Fahrgestell 223,J9 Bus,305 I 581A,J9 Kasten,205 Kasten,504,J9 Pritsche\/Fahrgestell,304 Break _04D_,J7 Pritsche\/Fahrgestell,305 I Break 581D,306 Kasten\/Schr\u00e4gheck; CITRO\u00cbN: BERLINGO MF,XSARA N1,XANTIA X1,ZX N2,BX XB-_,C25 Bus 280_, 290_,XM Y3,C25 Pritsche\/Fahrgestell 280_, 290_,ZX Break N2,BX Break XB-_,C25 Kasten 280_, 290_,C15 VD-_,VISA Cabriolet,C15 Kombi; VOLVO: 440 K 445,460 L 464,340-360 343, 345,340-360 Stufenheck 344; SUZUKI: SAMURAI SJ; JEEP: CHEROKEE XJ,CJ5 &#8211; CJ8,COMANCHE MJ; ROVER: 200 Hatchback XW,400 Tourer XW,400 XW; LDV: CONVOY Kasten,CONVOY Pritsche\/Fahrgestell; 2454S, 2478S, 9677491780, 9677491780, 2120478, 2091016, 3553795, 016402, 016430, 9677491780, 7703062023, 7903062003, 7903062003, N138451, N138452; Tiiviste, \u00d6ljynlaskutulppa<\/p>\n","protected":false},"excerpt":{"rendered":"<p>REINZ \u00d6ljytulpan Tiiviste 41-72032-30 Tiiviste, \u00d6ljynlaskutulppa OPEL,RENAULT,FIAT,ARENA Kasten TB, TF,TWINGO I C06_,CLIO II BB0\/1\/2_, CB0\/1\/2_<\/p>\n","protected":false},"featured_media":0,"template":"","meta":{"site-sidebar-layout":"default","site-content-layout":"default","ast-global-header-display":"","ast-main-header-display":"","ast-hfb-above-header-display":"","ast-hfb-below-header-display":"","ast-hfb-mobile-header-display":"","site-post-title":"","ast-breadcrumbs-content":"","ast-featured-img":"","footer-sml-layout":"","theme-transparent-header-meta":"","adv-header-id-meta":"","stick-header-meta":"","header-above-stick-meta":"","header-main-stick-meta":"","header-below-stick-meta":""},"pwb-brand":[138],"product_cat":[40],"product_tag":[],"class_list":{"0":"post-24467","1":"product","2":"type-product","3":"status-publish","5":"pwb-brand-reinz","6":"product_cat-kierretulppa","7":"desktop-align-left","8":"tablet-align-left","9":"mobile-align-left","11":"first","12":"instock","13":"product-type-external"},"brands":[{"id":138,"name":"REINZ","slug":"reinz"}],"_links":{"self":[{"href":"https:\/\/www.autonvaraosahaku.fi\/index.php?rest_route=\/wp\/v2\/product\/24467","targetHints":{"allow":["GET"]}}],"collection":[{"href":"https:\/\/www.autonvaraosahaku.fi\/index.php?rest_route=\/wp\/v2\/product"}],"about":[{"href":"https:\/\/www.autonvaraosahaku.fi\/index.php?rest_route=\/wp\/v2\/types\/product"}],"wp:attachment":[{"href":"https:\/\/www.autonvaraosahaku.fi\/index.php?rest_route=%2Fwp%2Fv2%2Fmedia&parent=24467"}],"wp:term":[{"taxonomy":"pwb-brand","embeddable":true,"href":"https:\/\/www.autonvaraosahaku.fi\/index.php?rest_route=%2Fwp%2Fv2%2Fpwb-brand&post=24467"},{"taxonomy":"product_cat","embeddable":true,"href":"https:\/\/www.autonvaraosahaku.fi\/index.php?rest_route=%2Fwp%2Fv2%2Fproduct_cat&post=24467"},{"taxonomy":"product_tag","embeddable":true,"href":"https:\/\/www.autonvaraosahaku.fi\/index.php?rest_route=%2Fwp%2Fv2%2Fproduct_tag&post=24467"}],"curies":[{"name":"wp","href":"https:\/\/api.w.org\/{rel}","templated":true}]}}