{"id":24480,"date":"2021-02-21T14:54:22","date_gmt":"2021-02-21T14:54:22","guid":{"rendered":"https:\/\/www.autonvaraosahaku.fi\/?product=lpr-4452-takajarrusylinteri"},"modified":"2021-02-21T14:54:23","modified_gmt":"2021-02-21T14:54:23","slug":"lpr-4452-takajarrusylinteri","status":"publish","type":"product","link":"https:\/\/www.autonvaraosahaku.fi\/?product=lpr-4452-takajarrusylinteri","title":{"rendered":"LPR 4452 Takajarrusylinteri"},"content":{"rendered":"<p>Reik\u00e4-\u00d8 [mm]: 19,05; Kierremitta: 10 x 1, 10 x 1; Materiaali: Valurauta; Jarruj\u00e4rjestelm\u00e4: APL\/Bendix; Kiinnityrreikien et\u00e4isyys [mm]: 35; Valmistusvuosi alkaen: 10\/1982; SEAT: MARBELLA 28,IBIZA I 021A,TERRA Kasten 024A,MARBELLA Kasten 028A,MALAGA 023A,TERRA 24,RONDA 022A,PANDA 141A,FURA 025A,RITMO 138; LANCIA: DELTA I 831AB0,Y10 156,A 112,PRISMA 831AB0; FIAT: SEICENTO 187,CINQUECENTO 170,PANDA 141A_,UNO 146A\/E,127,FIORINO Kasten 146,SEICENTO Van 187,PANDA Van 141_,RITMO I 138A,FIORINO Pick up 146,FIORINO 147,REGATA 138,RITMO Cabriolet,127 Panorama,FIORINO 127,147,FIORINO Pick up 147,REGATA Weekend 138,147 Panorama,DUNA 146 B,ELBA 146_,DUNA Weekend 146 B; AUTOBIANCHI: A 112,Y10; INNOCENTI: ELBA 146; 5067806, 5987896, 7173827, 71738324, 71738328, 7696710, 790833, 99453791, 9948232, 6557201119, 0003963253, 024720002A, 025720002A, 028720001A, 3899764, 3936245, SE0003963253, SE024720001A, SE024720002A, SE025720001A, SE025720002A, SE02572002A, SE028720001A, SE02872001A; Py\u00f6r\u00e4n Jarrusylinteri,Jarrusylinteri<\/p>\n","protected":false},"excerpt":{"rendered":"<p>LPR Takajarrusylinteri 4452 Py\u00f6r\u00e4n Jarrusylinteri,Jarrusylinteri SEAT,LANCIA,FIAT,MARBELLA 28,IBIZA I 021A,TERRA Kasten 024A,MARBELLA Kasten 028A<\/p>\n","protected":false},"featured_media":0,"template":"","meta":{"site-sidebar-layout":"default","site-content-layout":"default","ast-global-header-display":"","ast-main-header-display":"","ast-hfb-above-header-display":"","ast-hfb-below-header-display":"","ast-hfb-mobile-header-display":"","site-post-title":"","ast-breadcrumbs-content":"","ast-featured-img":"","footer-sml-layout":"","theme-transparent-header-meta":"","adv-header-id-meta":"","stick-header-meta":"","header-above-stick-meta":"","header-main-stick-meta":"","header-below-stick-meta":""},"pwb-brand":[238],"product_cat":[158],"product_tag":[],"class_list":{"0":"post-24480","1":"product","2":"type-product","3":"status-publish","5":"pwb-brand-lpr","6":"product_cat-takajarrusylinteri","7":"desktop-align-left","8":"tablet-align-left","9":"mobile-align-left","11":"first","12":"instock","13":"product-type-external"},"brands":[{"id":238,"name":"LPR","slug":"lpr"}],"_links":{"self":[{"href":"https:\/\/www.autonvaraosahaku.fi\/index.php?rest_route=\/wp\/v2\/product\/24480","targetHints":{"allow":["GET"]}}],"collection":[{"href":"https:\/\/www.autonvaraosahaku.fi\/index.php?rest_route=\/wp\/v2\/product"}],"about":[{"href":"https:\/\/www.autonvaraosahaku.fi\/index.php?rest_route=\/wp\/v2\/types\/product"}],"wp:attachment":[{"href":"https:\/\/www.autonvaraosahaku.fi\/index.php?rest_route=%2Fwp%2Fv2%2Fmedia&parent=24480"}],"wp:term":[{"taxonomy":"pwb-brand","embeddable":true,"href":"https:\/\/www.autonvaraosahaku.fi\/index.php?rest_route=%2Fwp%2Fv2%2Fpwb-brand&post=24480"},{"taxonomy":"product_cat","embeddable":true,"href":"https:\/\/www.autonvaraosahaku.fi\/index.php?rest_route=%2Fwp%2Fv2%2Fproduct_cat&post=24480"},{"taxonomy":"product_tag","embeddable":true,"href":"https:\/\/www.autonvaraosahaku.fi\/index.php?rest_route=%2Fwp%2Fv2%2Fproduct_tag&post=24480"}],"curies":[{"name":"wp","href":"https:\/\/api.w.org\/{rel}","templated":true}]}}