{"id":24527,"date":"2021-02-21T14:54:31","date_gmt":"2021-02-21T14:54:31","guid":{"rendered":"https:\/\/www.autonvaraosahaku.fi\/?product=ngk-90860-hehkutulppa"},"modified":"2021-02-21T14:54:33","modified_gmt":"2021-02-21T14:54:33","slug":"ngk-90860-hehkutulppa","status":"publish","type":"product","link":"https:\/\/www.autonvaraosahaku.fi\/?product=ngk-90860-hehkutulppa","title":{"rendered":"NGK 90860 Hehkutulppa"},"content":{"rendered":"<p>Hehkutulppatyyppi: Metallihehkutulppa; J\u00e4nnite (V): 4,4; Vastus [Ohm]: 0,5; Kokonaispituus (mm): 121,0; Asennussyvyys (mm): 27,7; Kierremitta: M9 x 1,0; Avainv\u00e4li: 9 mm; TECDOC-moottorinumero: 23881; CHEVROLET: AVEO Schr\u00e4gheck T300,AVEO Stufenheck T300; OPEL: CORSA D,ASTRA J Sports Tourer,ASTRA J,MERIVA B,ASTRA J Stufenheck,CORSA D Van; VAUXHALL: CORSA Mk III D L_8,ASTRA Mk VI J,CORSAVAN Mk III D,MERIVA Mk II B,ASTRA Mk VI J Sedan,ASTRA Mk VI J Estate; 55564219, 55564219, 55564219, 55564219, 1826357, 55564219, 55564219<\/p>\n","protected":false},"excerpt":{"rendered":"<p>NGK Hehkutulppa 90860  CHEVROLET,OPEL,VAUXHALL,AVEO Schr\u00e4gheck T300,AVEO Stufenheck T300,CORSA D,ASTRA J Sports Tourer,ASTRA J,MERIVA B<\/p>\n","protected":false},"featured_media":0,"template":"","meta":{"site-sidebar-layout":"default","site-content-layout":"default","ast-global-header-display":"","ast-main-header-display":"","ast-hfb-above-header-display":"","ast-hfb-below-header-display":"","ast-hfb-mobile-header-display":"","site-post-title":"","ast-breadcrumbs-content":"","ast-featured-img":"","footer-sml-layout":"","theme-transparent-header-meta":"","adv-header-id-meta":"","stick-header-meta":"","header-above-stick-meta":"","header-main-stick-meta":"","header-below-stick-meta":""},"pwb-brand":[189],"product_cat":[52],"product_tag":[],"class_list":{"0":"post-24527","1":"product","2":"type-product","3":"status-publish","5":"pwb-brand-ngk","6":"product_cat-hehkutulppa","7":"desktop-align-left","8":"tablet-align-left","9":"mobile-align-left","11":"first","12":"instock","13":"product-type-external"},"brands":[{"id":189,"name":"NGK","slug":"ngk"}],"_links":{"self":[{"href":"https:\/\/www.autonvaraosahaku.fi\/index.php?rest_route=\/wp\/v2\/product\/24527","targetHints":{"allow":["GET"]}}],"collection":[{"href":"https:\/\/www.autonvaraosahaku.fi\/index.php?rest_route=\/wp\/v2\/product"}],"about":[{"href":"https:\/\/www.autonvaraosahaku.fi\/index.php?rest_route=\/wp\/v2\/types\/product"}],"wp:attachment":[{"href":"https:\/\/www.autonvaraosahaku.fi\/index.php?rest_route=%2Fwp%2Fv2%2Fmedia&parent=24527"}],"wp:term":[{"taxonomy":"pwb-brand","embeddable":true,"href":"https:\/\/www.autonvaraosahaku.fi\/index.php?rest_route=%2Fwp%2Fv2%2Fpwb-brand&post=24527"},{"taxonomy":"product_cat","embeddable":true,"href":"https:\/\/www.autonvaraosahaku.fi\/index.php?rest_route=%2Fwp%2Fv2%2Fproduct_cat&post=24527"},{"taxonomy":"product_tag","embeddable":true,"href":"https:\/\/www.autonvaraosahaku.fi\/index.php?rest_route=%2Fwp%2Fv2%2Fproduct_tag&post=24527"}],"curies":[{"name":"wp","href":"https:\/\/api.w.org\/{rel}","templated":true}]}}