{"id":24547,"date":"2021-02-21T14:54:36","date_gmt":"2021-02-21T14:54:36","guid":{"rendered":"https:\/\/www.autonvaraosahaku.fi\/?product=topran-500-343-paisuntasailion-korkki"},"modified":"2021-02-21T14:54:37","modified_gmt":"2021-02-21T14:54:37","slug":"topran-500-343-paisuntasailion-korkki","status":"publish","type":"product","link":"https:\/\/www.autonvaraosahaku.fi\/?product=topran-500-343-paisuntasailion-korkki","title":{"rendered":"TOPRAN 500 343 Paisuntas\u00e4ili\u00f6n korkki"},"content":{"rendered":"<p>Avauspaine (bar): 2,0; V\u00e4ri: Musta; Materiaali: Muovi; Asennusmalli: Ruuviliit\u00e4nn\u00e4ll\u00e4; Moottorinumero: 320i; BMW: 3 E46,5 E39,3 Touring E46,X3 E83,5 Touring E39,5 Touring F11,5 F10, F18,3 Compact E46,3 Coupe E46,3 Compact E36,3 E36,X5 E53,3 E30,3 Cabriolet E46,7 E38,3 Coupe E36,Z3 E36,Z4 E85,5 E34,7 E65, E66, E67,3 Cabriolet E36,3 Touring E36,5 Gran Turismo F07,7 E32,5 Touring E34,Z3 Coupe E36,Z4 Coupe E86,6 Gran Coupe F06,6 Cabriolet F12; 0152374, 17110152374, 17111712492, 17111712669, 17111742231, 17117639022, 1712492, 1712669, 1742231, 7639022; Korkki, Paisuntas\u00e4ili\u00f6<\/p>\n","protected":false},"excerpt":{"rendered":"<p>TOPRAN Paisuntas\u00e4ili\u00f6n Korkki 500 343 Korkki, Paisuntas\u00e4ili\u00f6 BMW,3 E46,5 E39,3 Touring E46,X3 E83,5 Touring E39,5 Touring F11,5 F10, F18,3 Compact E46<\/p>\n","protected":false},"featured_media":0,"template":"","meta":{"site-sidebar-layout":"default","site-content-layout":"default","ast-global-header-display":"","ast-main-header-display":"","ast-hfb-above-header-display":"","ast-hfb-below-header-display":"","ast-hfb-mobile-header-display":"","site-post-title":"","ast-breadcrumbs-content":"","ast-featured-img":"","footer-sml-layout":"","theme-transparent-header-meta":"","adv-header-id-meta":"","stick-header-meta":"","header-above-stick-meta":"","header-main-stick-meta":"","header-below-stick-meta":""},"pwb-brand":[18],"product_cat":[99],"product_tag":[],"class_list":{"0":"post-24547","1":"product","2":"type-product","3":"status-publish","5":"pwb-brand-topran","6":"product_cat-paisuntasailion-korkki","7":"desktop-align-left","8":"tablet-align-left","9":"mobile-align-left","11":"first","12":"instock","13":"product-type-external"},"brands":[{"id":18,"name":"TOPRAN","slug":"topran"}],"_links":{"self":[{"href":"https:\/\/www.autonvaraosahaku.fi\/index.php?rest_route=\/wp\/v2\/product\/24547","targetHints":{"allow":["GET"]}}],"collection":[{"href":"https:\/\/www.autonvaraosahaku.fi\/index.php?rest_route=\/wp\/v2\/product"}],"about":[{"href":"https:\/\/www.autonvaraosahaku.fi\/index.php?rest_route=\/wp\/v2\/types\/product"}],"wp:attachment":[{"href":"https:\/\/www.autonvaraosahaku.fi\/index.php?rest_route=%2Fwp%2Fv2%2Fmedia&parent=24547"}],"wp:term":[{"taxonomy":"pwb-brand","embeddable":true,"href":"https:\/\/www.autonvaraosahaku.fi\/index.php?rest_route=%2Fwp%2Fv2%2Fpwb-brand&post=24547"},{"taxonomy":"product_cat","embeddable":true,"href":"https:\/\/www.autonvaraosahaku.fi\/index.php?rest_route=%2Fwp%2Fv2%2Fproduct_cat&post=24547"},{"taxonomy":"product_tag","embeddable":true,"href":"https:\/\/www.autonvaraosahaku.fi\/index.php?rest_route=%2Fwp%2Fv2%2Fproduct_tag&post=24547"}],"curies":[{"name":"wp","href":"https:\/\/api.w.org\/{rel}","templated":true}]}}