{"id":24548,"date":"2021-02-21T14:54:36","date_gmt":"2021-02-21T14:54:36","guid":{"rendered":"https:\/\/www.autonvaraosahaku.fi\/?product=topran-109-761-peruutusvalon-kytkin"},"modified":"2021-02-21T14:54:37","modified_gmt":"2021-02-21T14:54:37","slug":"topran-109-761-peruutusvalon-kytkin","status":"publish","type":"product","link":"https:\/\/www.autonvaraosahaku.fi\/?product=topran-109-761-peruutusvalon-kytkin","title":{"rendered":"TOPRAN 109 761 Peruutusvalon kytkin"},"content":{"rendered":"<p>Pistokkeen kotelon muoto: D-muoto; Kierremitta: M 12; Napojen m\u00e4\u00e4r\u00e4: 2; Kierrenousu (mm): 1,5; Asennusmalli: Ruuviliit\u00e4nn\u00e4ll\u00e4; Moottorinumero: CAVA; VW: GOLF IV 1J1,GOLF V 1K1,POLO 9N_,TOURAN 1T1, 1T2,GOLF VI 5K1,PASSAT Variant 3C5,GOLF PLUS 5M1, 521,LUPO 6X1, 6E1,PASSAT 3C2,TIGUAN 5N_,GOLF IV Variant 1J5,GOLF VII 5G1, BE1,SHARAN 7M8, 7M9, 7M6,CADDY III Kombi 2KB, 2KJ, 2CB, 2CJ,TRANSPORTER V Bus 7HB, 7HJ, 7EB, 7EJ, 7EF,TOURAN 1T3,FOX 5Z1, 5Z3,GOLF VI Variant AJ5,GOLF V Variant 1K5,UP,CADDY III Kasten 2KA, 2KH, 2CA, 2CH,BORA 1J2,GOLF VII Kombi BA5,EOS 1F7, 1F8,TRANSPORTER V Kasten 7HA, 7HH, 7EA, 7EH,NEW BEETLE 9C1, 1C1,SHARAN 7N1, 7N2,BORA Kombi 1J6,NEW BEETLE Cabriolet 1Y7,JETTA III 1K2,AMAROK 2H_, S1B,CC 358,BEETLE 5C1,POLO Stufenheck,TRANSPORTER V Pritsche\/Fahrgestell 7JD, 7JE, 7JL, 7JY, 7JZ,,POLO Stufenheck 9A4,BEETLE Cabriolet 5C7,TIGUAN AD1,CRAFTER Kasten SY_,CRAFTER Bus SY_,CRAFTER Pritsche\/Fahrgestell SZ_; AUDI: A3 8P1,A3 8L1,A3 Sportback 8PA,A2 8Z0,TT 8N3,Q3 8U,A1 8X1, 8XF,TT Roadster 8N9,A1 Sportback 8XA, 8XK,Q2 GA; SKODA: OCTAVIA Combi 1Z5,FABIA Combi 6Y5,FABIA 6Y2,OCTAVIA Combi 1U5,YETI 5L,OCTAVIA 1Z3,OCTAVIA 1U2,RAPID Spaceback NH1,FABIA Stufenheck 6Y3,RAPID NH3,KODIAQ NS7; SEAT: IBIZA IV 6L1,LEON 1P1,IBIZA V 6J5, 6P5,LEON 1M1,ALTEA 5P1,ALHAMBRA 7V8, 7V9,ALTEA XL 5P5, 5P8,IBIZA V ST 6J8, 6P8,ALHAMBRA 710, 711,IBIZA II 6K1,TOLEDO II 1M2,IBIZA V SPORTCOUPE 6J1, 6P1,CORDOBA 6K1, 6K2,CORDOBA 6L2,TOLEDO III 5P2,TOLEDO IV KG3,ATECA KH7,IBIZA V KJ1,ARONA KJ7; FORD: GALAXY WGR; 02K945415C, 02K945415D, 02K945415E, 02K945415G, 02K945415K, 02T945415, 02T945415D, 02T945415E, 02T945415K, 02T945415L, 02T945415P, 02T945415Q, 1119746, 1213353, 1438727, 1439597, 1514133, 1M2115520AA, 6M2115520AA, YM2115520AA, YM2115520BA, 65255070000, 02K945415C, 02K945415D, 02K945415E, 02K945415G, 02K945415K, 02T945415, 02T945415D, 02T945415E, 02T945415K, 02T945415L, 02T945415P, 02T945415Q, 02K945415C, 02K945415D, 02K945415E, 02K945415G, 02K945415K, 02T945415, 02T945415D, 02T945415E, 02T945415K, 02T945415L, 02T945415P, 02T945415Q, 02K945415C, 02K945415D, 02K945415E, 02K945415G, 02K945415K, 02T945415, 02T945415D, 02T945415E, 02T945415K, 02T945415L, 02T945415P, 02T945415Q; Peruutusvalokytkin,Kytkin, Peruutusvalo<\/p>\n","protected":false},"excerpt":{"rendered":"<p>TOPRAN Peruutusvalon Kytkin 109 761 Peruutusvalokytkin,Kytkin, Peruutusvalo VW,AUDI,SKODA,GOLF IV 1J1,GOLF V 1K1,POLO 9N_,TOURAN 1T1, 1T2,GOLF VI 5K1<\/p>\n","protected":false},"featured_media":0,"template":"","meta":{"site-sidebar-layout":"default","site-content-layout":"default","ast-global-header-display":"","ast-main-header-display":"","ast-hfb-above-header-display":"","ast-hfb-below-header-display":"","ast-hfb-mobile-header-display":"","site-post-title":"","ast-breadcrumbs-content":"","ast-featured-img":"","footer-sml-layout":"","theme-transparent-header-meta":"","adv-header-id-meta":"","stick-header-meta":"","header-above-stick-meta":"","header-main-stick-meta":"","header-below-stick-meta":""},"pwb-brand":[18],"product_cat":[116],"product_tag":[],"class_list":{"0":"post-24548","1":"product","2":"type-product","3":"status-publish","5":"pwb-brand-topran","6":"product_cat-peruutusvalon-kytkin","7":"desktop-align-left","8":"tablet-align-left","9":"mobile-align-left","11":"first","12":"instock","13":"product-type-external"},"brands":[{"id":18,"name":"TOPRAN","slug":"topran"}],"_links":{"self":[{"href":"https:\/\/www.autonvaraosahaku.fi\/index.php?rest_route=\/wp\/v2\/product\/24548","targetHints":{"allow":["GET"]}}],"collection":[{"href":"https:\/\/www.autonvaraosahaku.fi\/index.php?rest_route=\/wp\/v2\/product"}],"about":[{"href":"https:\/\/www.autonvaraosahaku.fi\/index.php?rest_route=\/wp\/v2\/types\/product"}],"wp:attachment":[{"href":"https:\/\/www.autonvaraosahaku.fi\/index.php?rest_route=%2Fwp%2Fv2%2Fmedia&parent=24548"}],"wp:term":[{"taxonomy":"pwb-brand","embeddable":true,"href":"https:\/\/www.autonvaraosahaku.fi\/index.php?rest_route=%2Fwp%2Fv2%2Fpwb-brand&post=24548"},{"taxonomy":"product_cat","embeddable":true,"href":"https:\/\/www.autonvaraosahaku.fi\/index.php?rest_route=%2Fwp%2Fv2%2Fproduct_cat&post=24548"},{"taxonomy":"product_tag","embeddable":true,"href":"https:\/\/www.autonvaraosahaku.fi\/index.php?rest_route=%2Fwp%2Fv2%2Fproduct_tag&post=24548"}],"curies":[{"name":"wp","href":"https:\/\/api.w.org\/{rel}","templated":true}]}}