{"id":24563,"date":"2021-02-21T14:54:40","date_gmt":"2021-02-21T14:54:40","guid":{"rendered":"https:\/\/www.autonvaraosahaku.fi\/?product=topran-107-532-paisuntasailion-korkki"},"modified":"2021-02-21T14:54:41","modified_gmt":"2021-02-21T14:54:41","slug":"topran-107-532-paisuntasailion-korkki","status":"publish","type":"product","link":"https:\/\/www.autonvaraosahaku.fi\/?product=topran-107-532-paisuntasailion-korkki","title":{"rendered":"TOPRAN 107 532 Paisuntas\u00e4ili\u00f6n korkki"},"content":{"rendered":"<p>Materiaali: Muovi; V\u00e4ri: Sininen; Asennusmalli: Ruuviliit\u00e4nn\u00e4ll\u00e4; Kierremalli: Ulkopuolinen kierre; Lis\u00e4tarvike\/lis\u00e4tieto: Tiivisteill\u00e4; OE-numerolle: 1J0 121 321B; Alustanumerosta: 8D-T-309403; VW: GOLF IV 1J1,POLO 9N_,PASSAT Variant 3B6,GOLF IV Variant 1J5,PASSAT Variant 3B5,TOUAREG 7LA, 7L6, 7L7,BORA 1J2,PASSAT 3B2,PASSAT 3B3,BORA Kombi 1J6; AUDI: A3 8L1,A4 8D2, B5,A6 Avant 4B5, C5,A4 Avant 8D5, B5,A2 8Z0,A6 4B2, C5,Q7 4L,TT 8N3,TT Roadster 8N9; PORSCHE: CAYENNE 955; 1J0121321, 1J0121321A, 1J0121321B, 95510644720, 1J0121321, 1J0121321A, 1J0121321B, 1J0121321, 1J0121321A, 1J0121321B; Korkki, Paisuntas\u00e4ili\u00f6<\/p>\n","protected":false},"excerpt":{"rendered":"<p>TOPRAN Paisuntas\u00e4ili\u00f6n Korkki 107 532 Korkki, Paisuntas\u00e4ili\u00f6 VW,AUDI,PORSCHE,GOLF IV 1J1,POLO 9N_,PASSAT Variant 3B6,GOLF IV Variant 1J5<\/p>\n","protected":false},"featured_media":0,"template":"","meta":{"site-sidebar-layout":"default","site-content-layout":"default","ast-global-header-display":"","ast-main-header-display":"","ast-hfb-above-header-display":"","ast-hfb-below-header-display":"","ast-hfb-mobile-header-display":"","site-post-title":"","ast-breadcrumbs-content":"","ast-featured-img":"","footer-sml-layout":"","theme-transparent-header-meta":"","adv-header-id-meta":"","stick-header-meta":"","header-above-stick-meta":"","header-main-stick-meta":"","header-below-stick-meta":""},"pwb-brand":[18],"product_cat":[99],"product_tag":[],"class_list":{"0":"post-24563","1":"product","2":"type-product","3":"status-publish","5":"pwb-brand-topran","6":"product_cat-paisuntasailion-korkki","7":"desktop-align-left","8":"tablet-align-left","9":"mobile-align-left","11":"first","12":"instock","13":"product-type-external"},"brands":[{"id":18,"name":"TOPRAN","slug":"topran"}],"_links":{"self":[{"href":"https:\/\/www.autonvaraosahaku.fi\/index.php?rest_route=\/wp\/v2\/product\/24563","targetHints":{"allow":["GET"]}}],"collection":[{"href":"https:\/\/www.autonvaraosahaku.fi\/index.php?rest_route=\/wp\/v2\/product"}],"about":[{"href":"https:\/\/www.autonvaraosahaku.fi\/index.php?rest_route=\/wp\/v2\/types\/product"}],"wp:attachment":[{"href":"https:\/\/www.autonvaraosahaku.fi\/index.php?rest_route=%2Fwp%2Fv2%2Fmedia&parent=24563"}],"wp:term":[{"taxonomy":"pwb-brand","embeddable":true,"href":"https:\/\/www.autonvaraosahaku.fi\/index.php?rest_route=%2Fwp%2Fv2%2Fpwb-brand&post=24563"},{"taxonomy":"product_cat","embeddable":true,"href":"https:\/\/www.autonvaraosahaku.fi\/index.php?rest_route=%2Fwp%2Fv2%2Fproduct_cat&post=24563"},{"taxonomy":"product_tag","embeddable":true,"href":"https:\/\/www.autonvaraosahaku.fi\/index.php?rest_route=%2Fwp%2Fv2%2Fproduct_tag&post=24563"}],"curies":[{"name":"wp","href":"https:\/\/api.w.org\/{rel}","templated":true}]}}