{"id":24580,"date":"2021-02-21T14:54:44","date_gmt":"2021-02-21T14:54:44","guid":{"rendered":"https:\/\/www.autonvaraosahaku.fi\/?product=swag-10-93-8770-tiivisteet"},"modified":"2021-02-21T14:54:45","modified_gmt":"2021-02-21T14:54:45","slug":"swag-10-93-8770-tiivisteet","status":"publish","type":"product","link":"https:\/\/www.autonvaraosahaku.fi\/?product=swag-10-93-8770-tiivisteet","title":{"rendered":"SWAG 10 93 8770 Tiivisteet"},"content":{"rendered":"<p>Paksuus [mm]: 2,5; Sis\u00e4l\u00e4pimitta [mm]: 8,0; Ulkol\u00e4pimitta [mm]: 13,0; Materiaali: FPM (fluori-kumi)\/APM (polyakryyli-kumi); Paino [kg]: 0,005, 0,005; Moottorinumero: OM611980; MERCEDES-BENZ: C-CLASS W203,A-CLASS W168,C-CLASS T-Model S203,C-CLASS W202,E-CLASS W210,C-CLASS Coupe CL203,M-CLASS W163,E-CLASS Kombi S210,CLK C209,C-CLASS Kombi S202,S-CLASS W220,VANEO 414,G-CLASS W463,VITO Bus 638,SPRINTER 3-t Kasten 903,SPRINTER 2-t Bus 901, 902,V-CLASS 638\/2,G-CLASS W461,SPRINTER 2-t Kasten 901, 902,SPRINTER 3-t Bus 903,SPRINTER 3-t Pritsche\/Fahrgestell 903,VITO Kasten 638,SPRINTER 4-t Pritsche\/Fahrgestell 904,SPRINTER 2-t Pritsche\/Fahrgestell 901, 902,SPRINTER 4-t Kasten 904,SPRINTER 5-t Pritsche\/Fahrgestell 905; 05103960AA, 05139592AA, 5139592AA, K05103960AA, 6019970345, 6019970645, A6019970345, A6019970645<\/p>\n","protected":false},"excerpt":{"rendered":"<p>SWAG Tiiviste, Polttoaineputki 10 93 8770  MERCEDES-BENZ,C-CLASS W203,A-CLASS W168,C-CLASS T-Model S203,C-CLASS W202,E-CLASS W210,C-CLASS Coupe CL203<\/p>\n","protected":false},"featured_media":0,"template":"","meta":{"site-sidebar-layout":"default","site-content-layout":"default","ast-global-header-display":"","ast-main-header-display":"","ast-hfb-above-header-display":"","ast-hfb-below-header-display":"","ast-hfb-mobile-header-display":"","site-post-title":"","ast-breadcrumbs-content":"","ast-featured-img":"","footer-sml-layout":"","theme-transparent-header-meta":"","adv-header-id-meta":"","stick-header-meta":"","header-above-stick-meta":"","header-main-stick-meta":"","header-below-stick-meta":""},"pwb-brand":[103],"product_cat":[27],"product_tag":[],"class_list":{"0":"post-24580","1":"product","2":"type-product","3":"status-publish","5":"pwb-brand-swag","6":"product_cat-tiivisteet","7":"desktop-align-left","8":"tablet-align-left","9":"mobile-align-left","11":"first","12":"instock","13":"product-type-external"},"brands":[{"id":103,"name":"SWAG","slug":"swag"}],"_links":{"self":[{"href":"https:\/\/www.autonvaraosahaku.fi\/index.php?rest_route=\/wp\/v2\/product\/24580","targetHints":{"allow":["GET"]}}],"collection":[{"href":"https:\/\/www.autonvaraosahaku.fi\/index.php?rest_route=\/wp\/v2\/product"}],"about":[{"href":"https:\/\/www.autonvaraosahaku.fi\/index.php?rest_route=\/wp\/v2\/types\/product"}],"wp:attachment":[{"href":"https:\/\/www.autonvaraosahaku.fi\/index.php?rest_route=%2Fwp%2Fv2%2Fmedia&parent=24580"}],"wp:term":[{"taxonomy":"pwb-brand","embeddable":true,"href":"https:\/\/www.autonvaraosahaku.fi\/index.php?rest_route=%2Fwp%2Fv2%2Fpwb-brand&post=24580"},{"taxonomy":"product_cat","embeddable":true,"href":"https:\/\/www.autonvaraosahaku.fi\/index.php?rest_route=%2Fwp%2Fv2%2Fproduct_cat&post=24580"},{"taxonomy":"product_tag","embeddable":true,"href":"https:\/\/www.autonvaraosahaku.fi\/index.php?rest_route=%2Fwp%2Fv2%2Fproduct_tag&post=24580"}],"curies":[{"name":"wp","href":"https:\/\/api.w.org\/{rel}","templated":true}]}}