{"id":24594,"date":"2021-02-21T14:54:44","date_gmt":"2021-02-21T14:54:44","guid":{"rendered":"https:\/\/www.autonvaraosahaku.fi\/?product=luk-624-3371-00-kytkinpaketti"},"modified":"2021-02-21T14:54:47","modified_gmt":"2021-02-21T14:54:47","slug":"luk-624-3371-00-kytkinpaketti","status":"publish","type":"product","link":"https:\/\/www.autonvaraosahaku.fi\/?product=luk-624-3371-00-kytkinpaketti","title":{"rendered":"LuK 624 3371 00 Kytkinpaketti"},"content":{"rendered":"<p>L\u00e4pimitta [mm]: 240; Korvaava tuote\/korvaava tiedote 2: irroitinlaakerilla, irroitushaarukalla, irroitushaarukalla, Erikoisty\u00f6kalu tarpeen asennuksessa, Tarkasta 2-massavauhtipy\u00f6r\u00e4 ja uusi tarvitaessa.; J\u00e4lkis\u00e4\u00e4t\u00f6: Automaattisella s\u00e4\u00e4d\u00f6ll\u00e4, Automaattisella s\u00e4\u00e4d\u00f6ll\u00e4; Moottorimalli: Moottoreihin, joissa kaksoismassa vauhtipy\u00f6r\u00e4; Moottorinumero: N47N; BMW: 3 Touring E91,3 E90,5 E60,1 E87,5 Touring E61,X3 E83,5 Touring F11,5 F10, F18,1 E81,X3 F25,3 Coupe E92,3 Cabriolet E93,1 Cabriolet E88,1 Coupe E82; 21207546376, 21207546377, 21207573790, 21207573791, 21207580691, 21207583172, 21207585994, 21217545068, 21517564027, 21517570154, 7545068, 7546376, 7546377, 7564027, 7570154, 7573790, 7573791, 7580691, 7583172, 7585994; Kytkinsarja<\/p>\n","protected":false},"excerpt":{"rendered":"<p>LuK Kytkinpaketti 624 3371 00 Kytkinsarja BMW,3 Touring E91,3 E90,5 E60,1 E87,5 Touring E61,X3 E83,5 Touring F11,5 F10, F18,1 E81,X3 F25,3 Coupe E92<\/p>\n","protected":false},"featured_media":0,"template":"","meta":{"site-sidebar-layout":"default","site-content-layout":"default","ast-global-header-display":"","ast-main-header-display":"","ast-hfb-above-header-display":"","ast-hfb-below-header-display":"","ast-hfb-mobile-header-display":"","site-post-title":"","ast-breadcrumbs-content":"","ast-featured-img":"","footer-sml-layout":"","theme-transparent-header-meta":"","adv-header-id-meta":"","stick-header-meta":"","header-above-stick-meta":"","header-main-stick-meta":"","header-below-stick-meta":""},"pwb-brand":[20],"product_cat":[21],"product_tag":[],"class_list":{"0":"post-24594","1":"product","2":"type-product","3":"status-publish","5":"pwb-brand-luk","6":"product_cat-kytkinpaketti","7":"desktop-align-left","8":"tablet-align-left","9":"mobile-align-left","11":"first","12":"instock","13":"product-type-external"},"brands":[{"id":20,"name":"LuK","slug":"luk"}],"_links":{"self":[{"href":"https:\/\/www.autonvaraosahaku.fi\/index.php?rest_route=\/wp\/v2\/product\/24594","targetHints":{"allow":["GET"]}}],"collection":[{"href":"https:\/\/www.autonvaraosahaku.fi\/index.php?rest_route=\/wp\/v2\/product"}],"about":[{"href":"https:\/\/www.autonvaraosahaku.fi\/index.php?rest_route=\/wp\/v2\/types\/product"}],"wp:attachment":[{"href":"https:\/\/www.autonvaraosahaku.fi\/index.php?rest_route=%2Fwp%2Fv2%2Fmedia&parent=24594"}],"wp:term":[{"taxonomy":"pwb-brand","embeddable":true,"href":"https:\/\/www.autonvaraosahaku.fi\/index.php?rest_route=%2Fwp%2Fv2%2Fpwb-brand&post=24594"},{"taxonomy":"product_cat","embeddable":true,"href":"https:\/\/www.autonvaraosahaku.fi\/index.php?rest_route=%2Fwp%2Fv2%2Fproduct_cat&post=24594"},{"taxonomy":"product_tag","embeddable":true,"href":"https:\/\/www.autonvaraosahaku.fi\/index.php?rest_route=%2Fwp%2Fv2%2Fproduct_tag&post=24594"}],"curies":[{"name":"wp","href":"https:\/\/api.w.org\/{rel}","templated":true}]}}