{"id":24625,"date":"2021-02-21T14:54:53","date_gmt":"2021-02-21T14:54:53","guid":{"rendered":"https:\/\/www.autonvaraosahaku.fi\/?product=trw-gdb1957-jarrupalat"},"modified":"2021-02-21T14:54:55","modified_gmt":"2021-02-21T14:54:55","slug":"trw-gdb1957-jarrupalat","status":"publish","type":"product","link":"https:\/\/www.autonvaraosahaku.fi\/?product=trw-gdb1957-jarrupalat","title":{"rendered":"TRW GDB1957 Jarrupalat"},"content":{"rendered":"<p>Valmistaja rajaus: ATE; Pituus (mm): 123,00; Korkeus 1 (mm): 56,20; Korkeus 2 (mm): 61,20; Paksuus [mm]: 16,20; Kulumisenilmaisimen liitos: Ei kulumisenilmaisimelle; Tarkistuskilpi: E9 90R-02A0118\/3530; M\u00e4\u00e4r\u00e4yksikk\u00f6: Akselisarja; lis\u00e4tieto: COTEC; Asennuspuoli: Hinterachse; VW: GOLF VII 5G1, BE1,GOLF VII Kombi BA5,PASSAT Variant 3G5,GOLF SPORTSVAN AM1,TOURAN,TIGUAN AD1,PASSAT 3G2,PASSAT ALLTRACK 3G5,ARTEON 3H7,TIGUAN ALLSPACE BW2,GOLF ALLTRACK BA5; AUDI: A3 Sportback 8VA,A3 Limousine 8VS,A3 8V1,A3 Cabriolet 8V7,TT FV3,Q2 GA,TT Roadster FV9; SKODA: SUPERB Kombi 3V5,KODIAQ NS7,SUPERB 3V3; SEAT: LEON 5F1,LEON ST 5F8,LEON SC 5F5,ATECA KH7; 3Q0698451, 3Q0698451B, 3Q0698451C, 3Q0698451F, 5Q0698451, 5Q0698451C, 5Q0698451N, 5Q0698451P, 8V0698451, 8V0698451A, 8V0698451B, 8V0698451D, 5Q0698451N, 5Q0698451P, 8V0698451B, 8V0698451D, 3Q0698451, 3Q0698451B, 3Q0698451C, 5Q0698451N, 5Q0698451P, 8V0698451D, 3Q0698451, 3Q0698451B, 3Q0698451C, 3Q0698451F, 5Q0698451, 5Q0698451C, 5Q0698451N, 5Q0698451P, 8V0698451, 8V0698451A, 8V0698451B, 8V0698451D; Jarrupalasarja,Jarrupala, Levyjarru<\/p>\n","protected":false},"excerpt":{"rendered":"<p>TRW Jarrupalat GDB1957 Jarrupalasarja,Jarrupala, Levyjarru VW,AUDI,SKODA,GOLF VII 5G1, BE1,GOLF VII Kombi BA5,PASSAT Variant 3G5,GOLF SPORTSVAN AM1<\/p>\n","protected":false},"featured_media":0,"template":"","meta":{"site-sidebar-layout":"default","site-content-layout":"default","ast-global-header-display":"","ast-main-header-display":"","ast-hfb-above-header-display":"","ast-hfb-below-header-display":"","ast-hfb-mobile-header-display":"","site-post-title":"","ast-breadcrumbs-content":"","ast-featured-img":"","footer-sml-layout":"","theme-transparent-header-meta":"","adv-header-id-meta":"","stick-header-meta":"","header-above-stick-meta":"","header-main-stick-meta":"","header-below-stick-meta":""},"pwb-brand":[332],"product_cat":[100],"product_tag":[],"class_list":{"0":"post-24625","1":"product","2":"type-product","3":"status-publish","5":"pwb-brand-trw","6":"product_cat-jarrupalat","7":"desktop-align-left","8":"tablet-align-left","9":"mobile-align-left","11":"first","12":"instock","13":"product-type-external"},"brands":[{"id":332,"name":"TRW","slug":"trw"}],"_links":{"self":[{"href":"https:\/\/www.autonvaraosahaku.fi\/index.php?rest_route=\/wp\/v2\/product\/24625","targetHints":{"allow":["GET"]}}],"collection":[{"href":"https:\/\/www.autonvaraosahaku.fi\/index.php?rest_route=\/wp\/v2\/product"}],"about":[{"href":"https:\/\/www.autonvaraosahaku.fi\/index.php?rest_route=\/wp\/v2\/types\/product"}],"wp:attachment":[{"href":"https:\/\/www.autonvaraosahaku.fi\/index.php?rest_route=%2Fwp%2Fv2%2Fmedia&parent=24625"}],"wp:term":[{"taxonomy":"pwb-brand","embeddable":true,"href":"https:\/\/www.autonvaraosahaku.fi\/index.php?rest_route=%2Fwp%2Fv2%2Fpwb-brand&post=24625"},{"taxonomy":"product_cat","embeddable":true,"href":"https:\/\/www.autonvaraosahaku.fi\/index.php?rest_route=%2Fwp%2Fv2%2Fproduct_cat&post=24625"},{"taxonomy":"product_tag","embeddable":true,"href":"https:\/\/www.autonvaraosahaku.fi\/index.php?rest_route=%2Fwp%2Fv2%2Fproduct_tag&post=24625"}],"curies":[{"name":"wp","href":"https:\/\/api.w.org\/{rel}","templated":true}]}}