{"id":24719,"date":"2021-02-21T14:55:16","date_gmt":"2021-02-21T14:55:16","guid":{"rendered":"https:\/\/www.autonvaraosahaku.fi\/?product=trw-jgm6078t-iskunvaimennin"},"modified":"2021-02-21T14:55:16","modified_gmt":"2021-02-21T14:55:16","slug":"trw-jgm6078t-iskunvaimennin","status":"publish","type":"product","link":"https:\/\/www.autonvaraosahaku.fi\/?product=trw-jgm6078t-iskunvaimennin","title":{"rendered":"TRW JGM6078T Iskunvaimennin"},"content":{"rendered":"<p>Lukum\u00e4\u00e4r\u00e4 akselille: 1; Asennuspuoli: Etuakseli; Iskunvaimennin tyyppi: Kaasupaine; Iskunvaimennin malli: Joustintuki; Iskunvaimennusj\u00e4rjestelm\u00e4: Kaksiputki; Iskunvaimennin asennustapa: Tappi ylh\u00e4\u00e4ll\u00e4; L\u00e4pimitta [mm]: 52; Pituus 1 (mm): 540; Pituus 2 (mm): 360; M\u00e4nn\u00e4nvarren l\u00e4pimitta [mm]: 22; Huomioi tekniset tiedot: ; Tuotelinja: TWIN; Alustarakenne: f\u00fcr Fahrzeuge mit Standard Fahrwerk; FORD: FOCUS II Kombi DA_,FOCUS II DA_,FOCUS C-MAX,C-MAX DM2,FOCUS II Stufenheck DA_,FOCUS II Cabriolet; 1234201, 1234202, 1234204, 1234205, 1306048, 1306049, 1325089, 1325090, 1325958, 1325959, 1325960, 1325961, 1326177, 1326188, 1326191, 1326194, 1330820, 1330821, 1348773, 1348775, 1348776, 1348778, 1348781, 1348784, 1348848, 1348850, 1348851, 1348854, 1348855, 1348856, 1360154, 1360155, 1360156, 1360158, 1360159, 1360160, 1360161, 1360162, 1360163, 1360165, 1360166, 1360167, 1362669, 1362670, 1365740, 1365741, 1365743, 1365744, 1365746, 1366813, 1366815, 1366817, 1366820, 1366825, 1366826, 1366827, 1366828, 1370273, 1370278, 1370283, 1370284, 1372324, 1372327, 1372329, 1372330, 1440865, 1440867, 1440871, 1440885, 1440886, 1440888, 1441825, 1441853, 1441876, 1441938, 1441967, 1441984, 1455519, 1455520, 1455522, 1455524, 1455526, 1455528, 1455544, 1455545, 1455549, 1455550, 1455551, 1458854, 1458859, 1458862, 1464768, 1464769, 1464770, 1559519, 1559520, 1565335, 1565337, 1570029, 1570043, 1570050, 1570055, 1574976, 1574984, 1574987, 1574988, 1574989, 1574992, 1574993, 1575006, 1575010,&#8230;; Iskarit,Iskunvaimennin<\/p>\n","protected":false},"excerpt":{"rendered":"<p>TRW Iskunvaimentimet JGM6078T Iskarit,Iskunvaimennin FORD,FOCUS II Kombi DA_,FOCUS II DA_,FOCUS C-MAX,C-MAX DM2,FOCUS II Stufenheck DA_<\/p>\n","protected":false},"featured_media":0,"template":"","meta":{"site-sidebar-layout":"default","site-content-layout":"default","ast-global-header-display":"","ast-main-header-display":"","ast-hfb-above-header-display":"","ast-hfb-below-header-display":"","ast-hfb-mobile-header-display":"","site-post-title":"","ast-breadcrumbs-content":"","ast-featured-img":"","footer-sml-layout":"","theme-transparent-header-meta":"","adv-header-id-meta":"","stick-header-meta":"","header-above-stick-meta":"","header-main-stick-meta":"","header-below-stick-meta":""},"pwb-brand":[332],"product_cat":[80],"product_tag":[],"class_list":{"0":"post-24719","1":"product","2":"type-product","3":"status-publish","5":"pwb-brand-trw","6":"product_cat-iskunvaimennin","7":"desktop-align-left","8":"tablet-align-left","9":"mobile-align-left","11":"first","12":"instock","13":"product-type-external"},"brands":[{"id":332,"name":"TRW","slug":"trw"}],"_links":{"self":[{"href":"https:\/\/www.autonvaraosahaku.fi\/index.php?rest_route=\/wp\/v2\/product\/24719","targetHints":{"allow":["GET"]}}],"collection":[{"href":"https:\/\/www.autonvaraosahaku.fi\/index.php?rest_route=\/wp\/v2\/product"}],"about":[{"href":"https:\/\/www.autonvaraosahaku.fi\/index.php?rest_route=\/wp\/v2\/types\/product"}],"wp:attachment":[{"href":"https:\/\/www.autonvaraosahaku.fi\/index.php?rest_route=%2Fwp%2Fv2%2Fmedia&parent=24719"}],"wp:term":[{"taxonomy":"pwb-brand","embeddable":true,"href":"https:\/\/www.autonvaraosahaku.fi\/index.php?rest_route=%2Fwp%2Fv2%2Fpwb-brand&post=24719"},{"taxonomy":"product_cat","embeddable":true,"href":"https:\/\/www.autonvaraosahaku.fi\/index.php?rest_route=%2Fwp%2Fv2%2Fproduct_cat&post=24719"},{"taxonomy":"product_tag","embeddable":true,"href":"https:\/\/www.autonvaraosahaku.fi\/index.php?rest_route=%2Fwp%2Fv2%2Fproduct_tag&post=24719"}],"curies":[{"name":"wp","href":"https:\/\/api.w.org\/{rel}","templated":true}]}}