{"id":24750,"date":"2021-02-21T14:55:21","date_gmt":"2021-02-21T14:55:21","guid":{"rendered":"https:\/\/www.autonvaraosahaku.fi\/?product=mahle-original-oc-606-oljynsuodatin"},"modified":"2021-02-21T14:55:22","modified_gmt":"2021-02-21T14:55:22","slug":"mahle-original-oc-606-oljynsuodatin","status":"publish","type":"product","link":"https:\/\/www.autonvaraosahaku.fi\/?product=mahle-original-oc-606-oljynsuodatin","title":{"rendered":"MAHLE ORIGINAL OC 606 \u00d6ljynsuodatin"},"content":{"rendered":"<p>Suodatintyyppi: Ruuvattava suodatin; L\u00e4pimitta [mm]: 76,0; Korkeus (mm): 73,5; Ulkol\u00e4pimitta 2 [mm]: 72,0; Sis\u00e4l\u00e4pimitta 2 [mm]: 62,0; Liitinkierre: 3\/4-16UNF-2B; Kiristysmomentti: 20; Suositellun erikoisty\u00f6kalun tuotenumero: OCS 1, OCS 1; Valmistusvuoteen: 08\/2008; MAZDA: 2 DY; JEEP: GRAND CHEROKEE III WH, WK,CHEROKEE KJ,COMMANDER XK,CHEROKEE KK; LADA: KALINA Schr\u00e4gheck 1119,PRIORA Kombi 2171,GRANTA 2190,PRIORA Schr\u00e4gheck 2172,KALINA Kombi 2194,KALINA Schr\u00e4gheck 2192,GRANTA Schr\u00e4gheck 2191; LAND ROVER: DISCOVERY III TAA,DISCOVERY IV LA; FORD USA: WINDSTAR A3,PROBE I,AEROSTAR,TAURUS P5_,TAURUS Wagon P5_; CHRYSLER: PT CRUISER PT_,PT CRUISER Cabriolet; FORD: FIESTA V JH_, JD_,FOCUS II Kombi DA_,FIESTA VI,FOCUS Kombi DNW,FOCUS II DA_,FOCUS DAW, DBW,GALAXY WGR,FIESTA IV JA_, JB_,FUSION JU_,KA RB_,FIESTA Stufenheck JA8 JR8,FOCUS Stufenheck DFW,STREET KA RL2,MONDEO II Kombi BNP,FIESTA III GFJ,TRANSIT Kasten FA_ _,TRANSIT CONNECT P65_, P70_, P80_,FOCUS II Stufenheck DA_,TRANSIT Bus FD_ _, FB_ _, FS_ _, FZ_ _, FC_ _,COUGAR EC_,MONDEO II BAP,TOURNEO CONNECT,PUMA EC_,TRANSIT Pritsche\/Fahrgestell FM_ _, FN_ _,ESCORT VII GAL, AAL, ABL,ESCORT IV Cabriolet ALF,MONDEO II Stufenheck BFP,MONDEO I Kombi BNP,SIERRA GBG, GB4,MONDEO I GBP,ESCORT VII Kombi GAL, ANL,FIESTA V Van,ESCORT VII Cabriolet ALL,ESCORT VI Cabriolet ALL,ESCORT VI GAL,SCORPIO II GFR, GGR,SIERRA Schr\u00e4gheck GBC, GBG,FIESTA I GFBT,ESCORT IV GAF, AWF, ABFT,FIESTA II FBD,ESCORT V Cabriolet ALL,MONDEO I Stufenheck GBP,ESCORT &#8217;95 Express AVL,ESCORT III GAA,FIESTA Kasten J5_, J3_,SCORPIO II Kombi GNR, GGR,ESCORT V GAL,ESCORT VII Stufenheck GAL, AFL,SIERRA Kombi BNG,ESC; MORGAN: PLUS FOUR,FOUR FOUR,ROADSTER Cabriolet; 04781452AA, 04781452AB, 04781452BB, K04781452AA, K04781452BB, K04781452BB, 1007705, 1007706, 1026285, 1043143, 1043147, 1047169, 1056613, 1066071, 1070523, 1071746, 1072434, 1089779, 1097077, 1119421, 1143677, 1221697, 1663050, 1663051, 1667890, 3652059, 5008718, 5008719, 5008720, 5008721, 5008722, 5012000, 6029109, 6057166, 6057167, 6062305, 6066094, 6066095, 6066096, 6141811, 6937010, 6937011, 77BM6714AA, 77BM6714BA, 77BM6714C1A, 77BM6714C2A, 7S7G6714A1A, 7S7G6714AA, 81SM6714A2A, 81SM6714A3A, 81SM6714A4A, 81SM6714AA, 84BM6714AA, 928M6714A1A, 928M6714A2A, 938M6714A2A, 938M6714A3A, 938M6714A4A, 96M6714A1A, 96MM6714A1A, 96MM6714A2A, 978M6414B4A, 978M6714A1A, 978M6714A2A, 978M6714A6A, 978M6714B1A, 978M6714B2A, 978M6714B4A, 97MM6714A1A, 97MM6714A4A, 97MM6714A5A, 97MM6714B1A, 97MM6714B5A, A810X6714GA, A810X6714HA, A810X6714JA, A810X6714KA, A810X6714LA, A830X6714AKA, E1FZ6731A, E4FZ6731A, E4FZ6731AB, E9EE6714A1B, EFL10, EFL106, EFL125, EFL125S, EFL134, EFL134S, EFL2, EFL500, EFL600, F8CZ6&#8230;<\/p>\n","protected":false},"excerpt":{"rendered":"<p>MAHLE ORIGINAL \u00d6ljynsuodatin OC 606  MAZDA,JEEP,LADA,2 DY,GRAND CHEROKEE III WH, WK,CHEROKEE KJ,COMMANDER XK,CHEROKEE KK,KALINA Schr\u00e4gheck 1119<\/p>\n","protected":false},"featured_media":0,"template":"","meta":{"site-sidebar-layout":"default","site-content-layout":"default","ast-global-header-display":"","ast-main-header-display":"","ast-hfb-above-header-display":"","ast-hfb-below-header-display":"","ast-hfb-mobile-header-display":"","site-post-title":"","ast-breadcrumbs-content":"","ast-featured-img":"","footer-sml-layout":"","theme-transparent-header-meta":"","adv-header-id-meta":"","stick-header-meta":"","header-above-stick-meta":"","header-main-stick-meta":"","header-below-stick-meta":""},"pwb-brand":[153],"product_cat":[30],"product_tag":[],"class_list":{"0":"post-24750","1":"product","2":"type-product","3":"status-publish","5":"pwb-brand-mahle-original","6":"product_cat-oljynsuodatin","7":"desktop-align-left","8":"tablet-align-left","9":"mobile-align-left","11":"first","12":"instock","13":"product-type-external"},"brands":[{"id":153,"name":"MAHLE ORIGINAL","slug":"mahle-original"}],"_links":{"self":[{"href":"https:\/\/www.autonvaraosahaku.fi\/index.php?rest_route=\/wp\/v2\/product\/24750","targetHints":{"allow":["GET"]}}],"collection":[{"href":"https:\/\/www.autonvaraosahaku.fi\/index.php?rest_route=\/wp\/v2\/product"}],"about":[{"href":"https:\/\/www.autonvaraosahaku.fi\/index.php?rest_route=\/wp\/v2\/types\/product"}],"wp:attachment":[{"href":"https:\/\/www.autonvaraosahaku.fi\/index.php?rest_route=%2Fwp%2Fv2%2Fmedia&parent=24750"}],"wp:term":[{"taxonomy":"pwb-brand","embeddable":true,"href":"https:\/\/www.autonvaraosahaku.fi\/index.php?rest_route=%2Fwp%2Fv2%2Fpwb-brand&post=24750"},{"taxonomy":"product_cat","embeddable":true,"href":"https:\/\/www.autonvaraosahaku.fi\/index.php?rest_route=%2Fwp%2Fv2%2Fproduct_cat&post=24750"},{"taxonomy":"product_tag","embeddable":true,"href":"https:\/\/www.autonvaraosahaku.fi\/index.php?rest_route=%2Fwp%2Fv2%2Fproduct_tag&post=24750"}],"curies":[{"name":"wp","href":"https:\/\/api.w.org\/{rel}","templated":true}]}}