{"id":24790,"date":"2021-02-21T14:55:29","date_gmt":"2021-02-21T14:55:29","guid":{"rendered":"https:\/\/www.autonvaraosahaku.fi\/?product=beru-z10-sytytystulpat"},"modified":"2021-02-21T14:55:31","modified_gmt":"2021-02-21T14:55:31","slug":"beru-z10-sytytystulpat","status":"publish","type":"product","link":"https:\/\/www.autonvaraosahaku.fi\/?product=beru-z10-sytytystulpat","title":{"rendered":"BERU Z10 Sytytystulpat"},"content":{"rendered":"<p>K\u00e4rkiv\u00e4li (mm): 0,8; Liittimet: SAE\/M4; Kierremitta: M14x1,25; Avainv\u00e4li: 21 mm; Sytytystulppa: 1-maaelektroodi, suoralla istukalla; Kierteen pituus (mm): 12,7; Teknisten tietojen numero: 14-7 BU; Itsepalvelupakattu, katso osaluettelo: ; Kiristysmomentti > [Nm]: 20; Kiristysmomentti enint\u00e4\u00e4n [Nm]: 30; Tuotelinja: ULTRA; Tarvittava kappalem\u00e4\u00e4r\u00e4: 6; OPEL: ADMIRAL B,REKORD B,REKORD B Coupe,REKORD B Caravan,OLYMPIA A Coupe,OLYMPIA A; FORD: TRANSIT Kasten 81E,TRANSIT Bus 72E, 73E,TRANSIT &#8217;55- Bus,TRANSIT Pritsche\/Fahrgestell 74E,TRANSIT &#8217;55- Kasten,TAUNUS 12M 11G; RENAULT: 4 112_,5 122_,4 Kasten R21_, R23_,12,6 118_,5 Kasten 238_,12 Variable 117_,RODEO 6,15 130_,RODEO 4,RODEO 5; FIAT: 500; SKODA: 105,120 742,105,120 744,130,RAPID 120G, 130G, 135G; CITRO\u00cbN: CX I MA,DS,CX I Break MA,DS Cabriolet; VOLVO: 240 Kombi P245,240 P242, P244,P 121,164,140 142, 144,66,P 122 S AMAZON,140 Kombi 145,P 122 S AMAZON Kombi,66 Kombi,P 2200 Kombi; DACIA: 1310 Stufenheck U, X,1300; PORSCHE: 356 Cabriolet\/Speedster; ROVER: 2000-3500 P6; 7554445, 5403277, 5403277X, 5433737, 5433737J, 5433738, 5433738V, 75492437, 95618380, DS2127G, DV212207A, DX2127A, DX2127C, 4361799, 4361800, 5882087, 7554445, 7554447, 7554448, 273, 274, 275, 7544445, 0001594303, 0001596503, 0001597203, 0021597203, 1214019, 1214021, 1214023, 5962A3, 99917016790, 0851798800, 0855836400, 0855836500, 7700529980, 7700546241, 7700558395, 7700571635, 7700580479, 7700616459, 7700621029, 7700647263, 7700647267, 7700647270, 7700647276, 7700647278, 7700647279, 7700647285, 7700647286, 7700662849, 7700683772, 7701023391, 7701366057, 7701366267, 7701366515, 7701414036, 7701414144, 7702125001, BBC057009, 9040784, 0013695600, 1357828, 135827, 241402, 241946, 271411, 271412, 273525, 273558, 3104530, 3576846; Tulpat,Sytytystulppa<\/p>\n","protected":false},"excerpt":{"rendered":"<p>BERU Sytytystulpat Z10 Tulpat,Sytytystulppa OPEL,FORD,RENAULT,ADMIRAL B,REKORD B,REKORD B Coupe,REKORD B Caravan,OLYMPIA A Coupe,OLYMPIA A<\/p>\n","protected":false},"featured_media":0,"template":"","meta":{"site-sidebar-layout":"default","site-content-layout":"default","ast-global-header-display":"","ast-main-header-display":"","ast-hfb-above-header-display":"","ast-hfb-below-header-display":"","ast-hfb-mobile-header-display":"","site-post-title":"","ast-breadcrumbs-content":"","ast-featured-img":"","footer-sml-layout":"","theme-transparent-header-meta":"","adv-header-id-meta":"","stick-header-meta":"","header-above-stick-meta":"","header-main-stick-meta":"","header-below-stick-meta":""},"pwb-brand":[327],"product_cat":[165],"product_tag":[],"class_list":{"0":"post-24790","1":"product","2":"type-product","3":"status-publish","5":"pwb-brand-beru","6":"product_cat-sytytystulpat","7":"desktop-align-left","8":"tablet-align-left","9":"mobile-align-left","11":"first","12":"instock","13":"product-type-external"},"brands":[{"id":327,"name":"BERU","slug":"beru"}],"_links":{"self":[{"href":"https:\/\/www.autonvaraosahaku.fi\/index.php?rest_route=\/wp\/v2\/product\/24790","targetHints":{"allow":["GET"]}}],"collection":[{"href":"https:\/\/www.autonvaraosahaku.fi\/index.php?rest_route=\/wp\/v2\/product"}],"about":[{"href":"https:\/\/www.autonvaraosahaku.fi\/index.php?rest_route=\/wp\/v2\/types\/product"}],"wp:attachment":[{"href":"https:\/\/www.autonvaraosahaku.fi\/index.php?rest_route=%2Fwp%2Fv2%2Fmedia&parent=24790"}],"wp:term":[{"taxonomy":"pwb-brand","embeddable":true,"href":"https:\/\/www.autonvaraosahaku.fi\/index.php?rest_route=%2Fwp%2Fv2%2Fpwb-brand&post=24790"},{"taxonomy":"product_cat","embeddable":true,"href":"https:\/\/www.autonvaraosahaku.fi\/index.php?rest_route=%2Fwp%2Fv2%2Fproduct_cat&post=24790"},{"taxonomy":"product_tag","embeddable":true,"href":"https:\/\/www.autonvaraosahaku.fi\/index.php?rest_route=%2Fwp%2Fv2%2Fproduct_tag&post=24790"}],"curies":[{"name":"wp","href":"https:\/\/api.w.org\/{rel}","templated":true}]}}