{"id":24817,"date":"2021-02-21T14:55:34","date_gmt":"2021-02-21T14:55:34","guid":{"rendered":"https:\/\/www.autonvaraosahaku.fi\/?product=febi-bilstein-13521-sytytystulpat"},"modified":"2021-02-21T14:55:37","modified_gmt":"2021-02-21T14:55:37","slug":"febi-bilstein-13521-sytytystulpat","status":"publish","type":"product","link":"https:\/\/www.autonvaraosahaku.fi\/?product=febi-bilstein-13521-sytytystulpat","title":{"rendered":"FEBI BILSTEIN 13521 Sytytystulpat"},"content":{"rendered":"<p>Ulkokierre [mm]: M14 x 1,25; Kierteen pituus (mm): 19; Avainv\u00e4li: 16; K\u00e4rkiv\u00e4li (mm): 0,8; Sytytystulppa: suoralla istukalla, 3-maaelektroodia, 3-maaelektroodia; Huomioi tekniset tiedot: ; VW: TOURAN 1T1, 1T2,PASSAT Variant 3B5,PASSAT 3B2,LT 28-46 II Kasten 2DA, 2DD, 2DH,LT 28-35 II Bus 2DB, 2DE, 2DK,LT 28-46 II Pritsche\/Fahrgestell 2DC, 2DF, 2DG, 2DL, 2DM; MAZDA: 323 C IV BG,FAMILIA IV BF,323 III Hatchback BF,626 III GD,626 III Hatchback GD,626 III Coupe GD,626 III Station Wagon GV,323 III BF; VOLVO: V70 II SW,V70 I LV,S60 I,850 Kombi LW,S80 I TS, XY,C70 I Coupe,850 LS,960 II Kombi 965,S70 LS,960 II 964,V90 Kombi,960 Kombi 965,960 964,S90; SUZUKI: JIMNY FJ,SAMURAI SJ,SWIFT II Schr\u00e4gheck EA, MA,VITARA ET, TA,VITARA Cabrio ET, TA,BALENO Kombi EG,BALENO EG,BALENO Schr\u00e4gheck EG,ALTO HA12, HA23,X-90 EL,SWIFT II Stufenheck AH, AJ,CARRY Kasten FD,CARRY Pick-up FD; MERCEDES-BENZ: C-CLASS W202,CLK C208,C-CLASS Kombi S202,CLK Cabriolet A208; TOYOTA: COROLLA Liftback _E11_,COROLLA Compact _E11_,MR 2 II SW2_,COROLLA Compact _E10_,CARINA E _T19_,LAND CRUISER 80 _J8_,COROLLA _E11_,CARINA E Stufenheck _T19_,CELICA Coupe AT18_, ST18_,COROLLA Wagon __E11_,SUPRA JZA80,CARINA E Sportswagon _T19_,4 RUNNER RN10_, VZN13_, VZN10_, RN13_,COROLLA Liftback _E10_,COROLLA Liftback _E9_,COROLLA _E10_,COROLLA Compact _E9_,COROLLA Wagon _E10_,CROWN Stufenheck JZS13_, YS13_, LS13_, GS13_; FIAT: STILO 192,SEICENTO 187,DUCATO Pritsche\/Fahrgestell 230,DUCATO Bus 230,DUCATO Kasten 244,PUNTO 176,STILO Multi Wagon 192,DUCATO Pritsche\/Fahrgestell 244,DUCATO Kasten 230L,CINQUECENTO 170,PANDA 141A_,DUCATO Bus 244, Z_,COUPE FA\/175,MULTIPLA 186,ULYSSE 220,PUNTO Cabriolet 176C,UNO 146A\/E,FIORINO Kasten 146,SEICENTO Van 187,TIPO 160,PANDA Van 141_,PUNTO Van 176L; CITRO\u00cbN: BERLINGO MF,C2 JM_,C3 I FC_,BERLINGO Kasten M_,XSARA N1,C3 Pluriel HB_,XSARA Break N2,XM Y4,XSARA Coupe N0,XANTIA X1,AX ZA-_,ZX N2,BX XB-_,JUMPER Kasten 230L,XM Y3,JUMPER Bus 230P,ZX Break N2,XM Break Y4,JUMPER Pritsche\/Fahrgestell 230,BX Break XB-_,C15 VD-_,XM Break Y3,C15 Kombi,XSARA Kasten; PEUGEOT: 206 Schr\u00e4gheck 2A\/C,307 SW 3H,307 3A\/C,307 Break 3E,306 Schr\u00e4gheck 7A, 7C, N3, N5,306 Cabriolet 7D, N3, N5,1007 KM_,PARTNER Combispace 5F,106 I 1A, 1C,205 II 20A\/C,PARTNER Kasten 5,306 Break 7E, N3, N5,806 221,BOXER Kasten 230L,BOXER Kasten 244,306 7B, N3, N5,205 I Cabriolet 741B, 20D,309 II 3C, 3A,405 I 15B,BOXER Bus 244, Z_,BOXER Pritsche\/Fahrgestell ZCT_,605 6B,405 II 4B,309 I 10C, 10A,306 Van N_, 7_,405 II Break 4E,405 I Break 15E,305 II 581M,305 II Break 581E; RENAULT: CLIO II BB0\/1\/2_, CB0\/1\/2_,CLIO III BR0\/1, CR0\/1,SC\u00c9NIC II JM0\/1_,KANGOO KC0\/1_,TWINGO II CN0_,MODUS \/ GRAND MODUS F\/JP0_,LAGUNA II Grandtour KG0\/1_,MEGANE II Kombi KM0\/1_,SC\u00c9NIC I JA0\/1_,MEGANE II Coup\u00e9-Cabriolet EM0\/1_,MEGANE Scenic JA0\/1_,LAGUNA II BG0\/1_,MEGANE II BM0\/1_, CM0\/1_,MEGANE I BA0\/1_,KANGOO \/ GRAND KANGOO KW0\/1_,KANGOO Express FC0\/1_,CLIO Grandtour KR0\/1_,GRAND SC\u00c9NIC II JM0\/1_,MEGANE I Grandtour KA0\/1_,MEGANE I Cabriolet EA0\/1_,LAGUNA I B56_, 556_,CLIO I B\/C57_, 5\/357_,KANGOO Express FW0\/1_,MEGANE II Stufenheck LM0\/1_,MEGANE I Classic LA0\/1_,MEGANE I Coach DA0\/1_,CLIO II Kasten SB0\/1\/2_,19 II B\/C53_,RAPID Kasten F40_, G40_,19 I B\/C53_,SAFRANE I B54_,19 II Chamade L53_,25 B29_,19 I Chamade L53_,THALIA I LB0\/1\/2_,THALIA II LU1\/2_; 5962K7, 5962R5, 46521529, 46548478, 60512848, 7769243, 98079569BE, BP4718110, 0031591603, A0031591603, MS851352, 5962E3, 5962K7, 5962R5, 5962V5, 5962V9, 5962W4, 6001040356, 6001040357, 7439146775, 7700274154, 7700855463, 7700856342, 7700856910, 7700858444, 7700871617, 7701043624, 7701414139, 0948200426, 9091901149, 271427, 271636, 272366, 272368, 272371, 272372, 8642660, 8642661, 9146775, 9202064, 101000033AF, 101000041AD, 101000049AC, 101000060AA; Tulpat,Sytytystulppa<\/p>\n","protected":false},"excerpt":{"rendered":"<p>FEBI BILSTEIN Sytytystulpat 13521 Tulpat,Sytytystulppa VW,MAZDA,VOLVO,TOURAN 1T1, 1T2,PASSAT Variant 3B5,PASSAT 3B2,LT 28-46 II Kasten 2DA, 2DD, 2DH<\/p>\n","protected":false},"featured_media":0,"template":"","meta":{"site-sidebar-layout":"default","site-content-layout":"default","ast-global-header-display":"","ast-main-header-display":"","ast-hfb-above-header-display":"","ast-hfb-below-header-display":"","ast-hfb-mobile-header-display":"","site-post-title":"","ast-breadcrumbs-content":"","ast-featured-img":"","footer-sml-layout":"","theme-transparent-header-meta":"","adv-header-id-meta":"","stick-header-meta":"","header-above-stick-meta":"","header-main-stick-meta":"","header-below-stick-meta":""},"pwb-brand":[50],"product_cat":[165],"product_tag":[],"class_list":{"0":"post-24817","1":"product","2":"type-product","3":"status-publish","5":"pwb-brand-febi-bilstein","6":"product_cat-sytytystulpat","7":"desktop-align-left","8":"tablet-align-left","9":"mobile-align-left","11":"first","12":"instock","13":"product-type-external"},"brands":[{"id":50,"name":"FEBI BILSTEIN","slug":"febi-bilstein"}],"_links":{"self":[{"href":"https:\/\/www.autonvaraosahaku.fi\/index.php?rest_route=\/wp\/v2\/product\/24817","targetHints":{"allow":["GET"]}}],"collection":[{"href":"https:\/\/www.autonvaraosahaku.fi\/index.php?rest_route=\/wp\/v2\/product"}],"about":[{"href":"https:\/\/www.autonvaraosahaku.fi\/index.php?rest_route=\/wp\/v2\/types\/product"}],"wp:attachment":[{"href":"https:\/\/www.autonvaraosahaku.fi\/index.php?rest_route=%2Fwp%2Fv2%2Fmedia&parent=24817"}],"wp:term":[{"taxonomy":"pwb-brand","embeddable":true,"href":"https:\/\/www.autonvaraosahaku.fi\/index.php?rest_route=%2Fwp%2Fv2%2Fpwb-brand&post=24817"},{"taxonomy":"product_cat","embeddable":true,"href":"https:\/\/www.autonvaraosahaku.fi\/index.php?rest_route=%2Fwp%2Fv2%2Fproduct_cat&post=24817"},{"taxonomy":"product_tag","embeddable":true,"href":"https:\/\/www.autonvaraosahaku.fi\/index.php?rest_route=%2Fwp%2Fv2%2Fproduct_tag&post=24817"}],"curies":[{"name":"wp","href":"https:\/\/api.w.org\/{rel}","templated":true}]}}