{"id":24834,"date":"2021-02-21T14:55:38","date_gmt":"2021-02-21T14:55:38","guid":{"rendered":"https:\/\/www.autonvaraosahaku.fi\/?product=hella-5da-193-175-541-sytytyspuola"},"modified":"2021-02-21T14:55:41","modified_gmt":"2021-02-21T14:55:41","slug":"hella-5da-193-175-541-sytytyspuola","status":"publish","type":"product","link":"https:\/\/www.autonvaraosahaku.fi\/?product=hella-5da-193-175-541-sytytyspuola","title":{"rendered":"HELLA 5DA 193 175-541 Sytytyspuola"},"content":{"rendered":"<p>Asennusmalli: Poltti\/ruuvi; Kiinnitysreikien lukum\u00e4\u00e4r\u00e4: 4; Nimellisj\u00e4nnite (V): 12; Napojen m\u00e4\u00e4r\u00e4: 3; Sytytyspuola: COP-sytytyspuola (syt.tulpan p\u00e4\u00e4ll\u00e4); Valmistusvuoteen: 09\/1993; BMW: 3 E36,7 E38,3 Coupe E36,5 E34,3 Cabriolet E36,7 E32,8 E31,5 Touring E34; 1402440, 1720166, 1726176, 1742925, 1748394, 1777666, 7599218, 12131317585, 12131402440, 12131402713, 12131703359, 12131720166, 12131726176, 12131726177, 12131726178, 12131727108, 12131729842, 12131730765, 12131730766, 12131731134, 12131731884, 12131748394, 12131777666, 12137703359, 12139066468, 1703359, 1720166, 1720877, 1726176, 1726177, 1726178, 1730765, 1731178B, 1742925, 1748394, 1777666, 7599218, 9066468<\/p>\n","protected":false},"excerpt":{"rendered":"<p>HELLA Sytytyspuola 5DA 193 175-541  BMW,3 E36,7 E38,3 Coupe E36,5 E34,3 Cabriolet E36,7 E32,8 E31,5 Touring E34<\/p>\n","protected":false},"featured_media":0,"template":"","meta":{"site-sidebar-layout":"default","site-content-layout":"default","ast-global-header-display":"","ast-main-header-display":"","ast-hfb-above-header-display":"","ast-hfb-below-header-display":"","ast-hfb-mobile-header-display":"","site-post-title":"","ast-breadcrumbs-content":"","ast-featured-img":"","footer-sml-layout":"","theme-transparent-header-meta":"","adv-header-id-meta":"","stick-header-meta":"","header-above-stick-meta":"","header-main-stick-meta":"","header-below-stick-meta":""},"pwb-brand":[24],"product_cat":[25],"product_tag":[],"class_list":{"0":"post-24834","1":"product","2":"type-product","3":"status-publish","5":"pwb-brand-hella","6":"product_cat-sytytyspuola","7":"desktop-align-left","8":"tablet-align-left","9":"mobile-align-left","11":"first","12":"instock","13":"product-type-external"},"brands":[{"id":24,"name":"HELLA","slug":"hella"}],"_links":{"self":[{"href":"https:\/\/www.autonvaraosahaku.fi\/index.php?rest_route=\/wp\/v2\/product\/24834","targetHints":{"allow":["GET"]}}],"collection":[{"href":"https:\/\/www.autonvaraosahaku.fi\/index.php?rest_route=\/wp\/v2\/product"}],"about":[{"href":"https:\/\/www.autonvaraosahaku.fi\/index.php?rest_route=\/wp\/v2\/types\/product"}],"wp:attachment":[{"href":"https:\/\/www.autonvaraosahaku.fi\/index.php?rest_route=%2Fwp%2Fv2%2Fmedia&parent=24834"}],"wp:term":[{"taxonomy":"pwb-brand","embeddable":true,"href":"https:\/\/www.autonvaraosahaku.fi\/index.php?rest_route=%2Fwp%2Fv2%2Fpwb-brand&post=24834"},{"taxonomy":"product_cat","embeddable":true,"href":"https:\/\/www.autonvaraosahaku.fi\/index.php?rest_route=%2Fwp%2Fv2%2Fproduct_cat&post=24834"},{"taxonomy":"product_tag","embeddable":true,"href":"https:\/\/www.autonvaraosahaku.fi\/index.php?rest_route=%2Fwp%2Fv2%2Fproduct_tag&post=24834"}],"curies":[{"name":"wp","href":"https:\/\/api.w.org\/{rel}","templated":true}]}}