{"id":24840,"date":"2021-02-21T14:55:43","date_gmt":"2021-02-21T14:55:43","guid":{"rendered":"https:\/\/www.autonvaraosahaku.fi\/?product=ridex-3926a0129-ilmamassamittari"},"modified":"2021-02-21T14:55:43","modified_gmt":"2021-02-21T14:55:43","slug":"ridex-3926a0129-ilmamassamittari","status":"publish","type":"product","link":"https:\/\/www.autonvaraosahaku.fi\/?product=ridex-3926a0129-ilmamassamittari","title":{"rendered":"RIDEX 3926A0129 Ilmamassamittari"},"content":{"rendered":"<p>Pituus (mm): 125; Kotelomalli: Kopalla; Ulostulon l\u00e4pimitta [mm]: 70; Sis\u00e4\u00e4ntulol\u00e4pimitta [mm]: 70; Napojen m\u00e4\u00e4r\u00e4: 4; J\u00e4nnite (V): 12; Pakokaasunormi: Euro 4 (D4); SUZUKI: SX4 EY, GY; CHEVROLET: CAPTIVA C100, C140,NUBIRA Kombi,LACETTI J200,NUBIRA Stufenheck; LANCIA: MUSA 350; OPEL: CORSA D,ASTRA H Caravan L35,ASTRA H L48,VECTRA C Caravan,ASTRA H GTC L08,SIGNUM,VECTRA C,VECTRA C GTS,ANTARA,ASTRA H TwinTop L67,COMBO Kasten\/Kombi,COMBO Tour,CORSA D Van,ASTRA H Stufenheck L69,ASTRA H Kasten L70; VOLVO: S80 I TS, XY; SAAB: 9-3 YS3F,9-5 Kombi YS3E,9-3 Kombi YS3F,9-5 YS3E,9-3 Cabriolet YS3F; ALFA ROMEO: 159 Sportwagon 939,156 Sportwagon 932,156 932,159 939; FIAT: GRANDE PUNTO 199,DOBLO Cargo 223,DOBLO 119,CROMA 194,IDEA,SEDICI; VAUXHALL: CORSA Mk III D L_8,ASTRA Mk V H CC,VECTRA Mk II C CC,ASTRA Mk V H Estate,VECTRA Mk II C Estate,ASTRA Mk V H Convertible,VECTRA Mk II C,ANTARA J26, H26,SIGNUM,CORSAVAN Mk III D,ASTRAVAN Mk V H,ASTRAVAN Mk IV G,COMBO Mk II C Kasten\/Kombi F25; 11140004, 55183651, 55350048, 11140004, 55183651, 55350048, 55350048, 93178243, 55350048, 93178243, 55350048, 93178243, 55350048, 93178243, 11140004, 55183651, 55350048, 11140004, 55183651, 55350048, 11140004, 55183651, 55350048, 11140004, 55183651, 55350048, 55350048, 55350048, 55350048, 93178243, 55350048, 93178243, 55350048, 55350048, 1380079J50, 1380079J50000, 13800T7950001; Ilmam\u00e4\u00e4r\u00e4mittari,MAF Anturi<\/p>\n","protected":false},"excerpt":{"rendered":"<p>RIDEX Ilmamassamittari 3926A0129 Ilmam\u00e4\u00e4r\u00e4mittari,MAF Anturi SUZUKI,CHEVROLET,LANCIA,SX4 EY, GY,CAPTIVA C100, C140,NUBIRA Kombi,LACETTI J200<\/p>\n","protected":false},"featured_media":0,"template":"","meta":{"site-sidebar-layout":"default","site-content-layout":"default","ast-global-header-display":"","ast-main-header-display":"","ast-hfb-above-header-display":"","ast-hfb-below-header-display":"","ast-hfb-mobile-header-display":"","site-post-title":"","ast-breadcrumbs-content":"","ast-featured-img":"","footer-sml-layout":"","theme-transparent-header-meta":"","adv-header-id-meta":"","stick-header-meta":"","header-above-stick-meta":"","header-main-stick-meta":"","header-below-stick-meta":""},"pwb-brand":[157],"product_cat":[270],"product_tag":[],"class_list":{"0":"post-24840","1":"product","2":"type-product","3":"status-publish","5":"pwb-brand-ridex","6":"product_cat-ilmamassamittari","7":"desktop-align-left","8":"tablet-align-left","9":"mobile-align-left","11":"first","12":"instock","13":"product-type-external"},"brands":[{"id":157,"name":"RIDEX","slug":"ridex"}],"_links":{"self":[{"href":"https:\/\/www.autonvaraosahaku.fi\/index.php?rest_route=\/wp\/v2\/product\/24840","targetHints":{"allow":["GET"]}}],"collection":[{"href":"https:\/\/www.autonvaraosahaku.fi\/index.php?rest_route=\/wp\/v2\/product"}],"about":[{"href":"https:\/\/www.autonvaraosahaku.fi\/index.php?rest_route=\/wp\/v2\/types\/product"}],"wp:attachment":[{"href":"https:\/\/www.autonvaraosahaku.fi\/index.php?rest_route=%2Fwp%2Fv2%2Fmedia&parent=24840"}],"wp:term":[{"taxonomy":"pwb-brand","embeddable":true,"href":"https:\/\/www.autonvaraosahaku.fi\/index.php?rest_route=%2Fwp%2Fv2%2Fpwb-brand&post=24840"},{"taxonomy":"product_cat","embeddable":true,"href":"https:\/\/www.autonvaraosahaku.fi\/index.php?rest_route=%2Fwp%2Fv2%2Fproduct_cat&post=24840"},{"taxonomy":"product_tag","embeddable":true,"href":"https:\/\/www.autonvaraosahaku.fi\/index.php?rest_route=%2Fwp%2Fv2%2Fproduct_tag&post=24840"}],"curies":[{"name":"wp","href":"https:\/\/api.w.org\/{rel}","templated":true}]}}