{"id":24842,"date":"2021-02-21T14:55:43","date_gmt":"2021-02-21T14:55:43","guid":{"rendered":"https:\/\/www.autonvaraosahaku.fi\/?product=beru-z73-sytytystulpat"},"modified":"2021-02-21T14:55:43","modified_gmt":"2021-02-21T14:55:43","slug":"beru-z73-sytytystulpat","status":"publish","type":"product","link":"https:\/\/www.autonvaraosahaku.fi\/?product=beru-z73-sytytystulpat","title":{"rendered":"BERU Z73 Sytytystulpat"},"content":{"rendered":"<p>K\u00e4rkiv\u00e4li (mm): 1,1; Liittimet: SAE; Kierremitta: M14x1,25; Avainv\u00e4li: 16 mm; Sytytystulppa: 1-maaelektroodi, suoralla istukalla; Kierteen pituus (mm): 19; Teknisten tietojen numero: 14 FR-8 DUX; Itsepalvelupakattu, katso osaluettelo: ; Kiristysmomentti > [Nm]: 20; Kiristysmomentti enint\u00e4\u00e4n [Nm]: 30; Tuotelinja: ULTRA; Valmistusvuosi alkaen: 08\/1991; TOYOTA: CAMRY _V2_,CAMRY Station Wagon _V2_; HYUNDAI: i30 FD,GETZ TB,i10 PA,TUCSON JM,i30 CW FD,MATRIX FC,COUPE GK,ATOS MX,TRAJET FO,SONATA V NF,ACCENT II LC,COUPE RD,ACCENT III MC,ELANTRA XD,ACCENT III Stufenheck MC,ELANTRA Stufenheck XD,ACCENT I X-3,ACCENT II Stufenheck LC,LANTRA II Wagon J-2,LANTRA II J-2,ACCENT Stufenheck X-3,GALLOPER I,S COUPE SLC,TIBURON Coupe,ELANTRA Stufenheck HD,ACCENT IV Stufenheck RB; NISSAN: MICRA II K11,ALMERA TINO V10,ALMERA II Hatchback N16,PRIMERA P11,PRIMERA Hatchback P11,PATHFINDER R50,ALMERA Mk II N16,300 ZX Z31,BLUEBIRD T72 , T12,BLUEBIRD Hatchback T72, T12,BLUEBIRD Station Wagon WU11,PRAIRIE PRO M11,BLUEBIRD U11; MAZDA: 3 BK,MX-5 II NB,323 F VI BJ,3 BL,3 Stufenheck BK,323 P V BA,3 Stufenheck BL,MX-3 EC,FAMILIA VI BJ,XEDOS 6 CA,XEDOS 9 TA; KIA: PICANTO BA,CEE&#8217;D SW ED,CEE&#8217;D Schr\u00e4gheck ED,SPORTAGE JE_, KM_,CARENS II FJ,RIO II JB,CARENS III UN,PRO CEE&#8217;D ED,CERATO LD,MAGENTIS MG,CERATO Stufenheck LD,RIO II Stufenheck JB,PRIDE DA,CLARUS K9A,CLARUS Kombi GC; MITSUBISHI: SPACE STAR DG_A,L 300 Bus P0_W, P1_W, P2_W,ECLIPSE II D3_A,L 400 \/ SPACE GEAR Bus PD_W, PC_W, PA_V, PB_V,LANCER VI CJ-CP_,LANCER V CB\/D_A; SUBARU: FORESTER SG,FORESTER SF; JEEP: GRAND CHEROKEE I ZJ; CHRYSLER: VOYAGER III GS,STRATUS JA; DAIHATSU: CUORE VI L7_; 1881411051, 1882311101, BP0118110, 2240101P15; Tulpat,Sytytystulppa<\/p>\n","protected":false},"excerpt":{"rendered":"<p>BERU Sytytystulpat Z73 Tulpat,Sytytystulppa TOYOTA,HYUNDAI,NISSAN,CAMRY _V2_,CAMRY Station Wagon _V2_,i30 FD,GETZ TB,i10 PA,TUCSON JM,i30 CW FD<\/p>\n","protected":false},"featured_media":0,"template":"","meta":{"site-sidebar-layout":"default","site-content-layout":"default","ast-global-header-display":"","ast-main-header-display":"","ast-hfb-above-header-display":"","ast-hfb-below-header-display":"","ast-hfb-mobile-header-display":"","site-post-title":"","ast-breadcrumbs-content":"","ast-featured-img":"","footer-sml-layout":"","theme-transparent-header-meta":"","adv-header-id-meta":"","stick-header-meta":"","header-above-stick-meta":"","header-main-stick-meta":"","header-below-stick-meta":""},"pwb-brand":[327],"product_cat":[165],"product_tag":[],"class_list":{"0":"post-24842","1":"product","2":"type-product","3":"status-publish","5":"pwb-brand-beru","6":"product_cat-sytytystulpat","7":"desktop-align-left","8":"tablet-align-left","9":"mobile-align-left","11":"first","12":"instock","13":"product-type-external"},"brands":[{"id":327,"name":"BERU","slug":"beru"}],"_links":{"self":[{"href":"https:\/\/www.autonvaraosahaku.fi\/index.php?rest_route=\/wp\/v2\/product\/24842","targetHints":{"allow":["GET"]}}],"collection":[{"href":"https:\/\/www.autonvaraosahaku.fi\/index.php?rest_route=\/wp\/v2\/product"}],"about":[{"href":"https:\/\/www.autonvaraosahaku.fi\/index.php?rest_route=\/wp\/v2\/types\/product"}],"wp:attachment":[{"href":"https:\/\/www.autonvaraosahaku.fi\/index.php?rest_route=%2Fwp%2Fv2%2Fmedia&parent=24842"}],"wp:term":[{"taxonomy":"pwb-brand","embeddable":true,"href":"https:\/\/www.autonvaraosahaku.fi\/index.php?rest_route=%2Fwp%2Fv2%2Fpwb-brand&post=24842"},{"taxonomy":"product_cat","embeddable":true,"href":"https:\/\/www.autonvaraosahaku.fi\/index.php?rest_route=%2Fwp%2Fv2%2Fproduct_cat&post=24842"},{"taxonomy":"product_tag","embeddable":true,"href":"https:\/\/www.autonvaraosahaku.fi\/index.php?rest_route=%2Fwp%2Fv2%2Fproduct_tag&post=24842"}],"curies":[{"name":"wp","href":"https:\/\/api.w.org\/{rel}","templated":true}]}}