{"id":24848,"date":"2021-02-21T14:55:43","date_gmt":"2021-02-21T14:55:43","guid":{"rendered":"https:\/\/www.autonvaraosahaku.fi\/?product=topran-400-600-jousijalan-tukilaakeri"},"modified":"2021-02-21T14:55:44","modified_gmt":"2021-02-21T14:55:44","slug":"topran-400-600-jousijalan-tukilaakeri","status":"publish","type":"product","link":"https:\/\/www.autonvaraosahaku.fi\/?product=topran-400-600-jousijalan-tukilaakeri","title":{"rendered":"TOPRAN 400 600 Jousijalan tukilaakeri"},"content":{"rendered":"<p>Asennuspuoli: etuakseli molemminpuoleinen; Korvaava tuote\/korvaava tiedote 2: Vierint\u00e4laakerilla; Lukum\u00e4\u00e4r\u00e4 akselille: 2; Kiinnitysmalli: Kumimetallilaakeri; Vaihdettava pareittain: ; Alustarakenne: f\u00fcr Fahrzeuge mit Standard Fahrwerk; MERCEDES-BENZ: A-CLASS W168; 1683200373, A1683200373; Iskarin Yl\u00e4p\u00e4\u00e4,Iskunvaimentimen Yl\u00e4p\u00e4\u00e4<\/p>\n","protected":false},"excerpt":{"rendered":"<p>TOPRAN Jousijalan Tukilaakeri 400 600 Iskarin Yl\u00e4p\u00e4\u00e4,Iskunvaimentimen Yl\u00e4p\u00e4\u00e4 MERCEDES-BENZ,A-CLASS W168<\/p>\n","protected":false},"featured_media":0,"template":"","meta":{"site-sidebar-layout":"default","site-content-layout":"default","ast-global-header-display":"","ast-main-header-display":"","ast-hfb-above-header-display":"","ast-hfb-below-header-display":"","ast-hfb-mobile-header-display":"","site-post-title":"","ast-breadcrumbs-content":"","ast-featured-img":"","footer-sml-layout":"","theme-transparent-header-meta":"","adv-header-id-meta":"","stick-header-meta":"","header-above-stick-meta":"","header-main-stick-meta":"","header-below-stick-meta":""},"pwb-brand":[18],"product_cat":[45],"product_tag":[],"class_list":{"0":"post-24848","1":"product","2":"type-product","3":"status-publish","5":"pwb-brand-topran","6":"product_cat-jousijalan-tukilaakeri","7":"desktop-align-left","8":"tablet-align-left","9":"mobile-align-left","11":"first","12":"instock","13":"product-type-external"},"brands":[{"id":18,"name":"TOPRAN","slug":"topran"}],"_links":{"self":[{"href":"https:\/\/www.autonvaraosahaku.fi\/index.php?rest_route=\/wp\/v2\/product\/24848","targetHints":{"allow":["GET"]}}],"collection":[{"href":"https:\/\/www.autonvaraosahaku.fi\/index.php?rest_route=\/wp\/v2\/product"}],"about":[{"href":"https:\/\/www.autonvaraosahaku.fi\/index.php?rest_route=\/wp\/v2\/types\/product"}],"wp:attachment":[{"href":"https:\/\/www.autonvaraosahaku.fi\/index.php?rest_route=%2Fwp%2Fv2%2Fmedia&parent=24848"}],"wp:term":[{"taxonomy":"pwb-brand","embeddable":true,"href":"https:\/\/www.autonvaraosahaku.fi\/index.php?rest_route=%2Fwp%2Fv2%2Fpwb-brand&post=24848"},{"taxonomy":"product_cat","embeddable":true,"href":"https:\/\/www.autonvaraosahaku.fi\/index.php?rest_route=%2Fwp%2Fv2%2Fproduct_cat&post=24848"},{"taxonomy":"product_tag","embeddable":true,"href":"https:\/\/www.autonvaraosahaku.fi\/index.php?rest_route=%2Fwp%2Fv2%2Fproduct_tag&post=24848"}],"curies":[{"name":"wp","href":"https:\/\/api.w.org\/{rel}","templated":true}]}}