{"id":24849,"date":"2021-02-21T14:55:43","date_gmt":"2021-02-21T14:55:43","guid":{"rendered":"https:\/\/www.autonvaraosahaku.fi\/?product=japanparts-fo-eco095-oljynsuodatin"},"modified":"2021-02-21T14:55:44","modified_gmt":"2021-02-21T14:55:44","slug":"japanparts-fo-eco095-oljynsuodatin","status":"publish","type":"product","link":"https:\/\/www.autonvaraosahaku.fi\/?product=japanparts-fo-eco095-oljynsuodatin","title":{"rendered":"JAPANPARTS FO-ECO095 \u00d6ljynsuodatin"},"content":{"rendered":"<p>Suodatintyyppi: Suodatinpanos; Kokonaispituus (mm): 105; Ulkol\u00e4pimitta [mm]: 65,7; Sis\u00e4l\u00e4pimitta [mm]: 41; Sis\u00e4l\u00e4pimitta 1 [mm]: 18; Asennusl\u00e4pimitta [mm]: 48,5; Asennusl\u00e4pimitta 1\/ Asennusl\u00e4pimitta 2: 25; Valmistusvuosi alkaen: 03\/2008; OPEL: CORSA D,ASTRA J Sports Tourer,INSIGNIA Caravan,ASTRA J,MERIVA B,ZAFIRA TOURER C P12,INSIGNIA,INSIGNIA Stufenheck,ASTRA GTC J,CORSA D Van,CASCADA W13; FIAT: PANDA 169,500 312,BRAVO II 198,PUNTO EVO 199,500 C 312,DOBLO Kasten\/Kombi 263,PANDA Van 169,SEDICI,500L,DOBLO Gro\u00dfraumlimousine 152, 263,LINEA 323; SUZUKI: SWIFT IV FZ, NZ,SX4 EY, GY; CHEVROLET: AVEO Schr\u00e4gheck T300,AVEO Stufenheck T300,MALIBU V300; ALFA ROMEO: 159 Sportwagon 939,GIULIETTA 940,MITO 955,159 939,BRERA; SAAB: 9-5 YS3G,9-3X; LANCIA: DELTA III 844,MUSA 350; PIAGGIO: PORTER Kasten; VAUXHALL: CORSA Mk III D L_8,INSIGNIA Mk I A,INSIGNIA Mk I A Estate,ASTRA Mk VI J,INSIGNIA Mk I A Sedan,MERIVA Mk II B,ASTRA Mk VI J Estate; 71777096, 71777125, 71765646, 55565960, 55577033, 95517794, EC93195862, 55206816, 55207208, 55214974, 55238284, 6000626024, 71751114, 71751127, 71751128, 71770689, 71773840, 00650017, 00650061, 00860134, 0650017, 0650061, 0860134, 55565960, 55577033, 650017, 650061, 650221, 860134, 93191747, 95528278, B011392, 55565960, 55577033, 93167122, 1651068L10, 1651079J60, 16510M68L10, 55206816, 71751114, 93195862, 55565960, 55577033, 93195862<\/p>\n","protected":false},"excerpt":{"rendered":"<p>JAPANPARTS \u00d6ljynsuodatin FO-ECO095  OPEL,FIAT,SUZUKI,CORSA D,ASTRA J Sports Tourer,INSIGNIA Caravan,ASTRA J,MERIVA B,ZAFIRA TOURER C P12,INSIGNIA<\/p>\n","protected":false},"featured_media":0,"template":"","meta":{"site-sidebar-layout":"default","site-content-layout":"default","ast-global-header-display":"","ast-main-header-display":"","ast-hfb-above-header-display":"","ast-hfb-below-header-display":"","ast-hfb-mobile-header-display":"","site-post-title":"","ast-breadcrumbs-content":"","ast-featured-img":"","footer-sml-layout":"","theme-transparent-header-meta":"","adv-header-id-meta":"","stick-header-meta":"","header-above-stick-meta":"","header-main-stick-meta":"","header-below-stick-meta":""},"pwb-brand":[334],"product_cat":[30],"product_tag":[],"class_list":{"0":"post-24849","1":"product","2":"type-product","3":"status-publish","5":"pwb-brand-japanparts","6":"product_cat-oljynsuodatin","7":"desktop-align-left","8":"tablet-align-left","9":"mobile-align-left","11":"first","12":"instock","13":"product-type-external"},"brands":[{"id":334,"name":"JAPANPARTS","slug":"japanparts"}],"_links":{"self":[{"href":"https:\/\/www.autonvaraosahaku.fi\/index.php?rest_route=\/wp\/v2\/product\/24849","targetHints":{"allow":["GET"]}}],"collection":[{"href":"https:\/\/www.autonvaraosahaku.fi\/index.php?rest_route=\/wp\/v2\/product"}],"about":[{"href":"https:\/\/www.autonvaraosahaku.fi\/index.php?rest_route=\/wp\/v2\/types\/product"}],"wp:attachment":[{"href":"https:\/\/www.autonvaraosahaku.fi\/index.php?rest_route=%2Fwp%2Fv2%2Fmedia&parent=24849"}],"wp:term":[{"taxonomy":"pwb-brand","embeddable":true,"href":"https:\/\/www.autonvaraosahaku.fi\/index.php?rest_route=%2Fwp%2Fv2%2Fpwb-brand&post=24849"},{"taxonomy":"product_cat","embeddable":true,"href":"https:\/\/www.autonvaraosahaku.fi\/index.php?rest_route=%2Fwp%2Fv2%2Fproduct_cat&post=24849"},{"taxonomy":"product_tag","embeddable":true,"href":"https:\/\/www.autonvaraosahaku.fi\/index.php?rest_route=%2Fwp%2Fv2%2Fproduct_tag&post=24849"}],"curies":[{"name":"wp","href":"https:\/\/api.w.org\/{rel}","templated":true}]}}